{"id":2547,"date":"2023-12-07T15:10:50","date_gmt":"2023-12-07T15:10:50","guid":{"rendered":"https:\/\/uk-gb.net\/familievisum-til-storbritannien\/"},"modified":"2026-01-06T14:24:34","modified_gmt":"2026-01-06T14:24:34","slug":"familievisum-til-storbritannien","status":"publish","type":"page","link":"https:\/\/uk-gb.net\/da\/familievisum-til-storbritannien\/","title":{"rendered":"Familievisum til Storbritannien"},"content":{"rendered":"\n<h1 class=\"wp-block-heading\">Familievisum til rejser til Storbritannien<\/h1>\n\n<p>Det britiske familievisum giver en udenlandsk statsborger mulighed for at slutte sig til et familiemedlem, der bor lovligt i Storbritannien. Dette visum g\u00e6lder for \u00e6gtef\u00e6ller, b\u00f8rn, for\u00e6ldre og andre n\u00e6re familiemedlemmer. Her er en komplet guide til betingelser, procedurer og typer af familievisum, der er tilg\u00e6ngelige for at komme til Storbritannien.  <\/p>\n\n<p><strong>For korte ophold <\/strong>: Det er ikke n\u00f8dvendigt at f\u00e5 et visum; du skal blot udfylde <a href=\"https:\/\/uk-gb.net\/da\/online-formular-eta-visum-england\/\">ETA-formularen online.<\/a><\/p>\n\n<div style=\"height:10px\" aria-hidden=\"true\" class=\"wp-block-spacer\"><\/div>\n\n<h2 class=\"wp-block-heading\">Hvem kan ans\u00f8ge om et familievisum til Storbritannien?<\/h2>\n\n<p>Familievisummet g\u00e6lder i flere situationer. Du kan ans\u00f8ge om et, hvis du \u00f8nsker at : <\/p>\n\n<ul class=\"wp-block-list\">\n<li>Sammen med din \u00e6gtef\u00e6lle eller registrerede partner, der bor i Storbritannien ;<\/li>\n\n\n\n<li>Bor sammen med en britisk for\u00e6lder eller et britisk barn eller er lovligt bosiddende i Storbritannien;<\/li>\n\n\n\n<li>G\u00e5 sammen med en ugift partner, hvis du har v\u00e6ret i et stabilt forhold i mindst 2 \u00e5r;<\/li>\n\n\n\n<li>Ledsage et familiemedlem, der har flygtningestatus eller humanit\u00e6r beskyttelse i Storbritannien.<\/li>\n<\/ul>\n\n<p>Det familiemedlem, du slutter dig til, skal som regel v\u00e6re britisk statsborger, have permanent opholdstilladelse (ILR) eller have flygtningestatus.<\/p>\n\n<div style=\"height:10px\" aria-hidden=\"true\" class=\"wp-block-spacer\"><\/div>\n\n<p>Siden 2024 har Storbritannien implementeret det britiske <a href=\"https:\/\/uk-gb.net\/da\/eta-england-forenede-kongerige\/\">ETA-system<\/a>. Kvalificerede udenlandske rejsende kan nu rejse <a href=\"https:\/\/uk-gb.net\/da\/forskellige-typer-britisk-visum\/\">visumfrit til Storbritannien.<\/a><\/p>\n\n<p><strong>For at lave en online ETA-anmodning<\/strong> skal du blot udfylde <a href=\"https:\/\/uk-gb.net\/da\/online-formular-eta-visum-england\/\">online ETA-formularen<\/a>.<\/p>\n\n<div style=\"height:10px\" aria-hidden=\"true\" class=\"wp-block-spacer\"><\/div>\n\n<h2 class=\"wp-block-heading\">Kvalifikationskriterier for familievisum<\/h2>\n\n<p>For at v\u00e6re berettiget til et <a href=\"https:\/\/www.gov.uk\/uk-family-visa\">britisk familievisum<\/a> skal du som minimum opfylde f\u00f8lgende betingelser:<\/p>\n\n<ul class=\"wp-block-list\">\n<li>V\u00e6re i et \u00e6gte og anerkendt forhold til en britisk statsborger eller en person med permanent opholdstilladelse.<\/li>\n\n\n\n<li>Bevis, at du har tilstr\u00e6kkelige \u00f8konomiske ressourcer til at opfylde dine behov uden brug af offentlige midler.<\/li>\n\n\n\n<li>Tilstr\u00e6kkeligt kendskab til engelsk.<\/li>\n\n\n\n<li>Freml\u00e6g bevis for bolig i England.<\/li>\n<\/ul>\n\n<div style=\"height:10px\" aria-hidden=\"true\" class=\"wp-block-spacer\"><\/div>\n\n<h2 class=\"wp-block-heading\">Skridt til at ans\u00f8ge om et familievisum<\/h2>\n\n<ol class=\"wp-block-list\">\n<li>Udfyld den <a href=\"https:\/\/uk-gb.net\/da\/uk-visumansogningsprocedure\/\">online visumans\u00f8gningsformular<\/a> p\u00e5 den britiske regerings hjemmeside.<\/li>\n\n\n\n<li>Forbered alle de n\u00f8dvendige dokumenter, herunder bevis p\u00e5 forhold, \u00f8konomisk dokumentation og sprogtestresultater.<\/li>\n\n\n\n<li>Indsend ans\u00f8gningen online, og betal det g\u00e6ldende <a href=\"https:\/\/uk-gb.net\/da\/hvor-meget-koster-et-visum-england\/\">visumgebyr<\/a>.<\/li>\n\n\n\n<li>Lav en aftale med et visumans\u00f8gningscenter for at afgive dine fingeraftryk og et foto.<\/li>\n<\/ol>\n\n<div style=\"height:10px\" aria-hidden=\"true\" class=\"wp-block-spacer\"><\/div>\n\n<p>Det kan tage flere uger, f\u00f8r visumans\u00f8gningen bliver behandlet, og der bliver truffet en afg\u00f8relse.<\/p>\n\n<h2 class=\"wp-block-heading\">Dokumenter, der skal medbringes ved ans\u00f8gning om visum<\/h2>\n\n<p>De dokumenter, der som minimum kr\u00e6ves til en familievisumans\u00f8gning, er :<\/p>\n\n<ul class=\"wp-block-list\">\n<li>Et gyldigt pas.<\/li>\n\n\n\n<li>Bevis for relation (vielsesattest, f\u00f8dselsattest osv.).<\/li>\n\n\n\n<li>Bevis for \u00f8konomiske ressourcer (kontoudtog, breve fra arbejdsgiver).<\/li>\n\n\n\n<li>Engelsk sprogtest (hvis relevant).<\/li>\n\n\n\n<li>Bevis for indkvartering i England.<\/li>\n<\/ul>\n","protected":false},"excerpt":{"rendered":"<p>Familievisum til rejser til Storbritannien Det britiske familievisum giver en udenlandsk statsborger mulighed for at slutte sig til et familiemedlem, der bor lovligt i Storbritannien. Dette visum g\u00e6lder for \u00e6gtef\u00e6ller, b\u00f8rn, for\u00e6ldre og andre n\u00e6re familiemedlemmer. Her er en komplet guide til betingelser, procedurer og typer af familievisum, der er tilg\u00e6ngelige for at komme til [&hellip;]<\/p>\n","protected":false},"author":1,"featured_media":0,"parent":0,"menu_order":0,"comment_status":"closed","ping_status":"closed","template":"","meta":{"footnotes":""},"class_list":["post-2547","page","type-page","status-publish","hentry"],"yoast_head":"<!-- This site is optimized with the Yoast SEO plugin v27.3 - https:\/\/yoast.com\/product\/yoast-seo-wordpress\/ -->\n<title>Familievisum til Storbritannien - UK GB<\/title>\n<meta name=\"description\" content=\"F\u00e5 et familievisum til at opholde sig i England og Storbritannien i den periode, hvor du har f\u00e5et visum.\" \/>\n<meta name=\"robots\" content=\"index, follow, max-snippet:-1, max-image-preview:large, max-video-preview:-1\" \/>\n<link rel=\"canonical\" href=\"https:\/\/uk-gb.net\/da\/familievisum-til-storbritannien\/\" \/>\n<meta property=\"og:locale\" content=\"da_DK\" \/>\n<meta property=\"og:type\" content=\"article\" \/>\n<meta property=\"og:title\" content=\"Familievisum til Storbritannien - UK GB\" \/>\n<meta property=\"og:description\" content=\"F\u00e5 et familievisum til at opholde sig i England og Storbritannien i den periode, hvor du har f\u00e5et visum.\" \/>\n<meta property=\"og:url\" content=\"https:\/\/uk-gb.net\/da\/familievisum-til-storbritannien\/\" \/>\n<meta property=\"og:site_name\" content=\"UK GB\" \/>\n<meta property=\"article:modified_time\" content=\"2026-01-06T14:24:34+00:00\" \/>\n<meta name=\"twitter:card\" content=\"summary_large_image\" \/>\n<meta name=\"twitter:label1\" content=\"Estimeret l\u00e6setid\" \/>\n\t<meta name=\"twitter:data1\" content=\"2 minutter\" \/>\n<script type=\"application\/ld+json\" class=\"yoast-schema-graph\">{\"@context\":\"https:\\\/\\\/schema.org\",\"@graph\":[{\"@type\":\"WebPage\",\"@id\":\"https:\\\/\\\/uk-gb.net\\\/da\\\/familievisum-til-storbritannien\\\/\",\"url\":\"https:\\\/\\\/uk-gb.net\\\/da\\\/familievisum-til-storbritannien\\\/\",\"name\":\"Familievisum til Storbritannien - UK GB\",\"isPartOf\":{\"@id\":\"https:\\\/\\\/uk-gb.net\\\/da\\\/#website\"},\"datePublished\":\"2023-12-07T15:10:50+00:00\",\"dateModified\":\"2026-01-06T14:24:34+00:00\",\"description\":\"F\u00e5 et familievisum til at opholde sig i England og Storbritannien i den periode, hvor du har f\u00e5et visum.\",\"inLanguage\":\"da-DK\",\"potentialAction\":[{\"@type\":\"ReadAction\",\"target\":[\"https:\\\/\\\/uk-gb.net\\\/da\\\/familievisum-til-storbritannien\\\/\"]}]},{\"@type\":\"WebSite\",\"@id\":\"https:\\\/\\\/uk-gb.net\\\/da\\\/#website\",\"url\":\"https:\\\/\\\/uk-gb.net\\\/da\\\/\",\"name\":\"UK GB\",\"description\":\"Travel to the UK\",\"potentialAction\":[{\"@type\":\"SearchAction\",\"target\":{\"@type\":\"EntryPoint\",\"urlTemplate\":\"https:\\\/\\\/uk-gb.net\\\/da\\\/?s={search_term_string}\"},\"query-input\":{\"@type\":\"PropertyValueSpecification\",\"valueRequired\":true,\"valueName\":\"search_term_string\"}}],\"inLanguage\":\"da-DK\"}]}<\/script>\n<!-- \/ Yoast SEO plugin. -->","yoast_head_json":{"title":"Familievisum til Storbritannien - UK GB","description":"F\u00e5 et familievisum til at opholde sig i England og Storbritannien i den periode, hvor du har f\u00e5et visum.","robots":{"index":"index","follow":"follow","max-snippet":"max-snippet:-1","max-image-preview":"max-image-preview:large","max-video-preview":"max-video-preview:-1"},"canonical":"https:\/\/uk-gb.net\/da\/familievisum-til-storbritannien\/","og_locale":"da_DK","og_type":"article","og_title":"Familievisum til Storbritannien - UK GB","og_description":"F\u00e5 et familievisum til at opholde sig i England og Storbritannien i den periode, hvor du har f\u00e5et visum.","og_url":"https:\/\/uk-gb.net\/da\/familievisum-til-storbritannien\/","og_site_name":"UK GB","article_modified_time":"2026-01-06T14:24:34+00:00","twitter_card":"summary_large_image","twitter_misc":{"Estimeret l\u00e6setid":"2 minutter"},"schema":{"@context":"https:\/\/schema.org","@graph":[{"@type":"WebPage","@id":"https:\/\/uk-gb.net\/da\/familievisum-til-storbritannien\/","url":"https:\/\/uk-gb.net\/da\/familievisum-til-storbritannien\/","name":"Familievisum til Storbritannien - UK GB","isPartOf":{"@id":"https:\/\/uk-gb.net\/da\/#website"},"datePublished":"2023-12-07T15:10:50+00:00","dateModified":"2026-01-06T14:24:34+00:00","description":"F\u00e5 et familievisum til at opholde sig i England og Storbritannien i den periode, hvor du har f\u00e5et visum.","inLanguage":"da-DK","potentialAction":[{"@type":"ReadAction","target":["https:\/\/uk-gb.net\/da\/familievisum-til-storbritannien\/"]}]},{"@type":"WebSite","@id":"https:\/\/uk-gb.net\/da\/#website","url":"https:\/\/uk-gb.net\/da\/","name":"UK GB","description":"Travel to the UK","potentialAction":[{"@type":"SearchAction","target":{"@type":"EntryPoint","urlTemplate":"https:\/\/uk-gb.net\/da\/?s={search_term_string}"},"query-input":{"@type":"PropertyValueSpecification","valueRequired":true,"valueName":"search_term_string"}}],"inLanguage":"da-DK"}]}},"_links":{"self":[{"href":"https:\/\/uk-gb.net\/da\/wp-json\/wp\/v2\/pages\/2547","targetHints":{"allow":["GET"]}}],"collection":[{"href":"https:\/\/uk-gb.net\/da\/wp-json\/wp\/v2\/pages"}],"about":[{"href":"https:\/\/uk-gb.net\/da\/wp-json\/wp\/v2\/types\/page"}],"author":[{"embeddable":true,"href":"https:\/\/uk-gb.net\/da\/wp-json\/wp\/v2\/users\/1"}],"replies":[{"embeddable":true,"href":"https:\/\/uk-gb.net\/da\/wp-json\/wp\/v2\/comments?post=2547"}],"version-history":[{"count":0,"href":"https:\/\/uk-gb.net\/da\/wp-json\/wp\/v2\/pages\/2547\/revisions"}],"wp:attachment":[{"href":"https:\/\/uk-gb.net\/da\/wp-json\/wp\/v2\/media?parent=2547"}],"curies":[{"name":"wp","href":"https:\/\/api.w.org\/{rel}","templated":true}]}}