{"id":2545,"date":"2023-12-07T15:07:43","date_gmt":"2023-12-07T15:07:43","guid":{"rendered":"https:\/\/uk-gb.net\/uk-studerende-visum\/"},"modified":"2025-08-14T15:55:16","modified_gmt":"2025-08-14T14:55:16","slug":"uk-studerende-visum","status":"publish","type":"page","link":"https:\/\/uk-gb.net\/da\/uk-studerende-visum\/","title":{"rendered":"Studievisum til Storbritannien"},"content":{"rendered":"\n<h1 class=\"wp-block-heading\">Visum til at studere i Storbritannien<\/h1>\n\n<p>Det <strong>britiske studievisum<\/strong>, officielt kendt som <strong>Student visa<\/strong>, er obligatorisk for alle internationale studerende, der \u00f8nsker at studere i Storbritannien i mere end 6 m\u00e5neder. At studere i England, Skotland, Wales eller Nordirland giver dig mulighed for at studere p\u00e5 verdensber\u00f8mte universiteter som Oxford, Cambridge, Edinburgh eller UCL. <\/p>\n\n<p><strong>For et skoleophold p\u00e5 under 6 m\u00e5neder<\/strong>: Du beh\u00f8ver ikke at f\u00e5 et britisk studievisum; du skal blot ans\u00f8ge om en rejsetilladelse ved at udfylde <a href=\"https:\/\/uk-gb.net\/da\/online-formular-eta-visum-england\/\">ETA-formularen online<\/a>.<\/p>\n\n<div style=\"height:10px\" aria-hidden=\"true\" class=\"wp-block-spacer\"><\/div>\n\n<h2 class=\"wp-block-heading\">Hvem har brug for et studievisum til Storbritannien?<\/h2>\n\n<p>Du skal s\u00f8ge om et studievisum, hvis du :<\/p>\n\n<ul class=\"wp-block-list\">\n<li>Er 16 \u00e5r eller derover<\/li>\n\n\n\n<li>Er blevet optaget p\u00e5 en akkrediteret uddannelsesinstitution i Storbritannien<\/li>\n\n\n\n<li>\u00d8nsker at f\u00f8lge et <strong>studieprogram, der varer mere end 6 m\u00e5neder<\/strong><\/li>\n\n\n\n<li><strong>Ikke er britisk eller irsk statsborger<\/strong><\/li>\n\n\n\n<li>Er ikke berettiget til en <a href=\"https:\/\/uk-gb.net\/da\/eta-england-forenede-kongerige\/\">britisk ETA<\/a><\/li>\n<\/ul>\n\n<blockquote class=\"wp-block-quote is-layout-flow wp-block-quote-is-layout-flow\">\n<p>EU-borgere skal ogs\u00e5 ans\u00f8ge om et studievisum efter Storbritanniens udtr\u00e6den af EU.<\/p>\n<\/blockquote>\n\n<h2 class=\"wp-block-heading\">Betingelser for at f\u00e5 et britisk studievisum<\/h2>\n\n<p>For at din ans\u00f8gning kan blive accepteret, skal du :<\/p>\n\n<p>\u2705 Modtag en <strong>bekr\u00e6ftelse p\u00e5 accept af studier (CAS)<\/strong>, udstedt af dit universitet eller din institution<br\/>\u2705 Bevis, at du har et <strong>tilstr\u00e6kkeligt niveau af engelsk<\/strong> (generelt niveau B2 for videreg\u00e5ende uddannelse)<br\/>\u2705 Bevis, at du har tilstr\u00e6kkelige <strong>\u00f8konomiske ressourcer<\/strong> til at d\u00e6kke omkostningerne ved din undervisning, indkvartering og leveomkostninger p\u00e5 din destination<br\/>\u2705 Betal <strong>Immigration Health Surcharge<\/strong> for at drage fordel af NHS under dine studier<\/p>\n\n<div style=\"height:10px\" aria-hidden=\"true\" class=\"wp-block-spacer\"><\/div>\n\n<h2 class=\"wp-block-heading\">Studentervisummets gyldighedsperiode<\/h2>\n\n<p>Varigheden af visummet afh\u00e6nger af skoleprogrammets l\u00e6ngde:<\/p>\n\n<ul class=\"wp-block-list\">\n<li><strong>For kurser p\u00e5 6 til 11 m\u00e5neder<\/strong>: visum af tilsvarende varighed<\/li>\n\n\n\n<li><strong>Bachelor, kandidat eller ph.d.<\/strong>: uddannelsens varighed + 1 til 2 ekstra m\u00e5neder<\/li>\n\n\n\n<li>Mulighed for at forl\u00e6nge eller forny visummet i tilf\u00e6lde af yderligere studier eller skift af opholdssted<\/li>\n<\/ul>\n\n<p>Kandidater kan derefter ans\u00f8ge om et <strong>Graduate Visa<\/strong>, s\u00e5 de kan blive i op til 2 \u00e5r efter at have afsluttet deres studier (3 \u00e5r for en ph.d.).<\/p>\n\n<h2 class=\"wp-block-heading\">Hvad koster et studievisum til Storbritannien?<\/h2>\n\n<figure class=\"wp-block-table\"><table><tbody><tr><td>Studievisum (standard)<\/td><td>490 \u00a3<\/td><\/tr><tr><td>Till\u00e6g for indvandring og sundhed (IHS)<\/td><td>776 pr. \u00e5r (eller \u00a3388 for 6 m\u00e5neder)<\/td><\/tr><\/tbody><\/table><\/figure>\n\n<p><a href=\"https:\/\/uk-gb.net\/da\/hvor-meget-koster-et-visum-england\/\">Visumgebyret<\/a> betales online p\u00e5 ans\u00f8gningstidspunktet. Dette gebyr kan <strong>ikke refunderes<\/strong>, heller ikke i tilf\u00e6lde af afslag. <\/p>\n\n<h2 class=\"wp-block-heading\">S\u00e5dan ans\u00f8ger du om et studievisum<\/h2>\n\n<ol class=\"wp-block-list\">\n<li><strong>Modtag en CAS<\/strong> fra den valgte virksomhed<\/li>\n\n\n\n<li><strong>Opret en konto p\u00e5 gov.uk<\/strong> og udfyld ans\u00f8gningsskemaet<\/li>\n\n\n\n<li><strong>Betal visumgebyr + IHS<\/strong><\/li>\n\n\n\n<li><strong>Lav en aftale p\u00e5 et visumans\u00f8gningscenter<\/strong> for biometriske data<\/li>\n\n\n\n<li><strong>Indsendelse af<\/strong> st\u00f8ttedokumenter<\/li>\n\n\n\n<li>Venter p\u00e5 beslutningen<\/li>\n<\/ol>\n\n<blockquote class=\"wp-block-quote is-layout-flow wp-block-quote-is-layout-flow\">\n<p>N\u00e5r dit visum er godkendt, kan du <strong>arbejde op til 20 timer om ugen<\/strong> i kursusperioderne og p\u00e5 fuld tid i ferierne.<\/p>\n<\/blockquote>\n\n<h2 class=\"wp-block-heading\">Kan jeg studere i Storbritannien med en ETA og uden visum?<\/h2>\n\n<p>Ja, <strong>i nogle tilf\u00e6lde<\/strong> kan et skolebes\u00f8g i Storbritannien i et par m\u00e5neder gennemf\u00f8res med en <a href=\"https:\/\/uk-gb.net\/da\/eta-england-forenede-kongerige\/\">ETA til Storbritannien,<\/a> men det afh\u00e6nger af bes\u00f8gets n\u00f8jagtige karakter. Her er detaljerne: <\/p>\n\n<ul class=\"wp-block-list\">\n<li>Opholdet er <strong>mindre end 6 m\u00e5neder<\/strong><\/li>\n\n\n\n<li>Det er en <strong>skoleudveksling<\/strong> eller et <strong>ul\u00f8nnet<\/strong> program<\/li>\n\n\n\n<li>V\u00e6rtsinstitutionen er <strong>akkrediteret<\/strong> i Storbritannien<\/li>\n\n\n\n<li>Den studerende er statsborger i et <a href=\"https:\/\/uk-gb.net\/da\/lande-der-kan-ansoge-eta-uk\/\">ETA-berettiget land<\/a> (EU, Canada, Japan osv.).<\/li>\n\n\n\n<li>Programmet omfatter ikke <strong>arbejde, betalt praktik eller l\u00e6ngerevarende formel uddannelse.<\/strong><\/li>\n<\/ul>\n\n<blockquote class=\"wp-block-quote is-layout-flow wp-block-quote-is-layout-flow\">\n<p>Eksempel: En europ\u00e6isk studerende tager til en britisk skole i et semester som en del af et udvekslingsprogram \u2192 en ETA er alt, hvad der er brug for.<\/p>\n<\/blockquote>\n","protected":false},"excerpt":{"rendered":"<p>Visum til at studere i Storbritannien Det britiske studievisum, officielt kendt som Student visa, er obligatorisk for alle internationale studerende, der \u00f8nsker at studere i Storbritannien i mere end 6 m\u00e5neder. At studere i England, Skotland, Wales eller Nordirland giver dig mulighed for at studere p\u00e5 verdensber\u00f8mte universiteter som Oxford, Cambridge, Edinburgh eller UCL. For [&hellip;]<\/p>\n","protected":false},"author":1,"featured_media":0,"parent":0,"menu_order":0,"comment_status":"closed","ping_status":"closed","template":"","meta":{"footnotes":""},"class_list":["post-2545","page","type-page","status-publish","hentry"],"yoast_head":"<!-- This site is optimized with the Yoast SEO plugin v27.3 - https:\/\/yoast.com\/product\/yoast-seo-wordpress\/ -->\n<title>Studievisum til Storbritannien - UK GB<\/title>\n<meta name=\"description\" content=\"Her er de vigtigste oplysninger om studievisum til studier og ophold i Storbritannien som en del af dit studieforl\u00f8b\" \/>\n<meta name=\"robots\" content=\"index, follow, max-snippet:-1, max-image-preview:large, max-video-preview:-1\" \/>\n<link rel=\"canonical\" href=\"https:\/\/uk-gb.net\/da\/uk-studerende-visum\/\" \/>\n<meta property=\"og:locale\" content=\"da_DK\" \/>\n<meta property=\"og:type\" content=\"article\" \/>\n<meta property=\"og:title\" content=\"Studievisum til Storbritannien - UK GB\" \/>\n<meta property=\"og:description\" content=\"Her er de vigtigste oplysninger om studievisum til studier og ophold i Storbritannien som en del af dit studieforl\u00f8b\" \/>\n<meta property=\"og:url\" content=\"https:\/\/uk-gb.net\/da\/uk-studerende-visum\/\" \/>\n<meta property=\"og:site_name\" content=\"UK GB\" \/>\n<meta property=\"article:modified_time\" content=\"2025-08-14T14:55:16+00:00\" \/>\n<meta name=\"twitter:card\" content=\"summary_large_image\" \/>\n<meta name=\"twitter:label1\" content=\"Estimeret l\u00e6setid\" \/>\n\t<meta name=\"twitter:data1\" content=\"3 minutter\" \/>\n<script type=\"application\/ld+json\" class=\"yoast-schema-graph\">{\"@context\":\"https:\\\/\\\/schema.org\",\"@graph\":[{\"@type\":\"WebPage\",\"@id\":\"https:\\\/\\\/uk-gb.net\\\/da\\\/uk-studerende-visum\\\/\",\"url\":\"https:\\\/\\\/uk-gb.net\\\/da\\\/uk-studerende-visum\\\/\",\"name\":\"Studievisum til Storbritannien - UK GB\",\"isPartOf\":{\"@id\":\"https:\\\/\\\/uk-gb.net\\\/da\\\/#website\"},\"datePublished\":\"2023-12-07T15:07:43+00:00\",\"dateModified\":\"2025-08-14T14:55:16+00:00\",\"description\":\"Her er de vigtigste oplysninger om studievisum til studier og ophold i Storbritannien som en del af dit studieforl\u00f8b\",\"inLanguage\":\"da-DK\",\"potentialAction\":[{\"@type\":\"ReadAction\",\"target\":[\"https:\\\/\\\/uk-gb.net\\\/da\\\/uk-studerende-visum\\\/\"]}]},{\"@type\":\"WebSite\",\"@id\":\"https:\\\/\\\/uk-gb.net\\\/da\\\/#website\",\"url\":\"https:\\\/\\\/uk-gb.net\\\/da\\\/\",\"name\":\"UK GB\",\"description\":\"Travel to the UK\",\"potentialAction\":[{\"@type\":\"SearchAction\",\"target\":{\"@type\":\"EntryPoint\",\"urlTemplate\":\"https:\\\/\\\/uk-gb.net\\\/da\\\/?s={search_term_string}\"},\"query-input\":{\"@type\":\"PropertyValueSpecification\",\"valueRequired\":true,\"valueName\":\"search_term_string\"}}],\"inLanguage\":\"da-DK\"}]}<\/script>\n<!-- \/ Yoast SEO plugin. -->","yoast_head_json":{"title":"Studievisum til Storbritannien - UK GB","description":"Her er de vigtigste oplysninger om studievisum til studier og ophold i Storbritannien som en del af dit studieforl\u00f8b","robots":{"index":"index","follow":"follow","max-snippet":"max-snippet:-1","max-image-preview":"max-image-preview:large","max-video-preview":"max-video-preview:-1"},"canonical":"https:\/\/uk-gb.net\/da\/uk-studerende-visum\/","og_locale":"da_DK","og_type":"article","og_title":"Studievisum til Storbritannien - UK GB","og_description":"Her er de vigtigste oplysninger om studievisum til studier og ophold i Storbritannien som en del af dit studieforl\u00f8b","og_url":"https:\/\/uk-gb.net\/da\/uk-studerende-visum\/","og_site_name":"UK GB","article_modified_time":"2025-08-14T14:55:16+00:00","twitter_card":"summary_large_image","twitter_misc":{"Estimeret l\u00e6setid":"3 minutter"},"schema":{"@context":"https:\/\/schema.org","@graph":[{"@type":"WebPage","@id":"https:\/\/uk-gb.net\/da\/uk-studerende-visum\/","url":"https:\/\/uk-gb.net\/da\/uk-studerende-visum\/","name":"Studievisum til Storbritannien - UK GB","isPartOf":{"@id":"https:\/\/uk-gb.net\/da\/#website"},"datePublished":"2023-12-07T15:07:43+00:00","dateModified":"2025-08-14T14:55:16+00:00","description":"Her er de vigtigste oplysninger om studievisum til studier og ophold i Storbritannien som en del af dit studieforl\u00f8b","inLanguage":"da-DK","potentialAction":[{"@type":"ReadAction","target":["https:\/\/uk-gb.net\/da\/uk-studerende-visum\/"]}]},{"@type":"WebSite","@id":"https:\/\/uk-gb.net\/da\/#website","url":"https:\/\/uk-gb.net\/da\/","name":"UK GB","description":"Travel to the UK","potentialAction":[{"@type":"SearchAction","target":{"@type":"EntryPoint","urlTemplate":"https:\/\/uk-gb.net\/da\/?s={search_term_string}"},"query-input":{"@type":"PropertyValueSpecification","valueRequired":true,"valueName":"search_term_string"}}],"inLanguage":"da-DK"}]}},"_links":{"self":[{"href":"https:\/\/uk-gb.net\/da\/wp-json\/wp\/v2\/pages\/2545","targetHints":{"allow":["GET"]}}],"collection":[{"href":"https:\/\/uk-gb.net\/da\/wp-json\/wp\/v2\/pages"}],"about":[{"href":"https:\/\/uk-gb.net\/da\/wp-json\/wp\/v2\/types\/page"}],"author":[{"embeddable":true,"href":"https:\/\/uk-gb.net\/da\/wp-json\/wp\/v2\/users\/1"}],"replies":[{"embeddable":true,"href":"https:\/\/uk-gb.net\/da\/wp-json\/wp\/v2\/comments?post=2545"}],"version-history":[{"count":0,"href":"https:\/\/uk-gb.net\/da\/wp-json\/wp\/v2\/pages\/2545\/revisions"}],"wp:attachment":[{"href":"https:\/\/uk-gb.net\/da\/wp-json\/wp\/v2\/media?parent=2545"}],"curies":[{"name":"wp","href":"https:\/\/api.w.org\/{rel}","templated":true}]}}