{"id":2543,"date":"2023-12-07T16:39:43","date_gmt":"2023-12-07T16:39:43","guid":{"rendered":"https:\/\/uk-gb.net\/storbritannien-transitvisum\/"},"modified":"2025-08-14T15:54:40","modified_gmt":"2025-08-14T14:54:40","slug":"storbritannien-transitvisum","status":"publish","type":"page","link":"https:\/\/uk-gb.net\/da\/storbritannien-transitvisum\/","title":{"rendered":"Transitvisum til Storbritannien"},"content":{"rendered":"\n<h1 class=\"wp-block-heading\">Transitformaliteter i Storbritannien<\/h1>\n\n<p>Hvis du rejser til et tredjeland med en mellemlanding i Storbritannien, kan du f\u00e5 brug for et <strong>transitvisum<\/strong>. Denne type visum giver forbindende passagerer mulighed for at passere gennem en lufthavn eller skifte terminal uden at blive i Storbritannien. <\/p>\n\n<p><strong>Ved simpel transit gennem Storbritannien<\/strong> er det i de fleste tilf\u00e6lde ikke n\u00f8dvendigt at f\u00e5 et transitvisum. Du kan ans\u00f8ge om en elektronisk rejsetilladelse ved at udfylde <a href=\"https:\/\/uk-gb.net\/da\/online-formular-eta-visum-england\/\">ETA-formularen online<\/a>. <\/p>\n\n<div style=\"height:10px\" aria-hidden=\"true\" class=\"wp-block-spacer\"><\/div>\n\n<h2 class=\"wp-block-heading\">Hvad er et transitvisum til mellemlandinger i Storbritannien?<\/h2>\n\n<p>Det britiske transitvisum er et officielt dokument, der giver udenlandske statsborgere mulighed for at rejse gennem Storbritannien uden at opholde sig der permanent. Det er <strong>obligatorisk for visse passagerer<\/strong>, afh\u00e6ngigt af deres nationalitet, rejserute og transittype. <\/p>\n\n<h2 class=\"wp-block-heading\">De to typer transitvisum til Storbritannien<\/h2>\n\n<h3 class=\"wp-block-heading\">Visum til direkte transit p\u00e5 flysiden (DATV)<\/h3>\n\n<p>Dette visum er p\u00e5kr\u00e6vet, hvis du :<\/p>\n\n<ul class=\"wp-block-list\">\n<li>Ophold i den internationale zone i en britisk lufthavn<\/li>\n\n\n\n<li>G\u00e5 ikke gennem immigrationskontrollen<\/li>\n\n\n\n<li>Har et tilslutningsfly inden for 24 timer<\/li>\n\n\n\n<li>Ingen grund til at hente din bagage eller skifte lufthavn<\/li>\n<\/ul>\n\n<div style=\"height:10px\" aria-hidden=\"true\" class=\"wp-block-spacer\"><\/div>\n\n<h3 class=\"wp-block-heading\">Visum til bes\u00f8gende i transit<\/h3>\n\n<p>Dette visum er p\u00e5kr\u00e6vet, hvis du :<\/p>\n\n<ul class=\"wp-block-list\">\n<li>Behov for at forlade den internationale zone (skift af terminal, lufthavn, bagageudlevering &#8230;)<\/li>\n\n\n\n<li>Transit gennem Storbritannien i mindre end 48 timer<\/li>\n\n\n\n<li>\u00d8nsker at foretage et kort stopover (et hurtigt bes\u00f8g i byen mellem to flyvninger)<\/li>\n<\/ul>\n\n<div style=\"height:10px\" aria-hidden=\"true\" class=\"wp-block-spacer\"><\/div>\n\n<h2 class=\"wp-block-heading\">Hvor meget koster de forskellige transitvisa?<\/h2>\n\n<p>Gebyrer for transitvisum i Storbritannien varierer afh\u00e6ngigt af en r\u00e6kke faktorer, herunder hvor du bor, og hvilken type visum du ans\u00f8ger om. <a href=\"https:\/\/uk-gb.net\/da\/hvor-meget-koster-et-visum-england\/\">Visumgebyrer<\/a> og opholdets l\u00e6ngde er : <\/p>\n\n<figure class=\"wp-block-table\"><table><tbody><tr><td class=\"has-text-align-center\" data-align=\"center\"><strong>Type af britisk transitvisum<\/strong><\/td><td class=\"has-text-align-center\" data-align=\"center\"><strong>Gebyrer, der skal betales i 2025<\/strong><\/td><td class=\"has-text-align-center\" data-align=\"center\"><strong>Maksimal opholdsl\u00e6ngde<\/strong><\/td><\/tr><tr><td class=\"has-text-align-center\" data-align=\"center\">Visum til direkte transit p\u00e5 flysiden (DATV)<\/td><td class=\"has-text-align-center\" data-align=\"center\">\u00a3 39<\/td><td class=\"has-text-align-center\" data-align=\"center\">24 timer<\/td><\/tr><tr><td class=\"has-text-align-center\" data-align=\"center\">Visum til bes\u00f8gende i transit<\/td><td class=\"has-text-align-center\" data-align=\"center\">\u00a3 64<\/td><td class=\"has-text-align-center\" data-align=\"center\">48 timer<\/td><\/tr><\/tbody><\/table><figcaption class=\"wp-element-caption\">Gebyrer for et transitvisum<\/figcaption><\/figure>\n\n<h2 class=\"wp-block-heading\">Hvem har brug for et britisk transitvisum?<\/h2>\n\n<p>Behovet for et visum afh\u00e6nger af en r\u00e6kke kriterier:<\/p>\n\n<p>\u2705 <strong>Du beh\u00f8ver IKKE et transitvisum<\/strong>, hvis :<\/p>\n\n<ul class=\"wp-block-list\">\n<li>Du er statsborger i et visumfrit land (f.eks. EU, USA, Canada, Australien osv.).<\/li>\n\n\n\n<li>Du har et gyldigt <a href=\"https:\/\/uk-gb.net\/da\/forskellige-typer-britisk-visum\/\">britisk visum<\/a> eller <strong>opholdstilladelse<\/strong> til USA, Canada, New Zealand, Australien eller et EU\/E\u00d8S-land, <strong>og du rejser til eller fra det p\u00e5g\u00e6ldende land<\/strong>.<\/li>\n\n\n\n<li>Du har en <a href=\"https:\/\/uk-gb.net\/da\/eta-england-forenede-kongerige\/\">elektronisk rejsetilladelse (ETA)<\/a> i visse tilf\u00e6lde<\/li>\n<\/ul>\n\n<p>\u274c <strong>Du skal have et transitvisum<\/strong>, hvis :<\/p>\n\n<ul class=\"wp-block-list\">\n<li>Du er statsborger i et land, der kr\u00e6ver visum (f.eks. Indien, Pakistan, Nigeria, Ghana, Egypten osv.).<\/li>\n\n\n\n<li>Du opfylder ikke ovenst\u00e5ende betingelser for fritagelse<\/li>\n\n\n\n<li>Din transit indeb\u00e6rer, at du skifter lufthavn eller forlader den internationale zone<\/li>\n<\/ul>\n\n<div style=\"height:10px\" aria-hidden=\"true\" class=\"wp-block-spacer\"><\/div>\n\n<p>Bes\u00f8g den officielle <a>gov.uk\/check-uk-visa hjemmeside for at tjekke<\/a> din situation.<\/p>\n\n<h2 class=\"wp-block-heading\">Hvor lang tid tager det at f\u00e5 et transitvisum til Storbritannien?<\/h2>\n\n<p>Behandlingen af en ans\u00f8gning om transitvisum tager generelt <strong>omkring 3 uger<\/strong> efter den biometriske unders\u00f8gelse. Det anbefales at<strong>ans\u00f8ge mindst en m\u00e5ned f\u00f8r rejsen<\/strong>.   <\/p>\n","protected":false},"excerpt":{"rendered":"<p>Transitformaliteter i Storbritannien Hvis du rejser til et tredjeland med en mellemlanding i Storbritannien, kan du f\u00e5 brug for et transitvisum. Denne type visum giver forbindende passagerer mulighed for at passere gennem en lufthavn eller skifte terminal uden at blive i Storbritannien. Ved simpel transit gennem Storbritannien er det i de fleste tilf\u00e6lde ikke n\u00f8dvendigt [&hellip;]<\/p>\n","protected":false},"author":1,"featured_media":0,"parent":0,"menu_order":0,"comment_status":"closed","ping_status":"closed","template":"","meta":{"footnotes":""},"class_list":["post-2543","page","type-page","status-publish","hentry"],"yoast_head":"<!-- This site is optimized with the Yoast SEO plugin v27.3 - https:\/\/yoast.com\/product\/yoast-seo-wordpress\/ -->\n<title>Transitvisum til Storbritannien - UK GB<\/title>\n<meta name=\"description\" content=\"Vi beskriver de g\u00e6ldende regler for behovet for et transitvisum i Storbritannien.\" \/>\n<meta name=\"robots\" content=\"index, follow, max-snippet:-1, max-image-preview:large, max-video-preview:-1\" \/>\n<link rel=\"canonical\" href=\"https:\/\/uk-gb.net\/da\/storbritannien-transitvisum\/\" \/>\n<meta property=\"og:locale\" content=\"da_DK\" \/>\n<meta property=\"og:type\" content=\"article\" \/>\n<meta property=\"og:title\" content=\"Transitvisum til Storbritannien - UK GB\" \/>\n<meta property=\"og:description\" content=\"Vi beskriver de g\u00e6ldende regler for behovet for et transitvisum i Storbritannien.\" \/>\n<meta property=\"og:url\" content=\"https:\/\/uk-gb.net\/da\/storbritannien-transitvisum\/\" \/>\n<meta property=\"og:site_name\" content=\"UK GB\" \/>\n<meta property=\"article:modified_time\" content=\"2025-08-14T14:54:40+00:00\" \/>\n<meta name=\"twitter:card\" content=\"summary_large_image\" \/>\n<meta name=\"twitter:label1\" content=\"Estimeret l\u00e6setid\" \/>\n\t<meta name=\"twitter:data1\" content=\"2 minutter\" \/>\n<script type=\"application\/ld+json\" class=\"yoast-schema-graph\">{\"@context\":\"https:\\\/\\\/schema.org\",\"@graph\":[{\"@type\":\"WebPage\",\"@id\":\"https:\\\/\\\/uk-gb.net\\\/da\\\/storbritannien-transitvisum\\\/\",\"url\":\"https:\\\/\\\/uk-gb.net\\\/da\\\/storbritannien-transitvisum\\\/\",\"name\":\"Transitvisum til Storbritannien - UK GB\",\"isPartOf\":{\"@id\":\"https:\\\/\\\/uk-gb.net\\\/da\\\/#website\"},\"datePublished\":\"2023-12-07T16:39:43+00:00\",\"dateModified\":\"2025-08-14T14:54:40+00:00\",\"description\":\"Vi beskriver de g\u00e6ldende regler for behovet for et transitvisum i Storbritannien.\",\"inLanguage\":\"da-DK\",\"potentialAction\":[{\"@type\":\"ReadAction\",\"target\":[\"https:\\\/\\\/uk-gb.net\\\/da\\\/storbritannien-transitvisum\\\/\"]}]},{\"@type\":\"WebSite\",\"@id\":\"https:\\\/\\\/uk-gb.net\\\/da\\\/#website\",\"url\":\"https:\\\/\\\/uk-gb.net\\\/da\\\/\",\"name\":\"UK GB\",\"description\":\"Travel to the UK\",\"potentialAction\":[{\"@type\":\"SearchAction\",\"target\":{\"@type\":\"EntryPoint\",\"urlTemplate\":\"https:\\\/\\\/uk-gb.net\\\/da\\\/?s={search_term_string}\"},\"query-input\":{\"@type\":\"PropertyValueSpecification\",\"valueRequired\":true,\"valueName\":\"search_term_string\"}}],\"inLanguage\":\"da-DK\"}]}<\/script>\n<!-- \/ Yoast SEO plugin. -->","yoast_head_json":{"title":"Transitvisum til Storbritannien - UK GB","description":"Vi beskriver de g\u00e6ldende regler for behovet for et transitvisum i Storbritannien.","robots":{"index":"index","follow":"follow","max-snippet":"max-snippet:-1","max-image-preview":"max-image-preview:large","max-video-preview":"max-video-preview:-1"},"canonical":"https:\/\/uk-gb.net\/da\/storbritannien-transitvisum\/","og_locale":"da_DK","og_type":"article","og_title":"Transitvisum til Storbritannien - UK GB","og_description":"Vi beskriver de g\u00e6ldende regler for behovet for et transitvisum i Storbritannien.","og_url":"https:\/\/uk-gb.net\/da\/storbritannien-transitvisum\/","og_site_name":"UK GB","article_modified_time":"2025-08-14T14:54:40+00:00","twitter_card":"summary_large_image","twitter_misc":{"Estimeret l\u00e6setid":"2 minutter"},"schema":{"@context":"https:\/\/schema.org","@graph":[{"@type":"WebPage","@id":"https:\/\/uk-gb.net\/da\/storbritannien-transitvisum\/","url":"https:\/\/uk-gb.net\/da\/storbritannien-transitvisum\/","name":"Transitvisum til Storbritannien - UK GB","isPartOf":{"@id":"https:\/\/uk-gb.net\/da\/#website"},"datePublished":"2023-12-07T16:39:43+00:00","dateModified":"2025-08-14T14:54:40+00:00","description":"Vi beskriver de g\u00e6ldende regler for behovet for et transitvisum i Storbritannien.","inLanguage":"da-DK","potentialAction":[{"@type":"ReadAction","target":["https:\/\/uk-gb.net\/da\/storbritannien-transitvisum\/"]}]},{"@type":"WebSite","@id":"https:\/\/uk-gb.net\/da\/#website","url":"https:\/\/uk-gb.net\/da\/","name":"UK GB","description":"Travel to the UK","potentialAction":[{"@type":"SearchAction","target":{"@type":"EntryPoint","urlTemplate":"https:\/\/uk-gb.net\/da\/?s={search_term_string}"},"query-input":{"@type":"PropertyValueSpecification","valueRequired":true,"valueName":"search_term_string"}}],"inLanguage":"da-DK"}]}},"_links":{"self":[{"href":"https:\/\/uk-gb.net\/da\/wp-json\/wp\/v2\/pages\/2543","targetHints":{"allow":["GET"]}}],"collection":[{"href":"https:\/\/uk-gb.net\/da\/wp-json\/wp\/v2\/pages"}],"about":[{"href":"https:\/\/uk-gb.net\/da\/wp-json\/wp\/v2\/types\/page"}],"author":[{"embeddable":true,"href":"https:\/\/uk-gb.net\/da\/wp-json\/wp\/v2\/users\/1"}],"replies":[{"embeddable":true,"href":"https:\/\/uk-gb.net\/da\/wp-json\/wp\/v2\/comments?post=2543"}],"version-history":[{"count":0,"href":"https:\/\/uk-gb.net\/da\/wp-json\/wp\/v2\/pages\/2543\/revisions"}],"wp:attachment":[{"href":"https:\/\/uk-gb.net\/da\/wp-json\/wp\/v2\/media?parent=2543"}],"curies":[{"name":"wp","href":"https:\/\/api.w.org\/{rel}","templated":true}]}}