{"id":2541,"date":"2023-12-07T14:57:24","date_gmt":"2023-12-07T14:57:24","guid":{"rendered":"https:\/\/uk-gb.net\/storbritannien-forretningsvisum\/"},"modified":"2025-08-14T15:51:59","modified_gmt":"2025-08-14T14:51:59","slug":"storbritannien-forretningsvisum","status":"publish","type":"page","link":"https:\/\/uk-gb.net\/da\/storbritannien-forretningsvisum\/","title":{"rendered":"Britisk forretningsvisum til ophold i Storbritannien"},"content":{"rendered":"\n<h1 class=\"wp-block-heading\">Forretningsvisum til Storbritannien<\/h1>\n\n<p>Det <strong>britiske forretningsvisum<\/strong> (Standard Visitor Visa &#8211; Business category) giver udenlandske fagfolk mulighed for at opholde sig midlertidigt i Storbritannien af forretningsm\u00e6ssige, akademiske eller samarbejdsm\u00e6ssige \u00e5rsager. Det giver ikke indehaveren ret til at arbejde for en britisk virksomhed, men giver tilladelse til visse veldefinerede opgaver. <\/p>\n\n<p><strong>For et ophold p\u00e5 under 6 m\u00e5neder<\/strong>: Du beh\u00f8ver ikke at f\u00e5 et forretningsvisum; du skal blot ans\u00f8ge om en ETA (Electronic Travel Authorisation) ved at udfylde <a href=\"https:\/\/uk-gb.net\/da\/online-formular-eta-visum-england\/\">ETA-formularen online<\/a>.<\/p>\n\n<div style=\"height:10px\" aria-hidden=\"true\" class=\"wp-block-spacer\"><\/div>\n\n<h2 class=\"wp-block-heading\">Hvad er form\u00e5let med et britisk forretningsvisum?<\/h2>\n\n<p>Forretningsvisummet er designet til bes\u00f8gende, der \u00f8nsker at bes\u00f8ge Storbritannien p\u00e5 <strong>et professionelt grundlag<\/strong> uden at tage l\u00f8nnet arbejde lokalt. Det er beregnet til virksomhedsledere, repr\u00e6sentanter, forskere, undervisere, investorer eller medlemmer af en udenlandsk virksomhed med forbindelser til britiske enheder. <\/p>\n\n<p>Det giver dig is\u00e6r mulighed for at :<\/p>\n\n<ul class=\"wp-block-list\">\n<li>Deltag i <strong>m\u00f8der<\/strong>, <strong>konferencer<\/strong> eller <strong>messer<\/strong><\/li>\n\n\n\n<li>Underskrivelse af <strong>kommercielle kontrakter<\/strong><\/li>\n\n\n\n<li>Gennemf\u00f8relse af <strong>audits<\/strong>, <strong>inspektioner<\/strong> og <strong>forhandlinger<\/strong><\/li>\n\n\n\n<li>Hold et <strong>foredrag<\/strong> eller deltag i et seminar<\/li>\n\n\n\n<li>Tag et <strong>kort kursus<\/strong> (ul\u00f8nnet af en britisk arbejdsgiver)<\/li>\n\n\n\n<li>Udf\u00f8relse af visse <strong>videnskabelige eller akademiske opgaver<\/strong> for anerkendte universiteter eller institutter<\/li>\n<\/ul>\n\n<div style=\"height:10px\" aria-hidden=\"true\" class=\"wp-block-spacer\"><\/div>\n\n<h2 class=\"wp-block-heading\">Hvem kan ans\u00f8ge om et britisk forretningsvisum?<\/h2>\n\n<p>Forretningsvisummet er \u00e5bent for alle udl\u00e6ndinge, der ikke er berettiget til en <a href=\"https:\/\/uk-gb.net\/da\/eta-england-forenede-kongerige\/\">elektronisk rejsetilladelse (ETA<\/a> ), eller som \u00f8nsker at sikre en juridisk ramme for specifikke forretningsaktiviteter.<\/p>\n\n<p>Statsborgere fra EU, USA, Canada og andre visumfri lande kan i nogle tilf\u00e6lde rejse ind uden visum til begr\u00e6nsede forretningsaktiviteter, men et <strong>visum anbefales<\/strong> til gentagne, langvarige eller f\u00f8lsomme missioner.<\/p>\n\n<h2 class=\"wp-block-heading\">Hvordan ans\u00f8ger jeg?<\/h2>\n\n<p>De vigtigste faser i den <a href=\"https:\/\/uk-gb.net\/da\/uk-visumansogningsprocedure\/\">britiske visumprocedure<\/a> er som f\u00f8lger:<\/p>\n\n<ol class=\"wp-block-list\">\n<li>Bes\u00f8g den officielle <a href=\"https:\/\/www.gov.uk\/uk-expansion-worker-visa\">gov.uk-hjemmeside<\/a><\/li>\n\n\n\n<li>Udfyld <strong>online-formularen<\/strong><\/li>\n\n\n\n<li><a href=\"https:\/\/uk-gb.net\/da\/hvor-meget-koster-et-visum-england\/\">Betal visumgebyrer<\/a> online<\/li>\n\n\n\n<li>Bestil tid <strong>p\u00e5 et visumans\u00f8gningscenter<\/strong> til biometrisk registrering<\/li>\n\n\n\n<li>Giv <strong>os<\/strong> dine <strong>st\u00f8ttedokumenter<\/strong><\/li>\n\n\n\n<li>F\u00f8lg din ans\u00f8gning frem til den endelige beslutning<\/li>\n<\/ol>\n\n<div style=\"height:10px\" aria-hidden=\"true\" class=\"wp-block-spacer\"><\/div>\n\n<h2 class=\"wp-block-heading\">Omkostninger ved et forretningsvisum til Storbritannien<\/h2>\n\n<figure class=\"wp-block-table\"><table><tbody><tr><td><strong>Standard bes\u00f8gsvisum<\/strong><\/td><td class=\"has-text-align-center\" data-align=\"center\"><strong>Visumgebyrer<\/strong><\/td><\/tr><tr><td>Visum til et ophold p\u00e5 h\u00f8jst 6 m\u00e5neder<\/td><td class=\"has-text-align-center\" data-align=\"center\">115 \u00a3<\/td><\/tr><tr><td>2-\u00e5rigt visum<\/td><td class=\"has-text-align-center\" data-align=\"center\">400 \u00a3<\/td><\/tr><tr><td>5-\u00e5rigt visum<\/td><td class=\"has-text-align-center\" data-align=\"center\">771 \u00a3<\/td><\/tr><tr><td>10-\u00e5rigt visum<\/td><td class=\"has-text-align-center\" data-align=\"center\">963 \u00a3<\/td><\/tr><\/tbody><\/table><figcaption class=\"wp-element-caption\">Tabel over gebyrer for forretningsvisum<\/figcaption><\/figure>\n\n<p>For mere information, se vores side med den fulde liste over <a href=\"https:\/\/uk-gb.net\/da\/hvor-meget-koster-et-visum-england\/\">britiske visumgebyrer<\/a>.<\/p>\n\n<h2 class=\"wp-block-heading\">Kan jeg arbejde i Storbritannien p\u00e5 et forretningsvisum?<\/h2>\n\n<p>Nej. Forretningsvisummet <strong>giver ikke ret til l\u00f8nnet arbejde<\/strong> i en britisk virksomhed. Det giver dig heller ikke mulighed for at s\u00f8ge arbejde eller bos\u00e6tte dig permanent i Storbritannien.  <\/p>\n\n<p>Et specifikt <strong>arbejdsvisum<\/strong> (f.eks. Skilled Worker-visum) skal indhentes til enhver regelm\u00e6ssig, betalt eller langvarig erhvervsaktivitet.<\/p>\n\n<h2 class=\"wp-block-heading\">Hvad er PBS&#8217; pointbaserede visumsystem?<\/h2>\n\n<p>Storbritanniens <a href=\"https:\/\/uk-gb.net\/da\/pbs-pointsystem-visum-til-england\/\">pointbaserede system<\/a> (PBS) er prim\u00e6rt rettet mod <strong>fagl\u00e6rte<\/strong>, <strong>internationale studerende<\/strong> og <strong>innovative profiler<\/strong>, der er i stand til at opfylde Storbritanniens \u00f8konomiske behov. Det tillader ikke folk at komme til ufagl\u00e6rte jobs eller l\u00e6ngerevarende ophold uden et valideret jobtilbud. <\/p>\n\n<p>F\u00f8r du indsender en ans\u00f8gning, er det vigtigt at :<\/p>\n\n<ul class=\"wp-block-list\">\n<li>Forudse den tid og de omkostninger, der er forbundet med at ans\u00f8ge om visum<\/li>\n\n\n\n<li>Tjek, at du har opn\u00e5et minimum 70 point<\/li>\n\n\n\n<li>R\u00e5df\u00f8r dig med en immigrationsr\u00e5dgiver, hvis din situation er kompleks<\/li>\n<\/ul>\n\n<div style=\"height:10px\" aria-hidden=\"true\" class=\"wp-block-spacer\"><\/div>\n\n<p><\/p>\n","protected":false},"excerpt":{"rendered":"<p>Forretningsvisum til Storbritannien Det britiske forretningsvisum (Standard Visitor Visa &#8211; Business category) giver udenlandske fagfolk mulighed for at opholde sig midlertidigt i Storbritannien af forretningsm\u00e6ssige, akademiske eller samarbejdsm\u00e6ssige \u00e5rsager. Det giver ikke indehaveren ret til at arbejde for en britisk virksomhed, men giver tilladelse til visse veldefinerede opgaver. For et ophold p\u00e5 under 6 m\u00e5neder: [&hellip;]<\/p>\n","protected":false},"author":1,"featured_media":0,"parent":0,"menu_order":0,"comment_status":"closed","ping_status":"closed","template":"","meta":{"footnotes":""},"class_list":["post-2541","page","type-page","status-publish","hentry"],"yoast_head":"<!-- This site is optimized with the Yoast SEO plugin v27.3 - https:\/\/yoast.com\/product\/yoast-seo-wordpress\/ -->\n<title>Britisk forretningsvisum til ophold i Storbritannien - UK GB<\/title>\n<meta name=\"description\" content=\"Hvad er betingelserne for at f\u00e5 et forretningsvisum til at rejse til Storbritannien i forretnings\u00f8jemed?\" \/>\n<meta name=\"robots\" content=\"index, follow, max-snippet:-1, max-image-preview:large, max-video-preview:-1\" \/>\n<link rel=\"canonical\" href=\"https:\/\/uk-gb.net\/da\/storbritannien-forretningsvisum\/\" \/>\n<meta property=\"og:locale\" content=\"da_DK\" \/>\n<meta property=\"og:type\" content=\"article\" \/>\n<meta property=\"og:title\" content=\"Britisk forretningsvisum til ophold i Storbritannien - UK GB\" \/>\n<meta property=\"og:description\" content=\"Hvad er betingelserne for at f\u00e5 et forretningsvisum til at rejse til Storbritannien i forretnings\u00f8jemed?\" \/>\n<meta property=\"og:url\" content=\"https:\/\/uk-gb.net\/da\/storbritannien-forretningsvisum\/\" \/>\n<meta property=\"og:site_name\" content=\"UK GB\" \/>\n<meta property=\"article:modified_time\" content=\"2025-08-14T14:51:59+00:00\" \/>\n<meta name=\"twitter:card\" content=\"summary_large_image\" \/>\n<meta name=\"twitter:label1\" content=\"Estimeret l\u00e6setid\" \/>\n\t<meta name=\"twitter:data1\" content=\"3 minutter\" \/>\n<script type=\"application\/ld+json\" class=\"yoast-schema-graph\">{\"@context\":\"https:\\\/\\\/schema.org\",\"@graph\":[{\"@type\":\"WebPage\",\"@id\":\"https:\\\/\\\/uk-gb.net\\\/da\\\/storbritannien-forretningsvisum\\\/\",\"url\":\"https:\\\/\\\/uk-gb.net\\\/da\\\/storbritannien-forretningsvisum\\\/\",\"name\":\"Britisk forretningsvisum til ophold i Storbritannien - UK GB\",\"isPartOf\":{\"@id\":\"https:\\\/\\\/uk-gb.net\\\/da\\\/#website\"},\"datePublished\":\"2023-12-07T14:57:24+00:00\",\"dateModified\":\"2025-08-14T14:51:59+00:00\",\"description\":\"Hvad er betingelserne for at f\u00e5 et forretningsvisum til at rejse til Storbritannien i forretnings\u00f8jemed?\",\"inLanguage\":\"da-DK\",\"potentialAction\":[{\"@type\":\"ReadAction\",\"target\":[\"https:\\\/\\\/uk-gb.net\\\/da\\\/storbritannien-forretningsvisum\\\/\"]}]},{\"@type\":\"WebSite\",\"@id\":\"https:\\\/\\\/uk-gb.net\\\/da\\\/#website\",\"url\":\"https:\\\/\\\/uk-gb.net\\\/da\\\/\",\"name\":\"UK GB\",\"description\":\"Travel to the UK\",\"potentialAction\":[{\"@type\":\"SearchAction\",\"target\":{\"@type\":\"EntryPoint\",\"urlTemplate\":\"https:\\\/\\\/uk-gb.net\\\/da\\\/?s={search_term_string}\"},\"query-input\":{\"@type\":\"PropertyValueSpecification\",\"valueRequired\":true,\"valueName\":\"search_term_string\"}}],\"inLanguage\":\"da-DK\"}]}<\/script>\n<!-- \/ Yoast SEO plugin. -->","yoast_head_json":{"title":"Britisk forretningsvisum til ophold i Storbritannien - UK GB","description":"Hvad er betingelserne for at f\u00e5 et forretningsvisum til at rejse til Storbritannien i forretnings\u00f8jemed?","robots":{"index":"index","follow":"follow","max-snippet":"max-snippet:-1","max-image-preview":"max-image-preview:large","max-video-preview":"max-video-preview:-1"},"canonical":"https:\/\/uk-gb.net\/da\/storbritannien-forretningsvisum\/","og_locale":"da_DK","og_type":"article","og_title":"Britisk forretningsvisum til ophold i Storbritannien - UK GB","og_description":"Hvad er betingelserne for at f\u00e5 et forretningsvisum til at rejse til Storbritannien i forretnings\u00f8jemed?","og_url":"https:\/\/uk-gb.net\/da\/storbritannien-forretningsvisum\/","og_site_name":"UK GB","article_modified_time":"2025-08-14T14:51:59+00:00","twitter_card":"summary_large_image","twitter_misc":{"Estimeret l\u00e6setid":"3 minutter"},"schema":{"@context":"https:\/\/schema.org","@graph":[{"@type":"WebPage","@id":"https:\/\/uk-gb.net\/da\/storbritannien-forretningsvisum\/","url":"https:\/\/uk-gb.net\/da\/storbritannien-forretningsvisum\/","name":"Britisk forretningsvisum til ophold i Storbritannien - UK GB","isPartOf":{"@id":"https:\/\/uk-gb.net\/da\/#website"},"datePublished":"2023-12-07T14:57:24+00:00","dateModified":"2025-08-14T14:51:59+00:00","description":"Hvad er betingelserne for at f\u00e5 et forretningsvisum til at rejse til Storbritannien i forretnings\u00f8jemed?","inLanguage":"da-DK","potentialAction":[{"@type":"ReadAction","target":["https:\/\/uk-gb.net\/da\/storbritannien-forretningsvisum\/"]}]},{"@type":"WebSite","@id":"https:\/\/uk-gb.net\/da\/#website","url":"https:\/\/uk-gb.net\/da\/","name":"UK GB","description":"Travel to the UK","potentialAction":[{"@type":"SearchAction","target":{"@type":"EntryPoint","urlTemplate":"https:\/\/uk-gb.net\/da\/?s={search_term_string}"},"query-input":{"@type":"PropertyValueSpecification","valueRequired":true,"valueName":"search_term_string"}}],"inLanguage":"da-DK"}]}},"_links":{"self":[{"href":"https:\/\/uk-gb.net\/da\/wp-json\/wp\/v2\/pages\/2541","targetHints":{"allow":["GET"]}}],"collection":[{"href":"https:\/\/uk-gb.net\/da\/wp-json\/wp\/v2\/pages"}],"about":[{"href":"https:\/\/uk-gb.net\/da\/wp-json\/wp\/v2\/types\/page"}],"author":[{"embeddable":true,"href":"https:\/\/uk-gb.net\/da\/wp-json\/wp\/v2\/users\/1"}],"replies":[{"embeddable":true,"href":"https:\/\/uk-gb.net\/da\/wp-json\/wp\/v2\/comments?post=2541"}],"version-history":[{"count":0,"href":"https:\/\/uk-gb.net\/da\/wp-json\/wp\/v2\/pages\/2541\/revisions"}],"wp:attachment":[{"href":"https:\/\/uk-gb.net\/da\/wp-json\/wp\/v2\/media?parent=2541"}],"curies":[{"name":"wp","href":"https:\/\/api.w.org\/{rel}","templated":true}]}}