{"id":2539,"date":"2023-12-07T14:52:18","date_gmt":"2023-12-07T14:52:18","guid":{"rendered":"https:\/\/uk-gb.net\/pbs-pointsystem-visum-til-england\/"},"modified":"2025-08-14T15:48:27","modified_gmt":"2025-08-14T14:48:27","slug":"pbs-pointsystem-visum-til-england","status":"publish","type":"page","link":"https:\/\/uk-gb.net\/da\/pbs-pointsystem-visum-til-england\/","title":{"rendered":"PBS&#8217; pointsystem for at f\u00e5 visum til England"},"content":{"rendered":"\n<h1 class=\"wp-block-heading\">PBS-pointsystemet for at f\u00e5 et britisk visum<\/h1>\n\n<p>Siden Storbritannien forlod EU, har landet indf\u00f8rt et <strong>pointbaseret immigrationssystem<\/strong>, ogs\u00e5 kendt som <strong>PBS (Points-Based System).<\/strong> PBS styrker den <a href=\"https:\/\/uk-gb.net\/da\/uk-visumansogningsprocedure\/\">britiske visumans\u00f8gningsproces<\/a>. Systemet g\u00e6lder for udl\u00e6ndinge, der \u00f8nsker at arbejde, studere eller bo i Storbritannien, uanset deres nationalitet.  <\/p>\n\n<h2 class=\"wp-block-heading\">Hvad er det britiske pointbaserede system?<\/h2>\n\n<p><a href=\"https:\/\/www.gov.uk\/government\/publications\/uk-points-based-immigration-system-employer-information\/the-uks-points-based-immigration-system-an-introduction-for-employers\">PBS Points System<\/a> er et vurderingssystem, der tildeler et antal point til hver ans\u00f8ger om et <a href=\"https:\/\/uk-gb.net\/da\/forskellige-typer-britisk-visum\/\">britisk visum<\/a> i henhold til klart definerede kriterier. For at f\u00e5 et visum skal ans\u00f8geren n\u00e5 et <strong>minimum af point<\/strong>, som normalt er <strong>70 point<\/strong>. <\/p>\n\n<p>Form\u00e5let med dette system er at fremme kvalificerede, uafh\u00e6ngige profiler, der opfylder landets \u00f8konomiske behov, is\u00e6r inden for sektorer, hvor der er mangel p\u00e5 arbejdskraft (sundhed, teknologi, ingeni\u00f8rarbejde osv.).<\/p>\n\n<h2 class=\"wp-block-heading\">Hvem p\u00e5virkes af PBS-systemet?<\/h2>\n\n<p>Det pointbaserede system g\u00e6lder for flere typer visum, herunder :<\/p>\n\n<ul class=\"wp-block-list\">\n<li>Visum til <strong>kvalificeret<\/strong> arbejdskraft<\/li>\n\n\n\n<li>Det <strong>globale talentvisum<\/strong><\/li>\n\n\n\n<li><strong>Visum til studerende<\/strong><\/li>\n\n\n\n<li><strong>Innovat\u00f8rens grundl\u00e6gger-visum<\/strong><\/li>\n\n\n\n<li>Visum til <strong>midlertidig<\/strong> arbejdskraft<\/li>\n<\/ul>\n\n<div style=\"height:10px\" aria-hidden=\"true\" class=\"wp-block-spacer\"><\/div>\n\n<p>Hver visumtype har sine egne kriterier og pointgr\u00e6nser.<\/p>\n\n<h2 class=\"wp-block-heading\">Hvordan tildeles point?<\/h2>\n\n<p>Der gives point p\u00e5 baggrund af en r\u00e6kke faktorer, herunder :<\/p>\n\n<figure class=\"wp-block-table\"><table><thead><tr><th class=\"has-text-align-left\" data-align=\"left\"><strong>Kriterier<\/strong><\/th><th class=\"has-text-align-center\" data-align=\"center\"><strong>Antal point<\/strong><\/th><th class=\"has-text-align-center\" data-align=\"center\"><strong>Er det obligatorisk?<\/strong><\/th><\/tr><\/thead><tbody><tr><td class=\"has-text-align-left\" data-align=\"left\">Jobtilbud valideret af en sponsor<\/td><td class=\"has-text-align-center\" data-align=\"center\">20 point<\/td><td class=\"has-text-align-center\" data-align=\"center\">Ja<\/td><\/tr><tr><td class=\"has-text-align-left\" data-align=\"left\">Jobbets kvalifikationsniveau<\/td><td class=\"has-text-align-center\" data-align=\"center\">20 point<\/td><td class=\"has-text-align-center\" data-align=\"center\">Ja<\/td><\/tr><tr><td class=\"has-text-align-left\" data-align=\"left\">Kendskab til engelsk (B1-niveau)<\/td><td class=\"has-text-align-center\" data-align=\"center\">10 point<\/td><td class=\"has-text-align-center\" data-align=\"center\">Ja<\/td><\/tr><tr><td class=\"has-text-align-left\" data-align=\"left\">\u00c5rsl\u00f8n p\u00e5 \u00a326,200 eller mere<\/td><td class=\"has-text-align-center\" data-align=\"center\">20 point<\/td><td class=\"has-text-align-center\" data-align=\"center\">Ja (med visse undtagelser)<\/td><\/tr><tr><td class=\"has-text-align-left\" data-align=\"left\">Mangel p\u00e5 besk\u00e6ftigelse<\/td><td class=\"has-text-align-center\" data-align=\"center\">20 point<\/td><td class=\"has-text-align-center\" data-align=\"center\">Nej<\/td><\/tr><tr><td class=\"has-text-align-left\" data-align=\"left\">Doktorgrad (STEM)<\/td><td class=\"has-text-align-center\" data-align=\"center\">10 til 20 point<\/td><td class=\"has-text-align-center\" data-align=\"center\">Nej<\/td><\/tr><\/tbody><\/table><figcaption class=\"wp-element-caption\">Eksempel: En kvalificeret arbejdstager med et jobtilbud inden for et hurtigt voksende erhverv, et godt engelskniveau og en l\u00f8n p\u00e5 over \u00a326.200 opn\u00e5r nemt de kr\u00e6vede 70 point.<\/figcaption><\/figure>\n\n<h2 class=\"wp-block-heading\">Hvilke skridt skal man tage for at ans\u00f8ge via PBS-systemet?<\/h2>\n\n<ol class=\"wp-block-list\">\n<li>Identificer den <a href=\"https:\/\/uk-gb.net\/da\/forskellige-typer-britisk-visum\/\">type britisk visum<\/a>, der passer til din profil<\/li>\n\n\n\n<li>Tjek kriterierne for st\u00f8tteberettigelse, og beregn dine point<\/li>\n\n\n\n<li>F\u00e5 en sponsor eller et sponsorbrev (arbejdsgiver, universitet osv.)<\/li>\n\n\n\n<li>Saml den n\u00f8dvendige dokumentation (ans\u00e6ttelseskontrakt, engelsk certifikat, \u00f8konomisk dokumentation osv.)<\/li>\n\n\n\n<li>Udfyld onlineformularen p\u00e5 <a href=\"https:\/\/www.gov.uk\/\">gov.uk<\/a><\/li>\n\n\n\n<li>Betal <a href=\"https:\/\/uk-gb.net\/da\/hvor-meget-koster-et-visum-england\/\">visumgebyr<\/a> og sundhedsgebyr (IHS)<\/li>\n\n\n\n<li>Lav en <a href=\"https:\/\/uk-gb.net\/da\/visumudaevnelse-ambassade-england\/\">aftale om interview p\u00e5 ambassaden<\/a><\/li>\n<\/ol>\n\n<div style=\"height:10px\" aria-hidden=\"true\" class=\"wp-block-spacer\"><\/div>\n\n<h2 class=\"wp-block-heading\">S\u00e6rlige forhold ved studentervisum i PBS-systemet<\/h2>\n\n<p>For et <a href=\"https:\/\/uk-gb.net\/da\/uk-studerende-visum\/\">studievisum<\/a> tildeles point p\u00e5 f\u00f8lgende m\u00e5de:<\/p>\n\n<ul class=\"wp-block-list\">\n<li>50 point: bekr\u00e6ftelse af accept af studier (CAS) fra en akkrediteret institution<\/li>\n\n\n\n<li>10 point: bevis for tilstr\u00e6kkelige finansielle ressourcer<\/li>\n\n\n\n<li>10 point: f\u00e6rdigheder i engelsk (minimum B2-niveau i de fleste tilf\u00e6lde)<\/li>\n<\/ul>\n\n<div style=\"height:10px\" aria-hidden=\"true\" class=\"wp-block-spacer\"><\/div>\n\n<p>Du skal ogs\u00e5 have <strong>70 point<\/strong> for at f\u00e5 et studievisum.<\/p>\n","protected":false},"excerpt":{"rendered":"<p>PBS-pointsystemet for at f\u00e5 et britisk visum Siden Storbritannien forlod EU, har landet indf\u00f8rt et pointbaseret immigrationssystem, ogs\u00e5 kendt som PBS (Points-Based System). PBS styrker den britiske visumans\u00f8gningsproces. Systemet g\u00e6lder for udl\u00e6ndinge, der \u00f8nsker at arbejde, studere eller bo i Storbritannien, uanset deres nationalitet. Hvad er det britiske pointbaserede system? PBS Points System er et [&hellip;]<\/p>\n","protected":false},"author":1,"featured_media":0,"parent":0,"menu_order":0,"comment_status":"closed","ping_status":"closed","template":"","meta":{"footnotes":""},"class_list":["post-2539","page","type-page","status-publish","hentry"],"yoast_head":"<!-- This site is optimized with the Yoast SEO plugin v27.3 - https:\/\/yoast.com\/product\/yoast-seo-wordpress\/ -->\n<title>PBS&#039; pointsystem for at f\u00e5 visum til England - UK GB<\/title>\n<meta name=\"description\" content=\"PBS-systemet er rettet mod fagl\u00e6rte arbejdere, internationale studerende og innovative profiler, der \u00f8nsker at arbejde i Storbritannien.\" \/>\n<meta name=\"robots\" content=\"index, follow, max-snippet:-1, max-image-preview:large, max-video-preview:-1\" \/>\n<link rel=\"canonical\" href=\"https:\/\/uk-gb.net\/da\/pbs-pointsystem-visum-til-england\/\" \/>\n<meta property=\"og:locale\" content=\"da_DK\" \/>\n<meta property=\"og:type\" content=\"article\" \/>\n<meta property=\"og:title\" content=\"PBS&#039; pointsystem for at f\u00e5 visum til England - UK GB\" \/>\n<meta property=\"og:description\" content=\"PBS-systemet er rettet mod fagl\u00e6rte arbejdere, internationale studerende og innovative profiler, der \u00f8nsker at arbejde i Storbritannien.\" \/>\n<meta property=\"og:url\" content=\"https:\/\/uk-gb.net\/da\/pbs-pointsystem-visum-til-england\/\" \/>\n<meta property=\"og:site_name\" content=\"UK GB\" \/>\n<meta property=\"article:modified_time\" content=\"2025-08-14T14:48:27+00:00\" \/>\n<meta name=\"twitter:card\" content=\"summary_large_image\" \/>\n<meta name=\"twitter:label1\" content=\"Estimeret l\u00e6setid\" \/>\n\t<meta name=\"twitter:data1\" content=\"2 minutter\" \/>\n<script type=\"application\/ld+json\" class=\"yoast-schema-graph\">{\"@context\":\"https:\\\/\\\/schema.org\",\"@graph\":[{\"@type\":\"WebPage\",\"@id\":\"https:\\\/\\\/uk-gb.net\\\/da\\\/pbs-pointsystem-visum-til-england\\\/\",\"url\":\"https:\\\/\\\/uk-gb.net\\\/da\\\/pbs-pointsystem-visum-til-england\\\/\",\"name\":\"PBS' pointsystem for at f\u00e5 visum til England - UK GB\",\"isPartOf\":{\"@id\":\"https:\\\/\\\/uk-gb.net\\\/da\\\/#website\"},\"datePublished\":\"2023-12-07T14:52:18+00:00\",\"dateModified\":\"2025-08-14T14:48:27+00:00\",\"description\":\"PBS-systemet er rettet mod fagl\u00e6rte arbejdere, internationale studerende og innovative profiler, der \u00f8nsker at arbejde i Storbritannien.\",\"inLanguage\":\"da-DK\",\"potentialAction\":[{\"@type\":\"ReadAction\",\"target\":[\"https:\\\/\\\/uk-gb.net\\\/da\\\/pbs-pointsystem-visum-til-england\\\/\"]}]},{\"@type\":\"WebSite\",\"@id\":\"https:\\\/\\\/uk-gb.net\\\/da\\\/#website\",\"url\":\"https:\\\/\\\/uk-gb.net\\\/da\\\/\",\"name\":\"UK GB\",\"description\":\"Travel to the UK\",\"potentialAction\":[{\"@type\":\"SearchAction\",\"target\":{\"@type\":\"EntryPoint\",\"urlTemplate\":\"https:\\\/\\\/uk-gb.net\\\/da\\\/?s={search_term_string}\"},\"query-input\":{\"@type\":\"PropertyValueSpecification\",\"valueRequired\":true,\"valueName\":\"search_term_string\"}}],\"inLanguage\":\"da-DK\"}]}<\/script>\n<!-- \/ Yoast SEO plugin. -->","yoast_head_json":{"title":"PBS' pointsystem for at f\u00e5 visum til England - UK GB","description":"PBS-systemet er rettet mod fagl\u00e6rte arbejdere, internationale studerende og innovative profiler, der \u00f8nsker at arbejde i Storbritannien.","robots":{"index":"index","follow":"follow","max-snippet":"max-snippet:-1","max-image-preview":"max-image-preview:large","max-video-preview":"max-video-preview:-1"},"canonical":"https:\/\/uk-gb.net\/da\/pbs-pointsystem-visum-til-england\/","og_locale":"da_DK","og_type":"article","og_title":"PBS' pointsystem for at f\u00e5 visum til England - UK GB","og_description":"PBS-systemet er rettet mod fagl\u00e6rte arbejdere, internationale studerende og innovative profiler, der \u00f8nsker at arbejde i Storbritannien.","og_url":"https:\/\/uk-gb.net\/da\/pbs-pointsystem-visum-til-england\/","og_site_name":"UK GB","article_modified_time":"2025-08-14T14:48:27+00:00","twitter_card":"summary_large_image","twitter_misc":{"Estimeret l\u00e6setid":"2 minutter"},"schema":{"@context":"https:\/\/schema.org","@graph":[{"@type":"WebPage","@id":"https:\/\/uk-gb.net\/da\/pbs-pointsystem-visum-til-england\/","url":"https:\/\/uk-gb.net\/da\/pbs-pointsystem-visum-til-england\/","name":"PBS' pointsystem for at f\u00e5 visum til England - UK GB","isPartOf":{"@id":"https:\/\/uk-gb.net\/da\/#website"},"datePublished":"2023-12-07T14:52:18+00:00","dateModified":"2025-08-14T14:48:27+00:00","description":"PBS-systemet er rettet mod fagl\u00e6rte arbejdere, internationale studerende og innovative profiler, der \u00f8nsker at arbejde i Storbritannien.","inLanguage":"da-DK","potentialAction":[{"@type":"ReadAction","target":["https:\/\/uk-gb.net\/da\/pbs-pointsystem-visum-til-england\/"]}]},{"@type":"WebSite","@id":"https:\/\/uk-gb.net\/da\/#website","url":"https:\/\/uk-gb.net\/da\/","name":"UK GB","description":"Travel to the UK","potentialAction":[{"@type":"SearchAction","target":{"@type":"EntryPoint","urlTemplate":"https:\/\/uk-gb.net\/da\/?s={search_term_string}"},"query-input":{"@type":"PropertyValueSpecification","valueRequired":true,"valueName":"search_term_string"}}],"inLanguage":"da-DK"}]}},"_links":{"self":[{"href":"https:\/\/uk-gb.net\/da\/wp-json\/wp\/v2\/pages\/2539","targetHints":{"allow":["GET"]}}],"collection":[{"href":"https:\/\/uk-gb.net\/da\/wp-json\/wp\/v2\/pages"}],"about":[{"href":"https:\/\/uk-gb.net\/da\/wp-json\/wp\/v2\/types\/page"}],"author":[{"embeddable":true,"href":"https:\/\/uk-gb.net\/da\/wp-json\/wp\/v2\/users\/1"}],"replies":[{"embeddable":true,"href":"https:\/\/uk-gb.net\/da\/wp-json\/wp\/v2\/comments?post=2539"}],"version-history":[{"count":0,"href":"https:\/\/uk-gb.net\/da\/wp-json\/wp\/v2\/pages\/2539\/revisions"}],"wp:attachment":[{"href":"https:\/\/uk-gb.net\/da\/wp-json\/wp\/v2\/media?parent=2539"}],"curies":[{"name":"wp","href":"https:\/\/api.w.org\/{rel}","templated":true}]}}