{"id":2537,"date":"2023-12-07T16:48:46","date_gmt":"2023-12-07T16:48:46","guid":{"rendered":"https:\/\/uk-gb.net\/visumudaevnelse-ambassade-england\/"},"modified":"2025-11-28T10:58:18","modified_gmt":"2025-11-28T10:58:18","slug":"visumudaevnelse-ambassade-england","status":"publish","type":"page","link":"https:\/\/uk-gb.net\/da\/visumudaevnelse-ambassade-england\/","title":{"rendered":"Interview p\u00e5 den britiske ambassade for at ans\u00f8ge om visum"},"content":{"rendered":"\n<h1 class=\"wp-block-heading\">Bes\u00f8g den britiske ambassade for at ans\u00f8ge om visum<\/h1>\n\n<p>Udl\u00e6ndinge, der \u00f8nsker at rejse til Storbritannien, og som ikke er berettiget til ETA, skal have et visum. Dette indeb\u00e6rer normalt <strong>et konsul\u00e6rt interview<\/strong>. Det finder sted p\u00e5 et <strong>godkendt visumans\u00f8gningscenter<\/strong> eller direkte p\u00e5 en <a href=\"https:\/\/uk-gb.net\/da\/ambassade-england-det-forenede-rige-i-danmark\/\">britisk ambassade<\/a>, afh\u00e6ngigt af bop\u00e6lslandet.   Du kan se <a href=\"https:\/\/www.gov.uk\/find-a-visa-application-centre\">listen over visumans\u00f8gningscentre efter land<\/a> for at lave en aftale med det center, der ligger t\u00e6ttest p\u00e5 dig.<\/p>\n\n<p><strong>For et kortvarigt ophold<\/strong>: Det er ikke n\u00f8dvendigt at f\u00e5 et visum; du skal blot udfylde <a href=\"https:\/\/uk-gb.net\/da\/online-formular-eta-visum-england\/\">ETA-formularen online.<\/a><\/p>\n\n<div style=\"height:10px\" aria-hidden=\"true\" class=\"wp-block-spacer\"><\/div>\n\n<h2 class=\"wp-block-heading\">Hvorfor er vedligeholdelse n\u00f8dvendig?<\/h2>\n\n<p>Det konsul\u00e6re interview er en afg\u00f8rende fase i visumans\u00f8gningsprocessen. Det g\u00f8r det muligt for de britiske myndigheder at : <\/p>\n\n<ul class=\"wp-block-list\">\n<li>Kontroller ans\u00f8gerens identitet<\/li>\n\n\n\n<li>Vurdering af oprigtigheden i dine rejseplaner<\/li>\n\n\n\n<li>S\u00f8rg for, at ans\u00f8geren overholder indrejsebetingelserne og forlader Storbritannien, n\u00e5r deres visum udl\u00f8ber.<\/li>\n<\/ul>\n\n<p>Dette interview er med til at <strong>forhindre svindel<\/strong> og sikre, at kun personer, der opfylder kriterierne, f\u00e5r et visum.<\/p>\n\n<h2 class=\"wp-block-heading\">Dokumenter, du skal medbringe p\u00e5 dagen for samtalen<\/h2>\n\n<p>P\u00e5 dagen for din aftale skal du medbringe f\u00f8lgende dokumenter:<\/p>\n\n<ul class=\"wp-block-list\">\n<li><strong>Trykt bekr\u00e6ftelse af aftalen<\/strong> modtaget via e-mail<\/li>\n\n\n\n<li><strong>Kvittering for betaling<\/strong> af <a href=\"https:\/\/uk-gb.net\/da\/hvor-meget-koster-et-visum-england\/\">gebyr for visumans\u00f8gning<\/a><\/li>\n\n\n\n<li>Et <strong>gyldigt pas<\/strong> (eller original opholdstilladelse, hvis det er relevant)<\/li>\n\n\n\n<li>Alle <strong>n\u00f8dvendige bilag<\/strong> med kopier til sagsmappen<\/li>\n\n\n\n<li>Den trykte forside <strong>af visumans\u00f8gningsskemaet<\/strong> <\/li>\n<\/ul>\n\n<div style=\"height:10px\" aria-hidden=\"true\" class=\"wp-block-spacer\"><\/div>\n\n<p>S\u00f8rg for, at alle dokumenter er <strong>originale<\/strong>, tydelige og opdaterede. Manglende dokumenter kan forsinke eller endda annullere din procedure. <\/p>\n\n<h2 class=\"wp-block-heading\">Hvordan fungerer en aftale p\u00e5 ambassaden?<\/h2>\n\n<p>Det anbefales at ankomme til centret <strong>mindst 15 minutter f\u00f8r den aftalte tid<\/strong>, s\u00e5 man kan n\u00e5 at komme igennem sikkerhedskontrollen. N\u00e5r du er kommet ind i centret, f\u00f8lger du normalt f\u00f8lgende trin: <\/p>\n\n<ol class=\"wp-block-list\">\n<li><strong>Kontrol af identitet og dokumenter<\/strong><\/li>\n\n\n\n<li><strong>Fingeraftryk og biometrisk fotografering<\/strong><\/li>\n\n\n\n<li><strong>Interview med en konsul\u00e6r medarbejder<\/strong><\/li>\n<\/ol>\n\n<div style=\"height:10px\" aria-hidden=\"true\" class=\"wp-block-spacer\"><\/div>\n\n<p>Interviewet foreg\u00e5r normalt p\u00e5 <strong>engelsk<\/strong>. I visse tilf\u00e6lde kan agenten udtrykke sig p\u00e5 det lokale sprog, hvis han behersker det. De sp\u00f8rgsm\u00e5l, der stilles, har til form\u00e5l at afklare :  <\/p>\n\n<ul class=\"wp-block-list\">\n<li><strong>\u00c5rsagen til dit ophold<\/strong> i Storbritannien<\/li>\n\n\n\n<li><strong>Rejseprogrammet<\/strong>: datoer, steder, indkvartering<\/li>\n\n\n\n<li><strong>\u00d8konomisk kapacitet<\/strong> til at d\u00e6kke omkostningerne ved opholdet og hjemrejsen<\/li>\n<\/ul>\n\n<div style=\"height:10px\" aria-hidden=\"true\" class=\"wp-block-spacer\"><\/div>\n\n<h2 class=\"wp-block-heading\">Hvor lang tid varer interviewet?<\/h2>\n\n<p>Det gennemsnitlige interview om et britisk visum varer omkring <strong>30 minutter<\/strong>, men det kan variere afh\u00e6ngigt af sagens kompleksitet. Hvis den konsul\u00e6re medarbejder finder det n\u00f8dvendigt at g\u00e5 mere i dybden med visse punkter, kan samtalen vare <strong>op til en time eller mere<\/strong>. <\/p>\n\n<h2 class=\"wp-block-heading\">Og efter aftalen?<\/h2>\n\n<p>N\u00e5r samtalen er overst\u00e5et, opbevarer centret dit pas, mens ans\u00f8gningen behandles. Du f\u00e5r besked <g id=\"gid_0\">via e-mail eller sms<\/g>, s\u00e5 snart der er truffet en beslutning. Passet vil derefter blive returneret til dig med posten eller afhentet p\u00e5 centret, afh\u00e6ngigt af hvilken mulighed du valgte, da du bookede din tid.  <\/p>\n\n<p><strong>Bem\u00e6rk<\/strong>: I n\u00f8dstilf\u00e6lde eller ved korte deadlines tilbyder nogle centre <strong>fremskyndede tjenester<\/strong> mod betaling.<\/p>\n","protected":false},"excerpt":{"rendered":"<p>Bes\u00f8g den britiske ambassade for at ans\u00f8ge om visum Udl\u00e6ndinge, der \u00f8nsker at rejse til Storbritannien, og som ikke er berettiget til ETA, skal have et visum. Dette indeb\u00e6rer normalt et konsul\u00e6rt interview. Det finder sted p\u00e5 et godkendt visumans\u00f8gningscenter eller direkte p\u00e5 en britisk ambassade, afh\u00e6ngigt af bop\u00e6lslandet. Du kan se listen over visumans\u00f8gningscentre [&hellip;]<\/p>\n","protected":false},"author":1,"featured_media":0,"parent":0,"menu_order":0,"comment_status":"closed","ping_status":"closed","template":"","meta":{"footnotes":""},"class_list":["post-2537","page","type-page","status-publish","hentry"],"yoast_head":"<!-- This site is optimized with the Yoast SEO plugin v27.3 - https:\/\/yoast.com\/product\/yoast-seo-wordpress\/ -->\n<title>Interview p\u00e5 den britiske ambassade for at ans\u00f8ge om visum - UK GB<\/title>\n<meta name=\"description\" content=\"S\u00e5dan laver du en aftale med den britiske ambassade for at f\u00e6rdigg\u00f8re din visumans\u00f8gning til Storbritannien\" \/>\n<meta name=\"robots\" content=\"index, follow, max-snippet:-1, max-image-preview:large, max-video-preview:-1\" \/>\n<link rel=\"canonical\" href=\"https:\/\/uk-gb.net\/da\/visumudaevnelse-ambassade-england\/\" \/>\n<meta property=\"og:locale\" content=\"da_DK\" \/>\n<meta property=\"og:type\" content=\"article\" \/>\n<meta property=\"og:title\" content=\"Interview p\u00e5 den britiske ambassade for at ans\u00f8ge om visum - UK GB\" \/>\n<meta property=\"og:description\" content=\"S\u00e5dan laver du en aftale med den britiske ambassade for at f\u00e6rdigg\u00f8re din visumans\u00f8gning til Storbritannien\" \/>\n<meta property=\"og:url\" content=\"https:\/\/uk-gb.net\/da\/visumudaevnelse-ambassade-england\/\" \/>\n<meta property=\"og:site_name\" content=\"UK GB\" \/>\n<meta property=\"article:modified_time\" content=\"2025-11-28T10:58:18+00:00\" \/>\n<meta name=\"twitter:card\" content=\"summary_large_image\" \/>\n<meta name=\"twitter:label1\" content=\"Estimeret l\u00e6setid\" \/>\n\t<meta name=\"twitter:data1\" content=\"2 minutter\" \/>\n<script type=\"application\/ld+json\" class=\"yoast-schema-graph\">{\"@context\":\"https:\\\/\\\/schema.org\",\"@graph\":[{\"@type\":\"WebPage\",\"@id\":\"https:\\\/\\\/uk-gb.net\\\/da\\\/visumudaevnelse-ambassade-england\\\/\",\"url\":\"https:\\\/\\\/uk-gb.net\\\/da\\\/visumudaevnelse-ambassade-england\\\/\",\"name\":\"Interview p\u00e5 den britiske ambassade for at ans\u00f8ge om visum - UK GB\",\"isPartOf\":{\"@id\":\"https:\\\/\\\/uk-gb.net\\\/da\\\/#website\"},\"datePublished\":\"2023-12-07T16:48:46+00:00\",\"dateModified\":\"2025-11-28T10:58:18+00:00\",\"description\":\"S\u00e5dan laver du en aftale med den britiske ambassade for at f\u00e6rdigg\u00f8re din visumans\u00f8gning til Storbritannien\",\"inLanguage\":\"da-DK\",\"potentialAction\":[{\"@type\":\"ReadAction\",\"target\":[\"https:\\\/\\\/uk-gb.net\\\/da\\\/visumudaevnelse-ambassade-england\\\/\"]}]},{\"@type\":\"WebSite\",\"@id\":\"https:\\\/\\\/uk-gb.net\\\/da\\\/#website\",\"url\":\"https:\\\/\\\/uk-gb.net\\\/da\\\/\",\"name\":\"UK GB\",\"description\":\"Travel to the UK\",\"potentialAction\":[{\"@type\":\"SearchAction\",\"target\":{\"@type\":\"EntryPoint\",\"urlTemplate\":\"https:\\\/\\\/uk-gb.net\\\/da\\\/?s={search_term_string}\"},\"query-input\":{\"@type\":\"PropertyValueSpecification\",\"valueRequired\":true,\"valueName\":\"search_term_string\"}}],\"inLanguage\":\"da-DK\"}]}<\/script>\n<!-- \/ Yoast SEO plugin. -->","yoast_head_json":{"title":"Interview p\u00e5 den britiske ambassade for at ans\u00f8ge om visum - UK GB","description":"S\u00e5dan laver du en aftale med den britiske ambassade for at f\u00e6rdigg\u00f8re din visumans\u00f8gning til Storbritannien","robots":{"index":"index","follow":"follow","max-snippet":"max-snippet:-1","max-image-preview":"max-image-preview:large","max-video-preview":"max-video-preview:-1"},"canonical":"https:\/\/uk-gb.net\/da\/visumudaevnelse-ambassade-england\/","og_locale":"da_DK","og_type":"article","og_title":"Interview p\u00e5 den britiske ambassade for at ans\u00f8ge om visum - UK GB","og_description":"S\u00e5dan laver du en aftale med den britiske ambassade for at f\u00e6rdigg\u00f8re din visumans\u00f8gning til Storbritannien","og_url":"https:\/\/uk-gb.net\/da\/visumudaevnelse-ambassade-england\/","og_site_name":"UK GB","article_modified_time":"2025-11-28T10:58:18+00:00","twitter_card":"summary_large_image","twitter_misc":{"Estimeret l\u00e6setid":"2 minutter"},"schema":{"@context":"https:\/\/schema.org","@graph":[{"@type":"WebPage","@id":"https:\/\/uk-gb.net\/da\/visumudaevnelse-ambassade-england\/","url":"https:\/\/uk-gb.net\/da\/visumudaevnelse-ambassade-england\/","name":"Interview p\u00e5 den britiske ambassade for at ans\u00f8ge om visum - UK GB","isPartOf":{"@id":"https:\/\/uk-gb.net\/da\/#website"},"datePublished":"2023-12-07T16:48:46+00:00","dateModified":"2025-11-28T10:58:18+00:00","description":"S\u00e5dan laver du en aftale med den britiske ambassade for at f\u00e6rdigg\u00f8re din visumans\u00f8gning til Storbritannien","inLanguage":"da-DK","potentialAction":[{"@type":"ReadAction","target":["https:\/\/uk-gb.net\/da\/visumudaevnelse-ambassade-england\/"]}]},{"@type":"WebSite","@id":"https:\/\/uk-gb.net\/da\/#website","url":"https:\/\/uk-gb.net\/da\/","name":"UK GB","description":"Travel to the UK","potentialAction":[{"@type":"SearchAction","target":{"@type":"EntryPoint","urlTemplate":"https:\/\/uk-gb.net\/da\/?s={search_term_string}"},"query-input":{"@type":"PropertyValueSpecification","valueRequired":true,"valueName":"search_term_string"}}],"inLanguage":"da-DK"}]}},"_links":{"self":[{"href":"https:\/\/uk-gb.net\/da\/wp-json\/wp\/v2\/pages\/2537","targetHints":{"allow":["GET"]}}],"collection":[{"href":"https:\/\/uk-gb.net\/da\/wp-json\/wp\/v2\/pages"}],"about":[{"href":"https:\/\/uk-gb.net\/da\/wp-json\/wp\/v2\/types\/page"}],"author":[{"embeddable":true,"href":"https:\/\/uk-gb.net\/da\/wp-json\/wp\/v2\/users\/1"}],"replies":[{"embeddable":true,"href":"https:\/\/uk-gb.net\/da\/wp-json\/wp\/v2\/comments?post=2537"}],"version-history":[{"count":0,"href":"https:\/\/uk-gb.net\/da\/wp-json\/wp\/v2\/pages\/2537\/revisions"}],"wp:attachment":[{"href":"https:\/\/uk-gb.net\/da\/wp-json\/wp\/v2\/media?parent=2537"}],"curies":[{"name":"wp","href":"https:\/\/api.w.org\/{rel}","templated":true}]}}