{"id":2535,"date":"2024-02-25T10:31:56","date_gmt":"2024-02-25T10:31:56","guid":{"rendered":"https:\/\/uk-gb.net\/uk-visumansogningsprocedure\/"},"modified":"2025-08-14T15:46:11","modified_gmt":"2025-08-14T14:46:11","slug":"uk-visumansogningsprocedure","status":"publish","type":"page","link":"https:\/\/uk-gb.net\/da\/uk-visumansogningsprocedure\/","title":{"rendered":"Procedure for visumans\u00f8gning i Storbritannien"},"content":{"rendered":"\n<h1 class=\"wp-block-heading\">Proceduren for at f\u00e5 et visum til at rejse til Storbritannien<\/h1>\n\n<p>Hvis du ikke er berettiget til en <a href=\"https:\/\/uk-gb.net\/da\/eta-england-forenede-kongerige\/\">ETA<\/a>, skal du have et <a href=\"https:\/\/uk-gb.net\/da\/forskellige-typer-britisk-visum\/\">britisk visum<\/a> for at komme ind i Storbritannien. Ans\u00f8gningen foreg\u00e5r i flere etaper og starter altid med en onlineformular efterfulgt af en aftale p\u00e5 en ambassade eller et godkendt ans\u00f8gningscenter. <\/p>\n\n<p><strong>For et turist- eller forretningsophold<\/strong> p\u00e5 <strong>mindre end 6 m\u00e5neder<\/strong>: Statsborgere fra berettigede lande kan <a href=\"https:\/\/uk-gb.net\/da\/online-formular-eta-visum-england\/\">ans\u00f8ge om en ETA online<\/a> i stedet for et visum. Denne procedure er hurtigere og 100% online. <\/p>\n\n<div style=\"height:10px\" aria-hidden=\"true\" class=\"wp-block-spacer\"><\/div>\n\n<h2 class=\"wp-block-heading\">Hvordan ans\u00f8ger jeg om et britisk visum?<\/h2>\n\n<p>Du kan ans\u00f8ge om et britisk visum online. Den britiske visumans\u00f8gningsprocedure best\u00e5r af flere obligatoriske faser: <\/p>\n\n<ol class=\"wp-block-list\">\n<li>Bestem, hvilken <a href=\"https:\/\/uk-gb.net\/da\/forskellige-typer-britisk-visum\/\">type britisk visum<\/a> der kr\u00e6ves, afh\u00e6ngigt af \u00e5rsagen til rejsen (turisme, studier, arbejde, transit);<\/li>\n\n\n\n<li>Saml alle de bilag, som de britiske myndigheder kr\u00e6ver;<\/li>\n\n\n\n<li>Udfyld visumans\u00f8gningsskemaet p\u00e5 den officielle britiske regerings hjemmeside: <a class=\"\" href=\"https:\/\/www.gov.uk\/\">gov.uk<\/a>;<\/li>\n\n\n\n<li>Betal <a href=\"https:\/\/uk-gb.net\/da\/hvor-meget-koster-et-visum-england\/\">visumgebyret<\/a> online p\u00e5 tidspunktet for indsendelse;<\/li>\n\n\n\n<li>Lav en aftale med en <a href=\"https:\/\/uk-gb.net\/da\/visumudaevnelse-ambassade-england\/\">britisk ambassade<\/a> eller et godkendt visumans\u00f8gningscenter;<\/li>\n\n\n\n<li>Indsend alle originale dokumenter og dokumentation ved <a href=\"https:\/\/uk-gb.net\/da\/visumudaevnelse-ambassade-england\/\">visumbes\u00f8get p\u00e5 ambassaden<\/a>;<\/li>\n\n\n\n<li>Deltag i et interview med en konsul\u00e6r medarbejder, hvis det er p\u00e5kr\u00e6vet for din visumtype.<\/li>\n<\/ol>\n\n<div style=\"height:10px\" aria-hidden=\"true\" class=\"wp-block-spacer\"><\/div>\n\n<h2 class=\"wp-block-heading\">Hvilke dokumenter er n\u00f8dvendige?<\/h2>\n\n<p>De kr\u00e6vede dokumenter afh\u00e6nger af det visum, der ans\u00f8ges om, men skal generelt g\u00f8re det muligt for de britiske myndigheder at :<\/p>\n\n<ul class=\"wp-block-list\">\n<li>Tjek, at du rejser ind i Storbritannien for at udf\u00f8re en <strong>godkendt aktivitet<\/strong>;<\/li>\n\n\n\n<li>Bekr\u00e6ft, at du <strong>forlader landet, n\u00e5r dit visum udl\u00f8ber<\/strong>;<\/li>\n\n\n\n<li>Bevis, at du kan <strong>finansiere dit<\/strong> og eventuelle ledsageres <strong>ophold<\/strong>;<\/li>\n\n\n\n<li>Bevis, at du er i <strong>stand til at betale for din hjemrejse<\/strong> eller din n\u00e6ste destination.<\/li>\n<\/ul>\n\n<div style=\"height:10px\" aria-hidden=\"true\" class=\"wp-block-spacer\"><\/div>\n\n<p>Alle bilag skal leveres i <strong>digitalt format, scannet<\/strong> fra <strong>originaldokumenterne<\/strong>. Ubekr\u00e6ftede fotokopier eller overs\u00e6ttelser kan resultere i afslag. <\/p>\n\n<h2 class=\"wp-block-heading\">Behandlingstider og forventning<\/h2>\n\n<p>Standardbehandlingstiden for en visumans\u00f8gning er i gennemsnit <strong>3 uger<\/strong> fra datoen for den konsul\u00e6re aftale. Det er tilr\u00e5deligt at indsende din ans\u00f8gning <strong>mindst en m\u00e5ned f\u00f8r din planlagte afrejse<\/strong>, is\u00e6r i travle perioder. <\/p>\n\n<p>Prioriterede <strong>servicemuligheder<\/strong> er tilg\u00e6ngelige mod et ekstra gebyr.<\/p>\n\n<h2 class=\"wp-block-heading\">Kan jeg \u00e6ndre eller annullere min visumans\u00f8gning?<\/h2>\n\n<p>N\u00e5r du har indsendt din ans\u00f8gning og betalt <a href=\"https:\/\/uk-gb.net\/da\/hvor-meget-koster-et-visum-england\/\">visumgebyret<\/a>, kan du ikke <strong>\u00e6ndre de oplysninger, du har indtastet<\/strong>, eller f\u00e5 pengene tilbage i tilf\u00e6lde af aflysning. Hvis du har beg\u00e5et en fejl eller \u00e6ndret dine planer, skal du indsende <strong>en helt ny ans\u00f8gning<\/strong> med nye gebyrer. <\/p>\n\n<h2 class=\"wp-block-heading\">Hvad er forskellen p\u00e5 et visum og en ETA?<\/h2>\n\n<p><strong>Visummet<\/strong> er en standardtilladelse, der udstedes efter en grundig unders\u00f8gelse, og som ofte kr\u00e6ves ved l\u00e6ngerevarende ophold eller for statsborgere fra lande uden for ETA-programmet.<\/p>\n\n<p><strong>ETA<\/strong> er <strong>hurtigere<\/strong>, <strong>billigere<\/strong> (\u00a316) og er beregnet til visse visumfri rejsende. Det er gyldigt i <strong>2 \u00e5r<\/strong> for ophold p\u00e5 <strong>mindre end 6 m\u00e5neder<\/strong>. <\/p>\n","protected":false},"excerpt":{"rendered":"<p>Proceduren for at f\u00e5 et visum til at rejse til Storbritannien Hvis du ikke er berettiget til en ETA, skal du have et britisk visum for at komme ind i Storbritannien. Ans\u00f8gningen foreg\u00e5r i flere etaper og starter altid med en onlineformular efterfulgt af en aftale p\u00e5 en ambassade eller et godkendt ans\u00f8gningscenter. For et [&hellip;]<\/p>\n","protected":false},"author":1,"featured_media":0,"parent":0,"menu_order":0,"comment_status":"closed","ping_status":"closed","template":"","meta":{"footnotes":""},"class_list":["post-2535","page","type-page","status-publish","hentry"],"yoast_head":"<!-- This site is optimized with the Yoast SEO plugin v27.3 - https:\/\/yoast.com\/product\/yoast-seo-wordpress\/ -->\n<title>Procedure for visumans\u00f8gning i Storbritannien - UK GB<\/title>\n<meta name=\"description\" content=\"Find ud af, hvordan du s\u00f8ger om et visum online til din rejse til Storbritannien i nogle f\u00e5 trin.\" \/>\n<meta name=\"robots\" content=\"index, follow, max-snippet:-1, max-image-preview:large, max-video-preview:-1\" \/>\n<link rel=\"canonical\" href=\"https:\/\/uk-gb.net\/da\/uk-visumansogningsprocedure\/\" \/>\n<meta property=\"og:locale\" content=\"da_DK\" \/>\n<meta property=\"og:type\" content=\"article\" \/>\n<meta property=\"og:title\" content=\"Procedure for visumans\u00f8gning i Storbritannien - UK GB\" \/>\n<meta property=\"og:description\" content=\"Find ud af, hvordan du s\u00f8ger om et visum online til din rejse til Storbritannien i nogle f\u00e5 trin.\" \/>\n<meta property=\"og:url\" content=\"https:\/\/uk-gb.net\/da\/uk-visumansogningsprocedure\/\" \/>\n<meta property=\"og:site_name\" content=\"UK GB\" \/>\n<meta property=\"article:modified_time\" content=\"2025-08-14T14:46:11+00:00\" \/>\n<meta name=\"twitter:card\" content=\"summary_large_image\" \/>\n<meta name=\"twitter:label1\" content=\"Estimeret l\u00e6setid\" \/>\n\t<meta name=\"twitter:data1\" content=\"2 minutter\" \/>\n<script type=\"application\/ld+json\" class=\"yoast-schema-graph\">{\"@context\":\"https:\\\/\\\/schema.org\",\"@graph\":[{\"@type\":\"WebPage\",\"@id\":\"https:\\\/\\\/uk-gb.net\\\/da\\\/uk-visumansogningsprocedure\\\/\",\"url\":\"https:\\\/\\\/uk-gb.net\\\/da\\\/uk-visumansogningsprocedure\\\/\",\"name\":\"Procedure for visumans\u00f8gning i Storbritannien - UK GB\",\"isPartOf\":{\"@id\":\"https:\\\/\\\/uk-gb.net\\\/da\\\/#website\"},\"datePublished\":\"2024-02-25T10:31:56+00:00\",\"dateModified\":\"2025-08-14T14:46:11+00:00\",\"description\":\"Find ud af, hvordan du s\u00f8ger om et visum online til din rejse til Storbritannien i nogle f\u00e5 trin.\",\"inLanguage\":\"da-DK\",\"potentialAction\":[{\"@type\":\"ReadAction\",\"target\":[\"https:\\\/\\\/uk-gb.net\\\/da\\\/uk-visumansogningsprocedure\\\/\"]}]},{\"@type\":\"WebSite\",\"@id\":\"https:\\\/\\\/uk-gb.net\\\/da\\\/#website\",\"url\":\"https:\\\/\\\/uk-gb.net\\\/da\\\/\",\"name\":\"UK GB\",\"description\":\"Travel to the UK\",\"potentialAction\":[{\"@type\":\"SearchAction\",\"target\":{\"@type\":\"EntryPoint\",\"urlTemplate\":\"https:\\\/\\\/uk-gb.net\\\/da\\\/?s={search_term_string}\"},\"query-input\":{\"@type\":\"PropertyValueSpecification\",\"valueRequired\":true,\"valueName\":\"search_term_string\"}}],\"inLanguage\":\"da-DK\"}]}<\/script>\n<!-- \/ Yoast SEO plugin. -->","yoast_head_json":{"title":"Procedure for visumans\u00f8gning i Storbritannien - UK GB","description":"Find ud af, hvordan du s\u00f8ger om et visum online til din rejse til Storbritannien i nogle f\u00e5 trin.","robots":{"index":"index","follow":"follow","max-snippet":"max-snippet:-1","max-image-preview":"max-image-preview:large","max-video-preview":"max-video-preview:-1"},"canonical":"https:\/\/uk-gb.net\/da\/uk-visumansogningsprocedure\/","og_locale":"da_DK","og_type":"article","og_title":"Procedure for visumans\u00f8gning i Storbritannien - UK GB","og_description":"Find ud af, hvordan du s\u00f8ger om et visum online til din rejse til Storbritannien i nogle f\u00e5 trin.","og_url":"https:\/\/uk-gb.net\/da\/uk-visumansogningsprocedure\/","og_site_name":"UK GB","article_modified_time":"2025-08-14T14:46:11+00:00","twitter_card":"summary_large_image","twitter_misc":{"Estimeret l\u00e6setid":"2 minutter"},"schema":{"@context":"https:\/\/schema.org","@graph":[{"@type":"WebPage","@id":"https:\/\/uk-gb.net\/da\/uk-visumansogningsprocedure\/","url":"https:\/\/uk-gb.net\/da\/uk-visumansogningsprocedure\/","name":"Procedure for visumans\u00f8gning i Storbritannien - UK GB","isPartOf":{"@id":"https:\/\/uk-gb.net\/da\/#website"},"datePublished":"2024-02-25T10:31:56+00:00","dateModified":"2025-08-14T14:46:11+00:00","description":"Find ud af, hvordan du s\u00f8ger om et visum online til din rejse til Storbritannien i nogle f\u00e5 trin.","inLanguage":"da-DK","potentialAction":[{"@type":"ReadAction","target":["https:\/\/uk-gb.net\/da\/uk-visumansogningsprocedure\/"]}]},{"@type":"WebSite","@id":"https:\/\/uk-gb.net\/da\/#website","url":"https:\/\/uk-gb.net\/da\/","name":"UK GB","description":"Travel to the UK","potentialAction":[{"@type":"SearchAction","target":{"@type":"EntryPoint","urlTemplate":"https:\/\/uk-gb.net\/da\/?s={search_term_string}"},"query-input":{"@type":"PropertyValueSpecification","valueRequired":true,"valueName":"search_term_string"}}],"inLanguage":"da-DK"}]}},"_links":{"self":[{"href":"https:\/\/uk-gb.net\/da\/wp-json\/wp\/v2\/pages\/2535","targetHints":{"allow":["GET"]}}],"collection":[{"href":"https:\/\/uk-gb.net\/da\/wp-json\/wp\/v2\/pages"}],"about":[{"href":"https:\/\/uk-gb.net\/da\/wp-json\/wp\/v2\/types\/page"}],"author":[{"embeddable":true,"href":"https:\/\/uk-gb.net\/da\/wp-json\/wp\/v2\/users\/1"}],"replies":[{"embeddable":true,"href":"https:\/\/uk-gb.net\/da\/wp-json\/wp\/v2\/comments?post=2535"}],"version-history":[{"count":0,"href":"https:\/\/uk-gb.net\/da\/wp-json\/wp\/v2\/pages\/2535\/revisions"}],"wp:attachment":[{"href":"https:\/\/uk-gb.net\/da\/wp-json\/wp\/v2\/media?parent=2535"}],"curies":[{"name":"wp","href":"https:\/\/api.w.org\/{rel}","templated":true}]}}