{"id":2533,"date":"2024-02-25T10:29:22","date_gmt":"2024-02-25T10:29:22","guid":{"rendered":"https:\/\/uk-gb.net\/pris-eta-uk\/"},"modified":"2026-04-02T10:58:35","modified_gmt":"2026-04-02T09:58:35","slug":"pris-eta-uk","status":"publish","type":"page","link":"https:\/\/uk-gb.net\/da\/pris-eta-uk\/","title":{"rendered":"ETA-pris for Storbritannien"},"content":{"rendered":"\n<h1 class=\"wp-block-heading\">Hvad koster en ETA-tilladelse til Storbritannien?<\/h1>\n\n<p>Hvis du er statsborger i et land, der er berettiget til det britiske <strong>visumfritagelsesprogram<\/strong>, kan du <a href=\"https:\/\/uk-gb.net\/da\/online-formular-eta-visum-england\/\">ans\u00f8ge om en ETA<\/a> til at rejse ind i Storbritannien uden et <a href=\"https:\/\/uk-gb.net\/da\/forskellige-typer-britisk-visum\/\">britisk visum<\/a>. <\/p>\n\n<p><strong>Proceduren er hurtig og 100% online<\/strong> ved at udfylde <a href=\"https:\/\/uk-gb.net\/da\/online-formular-eta-visum-england\/\">ETA-formularen online<\/a>.<\/p>\n\n<div style=\"height:10px\" aria-hidden=\"true\" class=\"wp-block-spacer\"><\/div>\n\n<h2 class=\"wp-block-heading\">ETA-takst for Storbritannien<\/h2>\n\n<p>Den officielle pris for en ETA har v\u00e6ret <strong>\u00a320<\/strong> siden 8. april 2026, eller omkring <strong>\u20ac23<\/strong>. Det er en <strong>fast pris<\/strong>, som er identisk for alle ans\u00f8gere, uanset alder eller oprindelsesland. <\/p>\n\n<p>Det er betydeligt mindre end prisen p\u00e5 et <a href=\"https:\/\/uk-gb.net\/da\/storbritannien-turistvisum\/\">turistvisum<\/a>, som er p\u00e5 mindst <strong>115 pund<\/strong> for et kortvarigt ophold.<\/p>\n\n<h2 class=\"wp-block-heading\">Hvordan indstiller jeg ETA?<\/h2>\n\n<p>Betaling sker <strong>direkte online<\/strong> p\u00e5 ans\u00f8gningstidspunktet med kreditkort (Visa, Mastercard osv.). Betaling er <strong>obligatorisk<\/strong>, for at anmodningen kan tages i betragtning: ingen behandling p\u00e5begyndes, f\u00f8r betalingen er valideret. <\/p>\n\n<p>N\u00e5r betalingen er foretaget, g\u00e5r systemet straks i gang med at unders\u00f8ge din fil, og svaret sendes normalt via e-mail inden for et par timer (eller op til 3 dage, hvis der er behov for yderligere analyse).<\/p>\n\n<h2 class=\"wp-block-heading\">Ingen tilbagebetaling mulig<\/h2>\n\n<p>Det bel\u00f8b, du har betalt for en ETA, kan <strong>ikke refunderes<\/strong>, heller ikke hvis din ans\u00f8gning bliver afvist eller annulleret, eller hvis du \u00e6ndrer dine rejseplaner. Det er derfor vigtigt at tjekke, om du er <strong>berettiget<\/strong>, f\u00f8r du starter proceduren, is\u00e6r hvis du skifter pas, eller hvis du ikke er statsborger i et land, <a href=\"https:\/\/uk-gb.net\/da\/lande-der-kan-ansoge-eta-uk\/\">der er berettiget til ETA-programmet<\/a>. <\/p>\n\n<h2 class=\"wp-block-heading\">En ETA er gyldig i 2 \u00e5r<\/h2>\n\n<p>ETA&#8217;en er <strong>gyldig i 2 \u00e5r<\/strong>, eller indtil dit pas udl\u00f8ber, alt efter hvad der kommer f\u00f8rst. Det giver dig mulighed for at rejse ind i Storbritannien flere gange i l\u00f8bet af denne periode med ophold p\u00e5 <strong>mindre end 6 m\u00e5neder<\/strong> hver gang. <\/p>\n","protected":false},"excerpt":{"rendered":"<p>Hvad koster en ETA-tilladelse til Storbritannien? Hvis du er statsborger i et land, der er berettiget til det britiske visumfritagelsesprogram, kan du ans\u00f8ge om en ETA til at rejse ind i Storbritannien uden et britisk visum. Proceduren er hurtig og 100% online ved at udfylde ETA-formularen online. ETA-takst for Storbritannien Den officielle pris for en [&hellip;]<\/p>\n","protected":false},"author":1,"featured_media":0,"parent":0,"menu_order":0,"comment_status":"closed","ping_status":"closed","template":"","meta":{"footnotes":""},"class_list":["post-2533","page","type-page","status-publish","hentry"],"yoast_head":"<!-- This site is optimized with the Yoast SEO plugin v27.4 - https:\/\/yoast.com\/product\/yoast-seo-wordpress\/ -->\n<title>ETA-pris for Storbritannien - UK GB<\/title>\n<meta name=\"description\" content=\"Hvad er det administrative gebyr, der skal betales online for at validere en ans\u00f8gning om en elektronisk rejsetilladelse (ETA)?\" \/>\n<meta name=\"robots\" content=\"index, follow, max-snippet:-1, max-image-preview:large, max-video-preview:-1\" \/>\n<link rel=\"canonical\" href=\"https:\/\/uk-gb.net\/da\/pris-eta-uk\/\" \/>\n<meta property=\"og:locale\" content=\"da_DK\" \/>\n<meta property=\"og:type\" content=\"article\" \/>\n<meta property=\"og:title\" content=\"ETA-pris for Storbritannien - UK GB\" \/>\n<meta property=\"og:description\" content=\"Hvad er det administrative gebyr, der skal betales online for at validere en ans\u00f8gning om en elektronisk rejsetilladelse (ETA)?\" \/>\n<meta property=\"og:url\" content=\"https:\/\/uk-gb.net\/da\/pris-eta-uk\/\" \/>\n<meta property=\"og:site_name\" content=\"UK GB\" \/>\n<meta property=\"article:modified_time\" content=\"2026-04-02T09:58:35+00:00\" \/>\n<meta name=\"twitter:card\" content=\"summary_large_image\" \/>\n<meta name=\"twitter:label1\" content=\"Estimeret l\u00e6setid\" \/>\n\t<meta name=\"twitter:data1\" content=\"1 minut\" \/>\n<script type=\"application\/ld+json\" class=\"yoast-schema-graph\">{\"@context\":\"https:\\\/\\\/schema.org\",\"@graph\":[{\"@type\":\"WebPage\",\"@id\":\"https:\\\/\\\/uk-gb.net\\\/da\\\/pris-eta-uk\\\/\",\"url\":\"https:\\\/\\\/uk-gb.net\\\/da\\\/pris-eta-uk\\\/\",\"name\":\"ETA-pris for Storbritannien - UK GB\",\"isPartOf\":{\"@id\":\"https:\\\/\\\/uk-gb.net\\\/da\\\/#website\"},\"datePublished\":\"2024-02-25T10:29:22+00:00\",\"dateModified\":\"2026-04-02T09:58:35+00:00\",\"description\":\"Hvad er det administrative gebyr, der skal betales online for at validere en ans\u00f8gning om en elektronisk rejsetilladelse (ETA)?\",\"inLanguage\":\"da-DK\",\"potentialAction\":[{\"@type\":\"ReadAction\",\"target\":[\"https:\\\/\\\/uk-gb.net\\\/da\\\/pris-eta-uk\\\/\"]}]},{\"@type\":\"WebSite\",\"@id\":\"https:\\\/\\\/uk-gb.net\\\/da\\\/#website\",\"url\":\"https:\\\/\\\/uk-gb.net\\\/da\\\/\",\"name\":\"UK GB\",\"description\":\"Travel to the UK\",\"potentialAction\":[{\"@type\":\"SearchAction\",\"target\":{\"@type\":\"EntryPoint\",\"urlTemplate\":\"https:\\\/\\\/uk-gb.net\\\/da\\\/?s={search_term_string}\"},\"query-input\":{\"@type\":\"PropertyValueSpecification\",\"valueRequired\":true,\"valueName\":\"search_term_string\"}}],\"inLanguage\":\"da-DK\"}]}<\/script>\n<!-- \/ Yoast SEO plugin. -->","yoast_head_json":{"title":"ETA-pris for Storbritannien - UK GB","description":"Hvad er det administrative gebyr, der skal betales online for at validere en ans\u00f8gning om en elektronisk rejsetilladelse (ETA)?","robots":{"index":"index","follow":"follow","max-snippet":"max-snippet:-1","max-image-preview":"max-image-preview:large","max-video-preview":"max-video-preview:-1"},"canonical":"https:\/\/uk-gb.net\/da\/pris-eta-uk\/","og_locale":"da_DK","og_type":"article","og_title":"ETA-pris for Storbritannien - UK GB","og_description":"Hvad er det administrative gebyr, der skal betales online for at validere en ans\u00f8gning om en elektronisk rejsetilladelse (ETA)?","og_url":"https:\/\/uk-gb.net\/da\/pris-eta-uk\/","og_site_name":"UK GB","article_modified_time":"2026-04-02T09:58:35+00:00","twitter_card":"summary_large_image","twitter_misc":{"Estimeret l\u00e6setid":"1 minut"},"schema":{"@context":"https:\/\/schema.org","@graph":[{"@type":"WebPage","@id":"https:\/\/uk-gb.net\/da\/pris-eta-uk\/","url":"https:\/\/uk-gb.net\/da\/pris-eta-uk\/","name":"ETA-pris for Storbritannien - UK GB","isPartOf":{"@id":"https:\/\/uk-gb.net\/da\/#website"},"datePublished":"2024-02-25T10:29:22+00:00","dateModified":"2026-04-02T09:58:35+00:00","description":"Hvad er det administrative gebyr, der skal betales online for at validere en ans\u00f8gning om en elektronisk rejsetilladelse (ETA)?","inLanguage":"da-DK","potentialAction":[{"@type":"ReadAction","target":["https:\/\/uk-gb.net\/da\/pris-eta-uk\/"]}]},{"@type":"WebSite","@id":"https:\/\/uk-gb.net\/da\/#website","url":"https:\/\/uk-gb.net\/da\/","name":"UK GB","description":"Travel to the UK","potentialAction":[{"@type":"SearchAction","target":{"@type":"EntryPoint","urlTemplate":"https:\/\/uk-gb.net\/da\/?s={search_term_string}"},"query-input":{"@type":"PropertyValueSpecification","valueRequired":true,"valueName":"search_term_string"}}],"inLanguage":"da-DK"}]}},"_links":{"self":[{"href":"https:\/\/uk-gb.net\/da\/wp-json\/wp\/v2\/pages\/2533","targetHints":{"allow":["GET"]}}],"collection":[{"href":"https:\/\/uk-gb.net\/da\/wp-json\/wp\/v2\/pages"}],"about":[{"href":"https:\/\/uk-gb.net\/da\/wp-json\/wp\/v2\/types\/page"}],"author":[{"embeddable":true,"href":"https:\/\/uk-gb.net\/da\/wp-json\/wp\/v2\/users\/1"}],"replies":[{"embeddable":true,"href":"https:\/\/uk-gb.net\/da\/wp-json\/wp\/v2\/comments?post=2533"}],"version-history":[{"count":0,"href":"https:\/\/uk-gb.net\/da\/wp-json\/wp\/v2\/pages\/2533\/revisions"}],"wp:attachment":[{"href":"https:\/\/uk-gb.net\/da\/wp-json\/wp\/v2\/media?parent=2533"}],"curies":[{"name":"wp","href":"https:\/\/api.w.org\/{rel}","templated":true}]}}