{"id":2531,"date":"2023-12-07T16:41:44","date_gmt":"2023-12-07T16:41:44","guid":{"rendered":"https:\/\/uk-gb.net\/hvor-meget-koster-et-visum-england\/"},"modified":"2025-11-17T15:53:47","modified_gmt":"2025-11-17T15:53:47","slug":"hvor-meget-koster-et-visum-england","status":"publish","type":"page","link":"https:\/\/uk-gb.net\/da\/hvor-meget-koster-et-visum-england\/","title":{"rendered":"Omkostninger ved at f\u00e5 visum til at rejse til England"},"content":{"rendered":"\n<h1 class=\"wp-block-heading\">Hvad koster et visum til Storbritannien?<\/h1>\n\n<p>Alle visumans\u00f8gninger til Storbritannien er underlagt et obligatorisk gebyr. Dette gebyr d\u00e6kker de administrative omkostninger ved at unders\u00f8ge og behandle ans\u00f8gninger. Gebyret varierer afh\u00e6ngigt af den <strong>type visum<\/strong>, der <strong>ans\u00f8ges<\/strong> om, <strong>opholdets l\u00e6ngde<\/strong> og <strong>ans\u00f8gerens bop\u00e6lsland<\/strong>.  <\/p>\n\n<p><strong>For et turistophold <\/strong>: Det er ikke n\u00f8dvendigt at f\u00e5 et visum; du skal blot udfylde <a href=\"https:\/\/uk-gb.net\/da\/online-formular-eta-visum-england\/\">ETA-formularen online.<\/a><\/p>\n\n<div style=\"height:10px\" aria-hidden=\"true\" class=\"wp-block-spacer\"><\/div>\n\n<p>Her er nogle vejledende eksempler for \u00e5r <strong>2025:<\/strong><\/p>\n\n<figure class=\"wp-block-table\"><table><tbody><tr><td><strong>Visum til bes\u00f8gende<\/strong><\/td><td class=\"has-text-align-center\" data-align=\"center\"><strong>Visumgebyrer<\/strong><\/td><\/tr><tr><td><a href=\"https:\/\/uk-gb.net\/da\/storbritannien-turistvisum\/\">Turistvisum<\/a> til kortvarigt ophold i op til 6 m\u00e5neder<\/td><td class=\"has-text-align-center\" data-align=\"center\">\u00a3 115<\/td><\/tr><tr><td>Langtidsbes\u00f8gsvisum (2 \u00e5r)<\/td><td class=\"has-text-align-center\" data-align=\"center\">\u00a3 400<\/td><\/tr><tr><td>Langtidsbes\u00f8gsvisum (5 \u00e5r)<\/td><td class=\"has-text-align-center\" data-align=\"center\">\u00a3 771<\/td><\/tr><tr><td>Langtidsbes\u00f8gsvisum (10 \u00e5r)<\/td><td class=\"has-text-align-center\" data-align=\"center\">\u00a3 963<\/td><\/tr><\/tbody><\/table><figcaption class=\"wp-element-caption\">Tabel over visumgebyrer for bes\u00f8gsvisum<\/figcaption><\/figure>\n\n<figure class=\"wp-block-table\"><table><tbody><tr><td><strong>Transit visum<\/strong><\/td><td class=\"has-text-align-center\" data-align=\"center\"><strong><strong>Visumgebyrer<\/strong><\/strong><\/td><\/tr><tr><td>Direct Airside Transit Visa (DATV) for passagerer, der opholder sig i den internationale zone<\/td><td class=\"has-text-align-center\" data-align=\"center\">\u00a3 39<\/td><\/tr><tr><td>Visum til bes\u00f8gende i transit: til passagerer, der skal igennem gr\u00e6nsekontrol<\/td><td class=\"has-text-align-center\" data-align=\"center\">\u00a3 64<\/td><\/tr><\/tbody><\/table><figcaption class=\"wp-element-caption\">Disse visa tillader et maksimalt ophold p\u00e5 48 timer i Storbritannien.<\/figcaption><\/figure>\n\n<div style=\"height:10px\" aria-hidden=\"true\" class=\"wp-block-spacer\"><\/div>\n\n<h2 class=\"wp-block-heading\">Gebyrer for studievisum til Storbritannien<\/h2>\n\n<p>Internationale studerende, der \u00f8nsker at studere i Storbritannien, skal have et <a href=\"https:\/\/uk-gb.net\/da\/uk-studerende-visum\/\">studievisum<\/a>.<\/p>\n\n<figure class=\"wp-block-table\"><table><tbody><tr><td><strong>Kortvarigt studievisum<\/strong><\/td><td class=\"has-text-align-center\" data-align=\"center\"><strong><strong>Visumgebyrer<\/strong><\/strong><\/td><\/tr><tr><td>Gebyr for visumans\u00f8gning<\/td><td class=\"has-text-align-center\" data-align=\"center\">\u00a3 524<\/td><\/tr><tr><td>Till\u00e6g for immigrationssundhed pr. \u00e5r<\/td><td class=\"has-text-align-center\" data-align=\"center\">\u00a3 776<\/td><\/tr><\/tbody><\/table><figcaption class=\"wp-element-caption\">Betaling af IHS er obligatorisk og giver adgang til det nationale sundhedsv\u00e6sen under hele opholdet.<\/figcaption><\/figure>\n\n<div style=\"height:10px\" aria-hidden=\"true\" class=\"wp-block-spacer\"><\/div>\n\n<h2 class=\"wp-block-heading\">Kan britiske visumgebyrer betales i lokal valuta?<\/h2>\n\n<p>Visagebyrer er fastsat i <strong>britiske pund (\u00a3)<\/strong>. Betaling kan dog normalt foretages i bop\u00e6lslandets <g id=\"gid_1\">lokale valuta<\/g> baseret p\u00e5 den valutakurs, der anvendes af den britiske regering. Denne kurs opdateres regelm\u00e6ssigt og anvendes automatisk, n\u00e5r du betaler online.  <\/p>\n","protected":false},"excerpt":{"rendered":"<p>Hvad koster et visum til Storbritannien? Alle visumans\u00f8gninger til Storbritannien er underlagt et obligatorisk gebyr. Dette gebyr d\u00e6kker de administrative omkostninger ved at unders\u00f8ge og behandle ans\u00f8gninger. Gebyret varierer afh\u00e6ngigt af den type visum, der ans\u00f8ges om, opholdets l\u00e6ngde og ans\u00f8gerens bop\u00e6lsland. For et turistophold : Det er ikke n\u00f8dvendigt at f\u00e5 et visum; du [&hellip;]<\/p>\n","protected":false},"author":1,"featured_media":0,"parent":0,"menu_order":0,"comment_status":"closed","ping_status":"closed","template":"","meta":{"footnotes":""},"class_list":["post-2531","page","type-page","status-publish","hentry"],"yoast_head":"<!-- This site is optimized with the Yoast SEO plugin v27.4 - https:\/\/yoast.com\/product\/yoast-seo-wordpress\/ -->\n<title>Omkostninger ved at f\u00e5 visum til at rejse til England - UK GB<\/title>\n<meta name=\"description\" content=\"Hvad er de administrative gebyrer for at ans\u00f8ge om et visum til at rejse i Storbritannien?\" \/>\n<meta name=\"robots\" content=\"index, follow, max-snippet:-1, max-image-preview:large, max-video-preview:-1\" \/>\n<link rel=\"canonical\" href=\"https:\/\/uk-gb.net\/da\/hvor-meget-koster-et-visum-england\/\" \/>\n<meta property=\"og:locale\" content=\"da_DK\" \/>\n<meta property=\"og:type\" content=\"article\" \/>\n<meta property=\"og:title\" content=\"Omkostninger ved at f\u00e5 visum til at rejse til England - UK GB\" \/>\n<meta property=\"og:description\" content=\"Hvad er de administrative gebyrer for at ans\u00f8ge om et visum til at rejse i Storbritannien?\" \/>\n<meta property=\"og:url\" content=\"https:\/\/uk-gb.net\/da\/hvor-meget-koster-et-visum-england\/\" \/>\n<meta property=\"og:site_name\" content=\"UK GB\" \/>\n<meta property=\"article:modified_time\" content=\"2025-11-17T15:53:47+00:00\" \/>\n<meta name=\"twitter:card\" content=\"summary_large_image\" \/>\n<meta name=\"twitter:label1\" content=\"Estimeret l\u00e6setid\" \/>\n\t<meta name=\"twitter:data1\" content=\"1 minut\" \/>\n<script type=\"application\/ld+json\" class=\"yoast-schema-graph\">{\"@context\":\"https:\\\/\\\/schema.org\",\"@graph\":[{\"@type\":\"WebPage\",\"@id\":\"https:\\\/\\\/uk-gb.net\\\/da\\\/hvor-meget-koster-et-visum-england\\\/\",\"url\":\"https:\\\/\\\/uk-gb.net\\\/da\\\/hvor-meget-koster-et-visum-england\\\/\",\"name\":\"Omkostninger ved at f\u00e5 visum til at rejse til England - UK GB\",\"isPartOf\":{\"@id\":\"https:\\\/\\\/uk-gb.net\\\/da\\\/#website\"},\"datePublished\":\"2023-12-07T16:41:44+00:00\",\"dateModified\":\"2025-11-17T15:53:47+00:00\",\"description\":\"Hvad er de administrative gebyrer for at ans\u00f8ge om et visum til at rejse i Storbritannien?\",\"inLanguage\":\"da-DK\",\"potentialAction\":[{\"@type\":\"ReadAction\",\"target\":[\"https:\\\/\\\/uk-gb.net\\\/da\\\/hvor-meget-koster-et-visum-england\\\/\"]}]},{\"@type\":\"WebSite\",\"@id\":\"https:\\\/\\\/uk-gb.net\\\/da\\\/#website\",\"url\":\"https:\\\/\\\/uk-gb.net\\\/da\\\/\",\"name\":\"UK GB\",\"description\":\"Travel to the UK\",\"potentialAction\":[{\"@type\":\"SearchAction\",\"target\":{\"@type\":\"EntryPoint\",\"urlTemplate\":\"https:\\\/\\\/uk-gb.net\\\/da\\\/?s={search_term_string}\"},\"query-input\":{\"@type\":\"PropertyValueSpecification\",\"valueRequired\":true,\"valueName\":\"search_term_string\"}}],\"inLanguage\":\"da-DK\"}]}<\/script>\n<!-- \/ Yoast SEO plugin. -->","yoast_head_json":{"title":"Omkostninger ved at f\u00e5 visum til at rejse til England - UK GB","description":"Hvad er de administrative gebyrer for at ans\u00f8ge om et visum til at rejse i Storbritannien?","robots":{"index":"index","follow":"follow","max-snippet":"max-snippet:-1","max-image-preview":"max-image-preview:large","max-video-preview":"max-video-preview:-1"},"canonical":"https:\/\/uk-gb.net\/da\/hvor-meget-koster-et-visum-england\/","og_locale":"da_DK","og_type":"article","og_title":"Omkostninger ved at f\u00e5 visum til at rejse til England - UK GB","og_description":"Hvad er de administrative gebyrer for at ans\u00f8ge om et visum til at rejse i Storbritannien?","og_url":"https:\/\/uk-gb.net\/da\/hvor-meget-koster-et-visum-england\/","og_site_name":"UK GB","article_modified_time":"2025-11-17T15:53:47+00:00","twitter_card":"summary_large_image","twitter_misc":{"Estimeret l\u00e6setid":"1 minut"},"schema":{"@context":"https:\/\/schema.org","@graph":[{"@type":"WebPage","@id":"https:\/\/uk-gb.net\/da\/hvor-meget-koster-et-visum-england\/","url":"https:\/\/uk-gb.net\/da\/hvor-meget-koster-et-visum-england\/","name":"Omkostninger ved at f\u00e5 visum til at rejse til England - UK GB","isPartOf":{"@id":"https:\/\/uk-gb.net\/da\/#website"},"datePublished":"2023-12-07T16:41:44+00:00","dateModified":"2025-11-17T15:53:47+00:00","description":"Hvad er de administrative gebyrer for at ans\u00f8ge om et visum til at rejse i Storbritannien?","inLanguage":"da-DK","potentialAction":[{"@type":"ReadAction","target":["https:\/\/uk-gb.net\/da\/hvor-meget-koster-et-visum-england\/"]}]},{"@type":"WebSite","@id":"https:\/\/uk-gb.net\/da\/#website","url":"https:\/\/uk-gb.net\/da\/","name":"UK GB","description":"Travel to the UK","potentialAction":[{"@type":"SearchAction","target":{"@type":"EntryPoint","urlTemplate":"https:\/\/uk-gb.net\/da\/?s={search_term_string}"},"query-input":{"@type":"PropertyValueSpecification","valueRequired":true,"valueName":"search_term_string"}}],"inLanguage":"da-DK"}]}},"_links":{"self":[{"href":"https:\/\/uk-gb.net\/da\/wp-json\/wp\/v2\/pages\/2531","targetHints":{"allow":["GET"]}}],"collection":[{"href":"https:\/\/uk-gb.net\/da\/wp-json\/wp\/v2\/pages"}],"about":[{"href":"https:\/\/uk-gb.net\/da\/wp-json\/wp\/v2\/types\/page"}],"author":[{"embeddable":true,"href":"https:\/\/uk-gb.net\/da\/wp-json\/wp\/v2\/users\/1"}],"replies":[{"embeddable":true,"href":"https:\/\/uk-gb.net\/da\/wp-json\/wp\/v2\/comments?post=2531"}],"version-history":[{"count":0,"href":"https:\/\/uk-gb.net\/da\/wp-json\/wp\/v2\/pages\/2531\/revisions"}],"wp:attachment":[{"href":"https:\/\/uk-gb.net\/da\/wp-json\/wp\/v2\/media?parent=2531"}],"curies":[{"name":"wp","href":"https:\/\/api.w.org\/{rel}","templated":true}]}}