{"id":2523,"date":"2023-12-19T19:58:55","date_gmt":"2023-12-19T19:58:55","guid":{"rendered":"https:\/\/uk-gb.net\/lande-der-kan-ansoge-eta-uk\/"},"modified":"2025-08-14T15:40:20","modified_gmt":"2025-08-14T14:40:20","slug":"lande-der-kan-ansoge-eta-uk","status":"publish","type":"page","link":"https:\/\/uk-gb.net\/da\/lande-der-kan-ansoge-eta-uk\/","title":{"rendered":"Lande, der er berettiget til ETA i Storbritannien"},"content":{"rendered":"\n<h1 class=\"wp-block-heading\">Hvilke landes statsborgere kan f\u00e5 en ETA Storbritannien<\/h1>\n\n<p>Her er listen over lande, hvis statsborgere er berettiget til ETA for at rejse til Storbritannien, sammen med de vigtigste datoer, hvor ordningen blev indf\u00f8rt:<\/p>\n\n<figure class=\"wp-block-table\"><table><tbody><tr><td><strong>Lande, der er berettiget til ETA, og ans\u00f8gningsdatoer<\/strong><\/td><td><strong>Startdato for kravet om at have en ETA til at rejse<\/strong><\/td><\/tr><tr><td>Qatar<\/td><td>15. november 2023<\/td><\/tr><tr><td>Saudi-Arabien, Bahrain, De Forenede Arabiske Emirater, Kuwait, Oman<\/td><td>22. februar 2024<\/td><\/tr><tr><td>Antigua og Barbuda, Argentina, Australien, Bahamas, Barbados, Belize, Botswana, Brasilien, Brunei, Canada, Chile, Costa Rica, Grenada, Guatemala, Guyana, Hong Kong, Israel, Japan, Kiribati, Macao, Malaysia, Maldiverne, Marshall\u00f8erne, Mauritius, Mexico, Mikronesiens Forenede Stater, Nauru, New Zealand, Nicaragua, Palau, Panama, Papua Ny Guinea, Paraguay, Peru, Samoa, Seychellerne, Singapore, Salomon\u00f8erne, Sydkorea, Saint Kitts og Nevis, Saint Lucia, Vincent og Grenada, New Zealand, Nicaragua, Palau, Panama, Papua Ny Guinea, Paraguay, Peru, Samoa, Seychellerne, Singapore, Salomon\u00f8erne, Sydkorea, Saint Kitts og Nevis, Saint Lucia, Saint Vincent og Grenadinerne, Taiwan, Tonga, Trinidad og Tobago, Tuvalu, USA, Uruguay.<\/td><td>8. januar 2025<\/td><\/tr><tr><td><strong>Europ\u00e6iske lande<\/strong>: Andorra, \u00d8strig, Belgien, Bulgarien, Kroatien, Cypern, Tjekkiet, Danmark, Estland, Finland, Frankrig, Tyskland, Gr\u00e6kenland, Ungarn, Island, Italien, Letland, Liechtenstein, Litauen, Luxembourg, Malta, Monaco, Holland, Norge, Polen, Portugal, Rum\u00e6nien, San Marino, Slovakiet, Slovenien, Spanien, Sverige, Schweiz, Vatikanstaten.<\/td><td>2. april 2025<\/td><\/tr><\/tbody><\/table><figcaption class=\"wp-element-caption\">Liste over lande, der har tilladelse til at anmode om en ETA for Storbritannien<\/figcaption><\/figure>\n\n<p>EU-borgere skal derfor rejse med en britisk ETA fra 2. april 2025. De skal <a href=\"https:\/\/uk-gb.net\/da\/online-formular-eta-visum-england\/\">ans\u00f8ge om et britisk ETA online<\/a>. <\/p>\n\n<h2 class=\"wp-block-heading\">Undtagelser fra ETA<\/h2>\n\n<p>F\u00f8lgende personer beh\u00f8ver ikke at ans\u00f8ge om en ETA:<\/p>\n\n<ul class=\"wp-block-list\">\n<li>Britiske eller irske statsborgere<\/li>\n\n\n\n<li>Indehaver af et gyldigt britisk visum<\/li>\n\n\n\n<li>Permanent eller midlertidig bosiddende i Storbritannien (settled eller pre-settled status)<\/li>\n\n\n\n<li>Lovligt bosiddende i Irland, der rejser fra Irland eller Kanal\u00f8erne<\/li>\n\n\n\n<li>B\u00f8rn under 18 \u00e5r, der deltager i en organiseret skolerejse (p\u00e5 visse betingelser)<\/li>\n<\/ul>\n","protected":false},"excerpt":{"rendered":"<p>Hvilke landes statsborgere kan f\u00e5 en ETA Storbritannien Her er listen over lande, hvis statsborgere er berettiget til ETA for at rejse til Storbritannien, sammen med de vigtigste datoer, hvor ordningen blev indf\u00f8rt: EU-borgere skal derfor rejse med en britisk ETA fra 2. april 2025. De skal ans\u00f8ge om et britisk ETA online. Undtagelser fra [&hellip;]<\/p>\n","protected":false},"author":1,"featured_media":0,"parent":0,"menu_order":0,"comment_status":"closed","ping_status":"closed","template":"","meta":{"footnotes":""},"class_list":["post-2523","page","type-page","status-publish","hentry"],"yoast_head":"<!-- This site is optimized with the Yoast SEO plugin v27.4 - https:\/\/yoast.com\/product\/yoast-seo-wordpress\/ -->\n<title>Lande, der er berettiget til ETA i Storbritannien - UK GB<\/title>\n<meta name=\"description\" content=\"Her er listen over lande, hvis statsborgere kan ans\u00f8ge om en ETA for at rejse til Storbritannien uden at have brug for visum\" \/>\n<meta name=\"robots\" content=\"index, follow, max-snippet:-1, max-image-preview:large, max-video-preview:-1\" \/>\n<link rel=\"canonical\" href=\"https:\/\/uk-gb.net\/da\/lande-der-kan-ansoge-eta-uk\/\" \/>\n<meta property=\"og:locale\" content=\"da_DK\" \/>\n<meta property=\"og:type\" content=\"article\" \/>\n<meta property=\"og:title\" content=\"Lande, der er berettiget til ETA i Storbritannien - UK GB\" \/>\n<meta property=\"og:description\" content=\"Her er listen over lande, hvis statsborgere kan ans\u00f8ge om en ETA for at rejse til Storbritannien uden at have brug for visum\" \/>\n<meta property=\"og:url\" content=\"https:\/\/uk-gb.net\/da\/lande-der-kan-ansoge-eta-uk\/\" \/>\n<meta property=\"og:site_name\" content=\"UK GB\" \/>\n<meta property=\"article:modified_time\" content=\"2025-08-14T14:40:20+00:00\" \/>\n<meta name=\"twitter:card\" content=\"summary_large_image\" \/>\n<meta name=\"twitter:label1\" content=\"Estimeret l\u00e6setid\" \/>\n\t<meta name=\"twitter:data1\" content=\"1 minut\" \/>\n<script type=\"application\/ld+json\" class=\"yoast-schema-graph\">{\"@context\":\"https:\\\/\\\/schema.org\",\"@graph\":[{\"@type\":\"WebPage\",\"@id\":\"https:\\\/\\\/uk-gb.net\\\/da\\\/lande-der-kan-ansoge-eta-uk\\\/\",\"url\":\"https:\\\/\\\/uk-gb.net\\\/da\\\/lande-der-kan-ansoge-eta-uk\\\/\",\"name\":\"Lande, der er berettiget til ETA i Storbritannien - UK GB\",\"isPartOf\":{\"@id\":\"https:\\\/\\\/uk-gb.net\\\/da\\\/#website\"},\"datePublished\":\"2023-12-19T19:58:55+00:00\",\"dateModified\":\"2025-08-14T14:40:20+00:00\",\"description\":\"Her er listen over lande, hvis statsborgere kan ans\u00f8ge om en ETA for at rejse til Storbritannien uden at have brug for visum\",\"inLanguage\":\"da-DK\",\"potentialAction\":[{\"@type\":\"ReadAction\",\"target\":[\"https:\\\/\\\/uk-gb.net\\\/da\\\/lande-der-kan-ansoge-eta-uk\\\/\"]}]},{\"@type\":\"WebSite\",\"@id\":\"https:\\\/\\\/uk-gb.net\\\/da\\\/#website\",\"url\":\"https:\\\/\\\/uk-gb.net\\\/da\\\/\",\"name\":\"UK GB\",\"description\":\"Travel to the UK\",\"potentialAction\":[{\"@type\":\"SearchAction\",\"target\":{\"@type\":\"EntryPoint\",\"urlTemplate\":\"https:\\\/\\\/uk-gb.net\\\/da\\\/?s={search_term_string}\"},\"query-input\":{\"@type\":\"PropertyValueSpecification\",\"valueRequired\":true,\"valueName\":\"search_term_string\"}}],\"inLanguage\":\"da-DK\"}]}<\/script>\n<!-- \/ Yoast SEO plugin. -->","yoast_head_json":{"title":"Lande, der er berettiget til ETA i Storbritannien - UK GB","description":"Her er listen over lande, hvis statsborgere kan ans\u00f8ge om en ETA for at rejse til Storbritannien uden at have brug for visum","robots":{"index":"index","follow":"follow","max-snippet":"max-snippet:-1","max-image-preview":"max-image-preview:large","max-video-preview":"max-video-preview:-1"},"canonical":"https:\/\/uk-gb.net\/da\/lande-der-kan-ansoge-eta-uk\/","og_locale":"da_DK","og_type":"article","og_title":"Lande, der er berettiget til ETA i Storbritannien - UK GB","og_description":"Her er listen over lande, hvis statsborgere kan ans\u00f8ge om en ETA for at rejse til Storbritannien uden at have brug for visum","og_url":"https:\/\/uk-gb.net\/da\/lande-der-kan-ansoge-eta-uk\/","og_site_name":"UK GB","article_modified_time":"2025-08-14T14:40:20+00:00","twitter_card":"summary_large_image","twitter_misc":{"Estimeret l\u00e6setid":"1 minut"},"schema":{"@context":"https:\/\/schema.org","@graph":[{"@type":"WebPage","@id":"https:\/\/uk-gb.net\/da\/lande-der-kan-ansoge-eta-uk\/","url":"https:\/\/uk-gb.net\/da\/lande-der-kan-ansoge-eta-uk\/","name":"Lande, der er berettiget til ETA i Storbritannien - UK GB","isPartOf":{"@id":"https:\/\/uk-gb.net\/da\/#website"},"datePublished":"2023-12-19T19:58:55+00:00","dateModified":"2025-08-14T14:40:20+00:00","description":"Her er listen over lande, hvis statsborgere kan ans\u00f8ge om en ETA for at rejse til Storbritannien uden at have brug for visum","inLanguage":"da-DK","potentialAction":[{"@type":"ReadAction","target":["https:\/\/uk-gb.net\/da\/lande-der-kan-ansoge-eta-uk\/"]}]},{"@type":"WebSite","@id":"https:\/\/uk-gb.net\/da\/#website","url":"https:\/\/uk-gb.net\/da\/","name":"UK GB","description":"Travel to the UK","potentialAction":[{"@type":"SearchAction","target":{"@type":"EntryPoint","urlTemplate":"https:\/\/uk-gb.net\/da\/?s={search_term_string}"},"query-input":{"@type":"PropertyValueSpecification","valueRequired":true,"valueName":"search_term_string"}}],"inLanguage":"da-DK"}]}},"_links":{"self":[{"href":"https:\/\/uk-gb.net\/da\/wp-json\/wp\/v2\/pages\/2523","targetHints":{"allow":["GET"]}}],"collection":[{"href":"https:\/\/uk-gb.net\/da\/wp-json\/wp\/v2\/pages"}],"about":[{"href":"https:\/\/uk-gb.net\/da\/wp-json\/wp\/v2\/types\/page"}],"author":[{"embeddable":true,"href":"https:\/\/uk-gb.net\/da\/wp-json\/wp\/v2\/users\/1"}],"replies":[{"embeddable":true,"href":"https:\/\/uk-gb.net\/da\/wp-json\/wp\/v2\/comments?post=2523"}],"version-history":[{"count":0,"href":"https:\/\/uk-gb.net\/da\/wp-json\/wp\/v2\/pages\/2523\/revisions"}],"wp:attachment":[{"href":"https:\/\/uk-gb.net\/da\/wp-json\/wp\/v2\/media?parent=2523"}],"curies":[{"name":"wp","href":"https:\/\/api.w.org\/{rel}","templated":true}]}}