{"id":2521,"date":"2023-11-13T17:36:02","date_gmt":"2023-11-13T17:36:02","guid":{"rendered":"https:\/\/uk-gb.net\/juridisk-meddelelse\/"},"modified":"2025-08-14T15:39:11","modified_gmt":"2025-08-14T14:39:11","slug":"juridisk-meddelelse","status":"publish","type":"page","link":"https:\/\/uk-gb.net\/da\/juridisk-meddelelse\/","title":{"rendered":"Juridisk information"},"content":{"rendered":"\n<h1 class=\"wp-block-heading\">Juridisk meddelelse<\/h1>\n\n<p>Vi udgiver en informationshjemmeside om turistophold i Storbritannien. Hjemmesiden og driftsselskabet er uafh\u00e6ngige af enhver offentlig administration. De har ingen forbindelse til den britiske administration.  <\/p>\n\n<h2 class=\"wp-block-heading\">Redakt\u00f8r af hjemmeside<\/h2>\n\n<p>Webstedet udgives af en konsulentvirksomhed, der er registreret i Malta inden for Det Europ\u00e6iske F\u00e6llesskab. Vores publikationschef er Manuel Borg.  Brug venligst <a href=\"https:\/\/uk-gb.net\/da\/kontakt\/\">kontakt formularen<\/a> for at kontakte os.<\/p>\n\n<p>Vi er en privat hjemmeside, der er dedikeret til at give information.\nHjemmesiden tilbyder ingen kommercielle onlinetjenester. <\/p>\n\n<p>Webstedet indeholder reklamehyperlinks, der kan henvise brugere til eksterne tredjepartswebsteder: Vi er ikke ansvarlige for deres fortrolighedspolitikker eller deres kommercielle praksis.<\/p>\n\n<h2 class=\"wp-block-heading\">Behandling af personoplysninger<\/h2>\n\n<p>Vi indsamler ikke personoplysninger via onlineformularer. Den eneste formular p\u00e5 vores side er en simpel kontaktformular. De oplysninger, der indtastes for at kontakte os, slettes regelm\u00e6ssigt. Bes\u00f8gende har ret til at f\u00e5 adgang til, \u00e6ndre, berigtige og slette disse data.    For at g\u00f8re brug af denne ret skal du kontakte os via <a href=\"https:\/\/uk-gb.net\/da\/kontakt\/\">kontakt formularen<\/a>.<\/p>\n","protected":false},"excerpt":{"rendered":"<p>Juridisk meddelelse Vi udgiver en informationshjemmeside om turistophold i Storbritannien. Hjemmesiden og driftsselskabet er uafh\u00e6ngige af enhver offentlig administration. De har ingen forbindelse til den britiske administration. Redakt\u00f8r af hjemmeside Webstedet udgives af en konsulentvirksomhed, der er registreret i Malta inden for Det Europ\u00e6iske F\u00e6llesskab. Vores publikationschef er Manuel Borg. Brug venligst kontakt formularen for [&hellip;]<\/p>\n","protected":false},"author":1,"featured_media":0,"parent":0,"menu_order":0,"comment_status":"closed","ping_status":"closed","template":"","meta":{"footnotes":""},"class_list":["post-2521","page","type-page","status-publish","hentry"],"yoast_head":"<!-- This site is optimized with the Yoast SEO plugin v27.3 - https:\/\/yoast.com\/product\/yoast-seo-wordpress\/ -->\n<title>Juridisk information - UK GB<\/title>\n<meta name=\"description\" content=\"Juridisk meddelelse for webstedet uk-gb.net\" \/>\n<meta name=\"robots\" content=\"noindex, nofollow\" \/>\n<meta property=\"og:locale\" content=\"da_DK\" \/>\n<meta property=\"og:type\" content=\"article\" \/>\n<meta property=\"og:title\" content=\"Juridisk information - UK GB\" \/>\n<meta property=\"og:description\" content=\"Juridisk meddelelse for webstedet uk-gb.net\" \/>\n<meta property=\"og:url\" content=\"https:\/\/uk-gb.net\/da\/juridisk-meddelelse\/\" \/>\n<meta property=\"og:site_name\" content=\"UK GB\" \/>\n<meta property=\"article:modified_time\" content=\"2025-08-14T14:39:11+00:00\" \/>\n<meta name=\"twitter:card\" content=\"summary_large_image\" \/>\n<meta name=\"twitter:label1\" content=\"Estimeret l\u00e6setid\" \/>\n\t<meta name=\"twitter:data1\" content=\"1 minut\" \/>\n<script type=\"application\/ld+json\" class=\"yoast-schema-graph\">{\"@context\":\"https:\\\/\\\/schema.org\",\"@graph\":[{\"@type\":\"WebPage\",\"@id\":\"https:\\\/\\\/uk-gb.net\\\/da\\\/juridisk-meddelelse\\\/\",\"url\":\"https:\\\/\\\/uk-gb.net\\\/da\\\/juridisk-meddelelse\\\/\",\"name\":\"Juridisk information - UK GB\",\"isPartOf\":{\"@id\":\"https:\\\/\\\/uk-gb.net\\\/da\\\/#website\"},\"datePublished\":\"2023-11-13T17:36:02+00:00\",\"dateModified\":\"2025-08-14T14:39:11+00:00\",\"description\":\"Juridisk meddelelse for webstedet uk-gb.net\",\"inLanguage\":\"da-DK\",\"potentialAction\":[{\"@type\":\"ReadAction\",\"target\":[\"https:\\\/\\\/uk-gb.net\\\/da\\\/juridisk-meddelelse\\\/\"]}]},{\"@type\":\"WebSite\",\"@id\":\"https:\\\/\\\/uk-gb.net\\\/da\\\/#website\",\"url\":\"https:\\\/\\\/uk-gb.net\\\/da\\\/\",\"name\":\"UK GB\",\"description\":\"Travel to the UK\",\"potentialAction\":[{\"@type\":\"SearchAction\",\"target\":{\"@type\":\"EntryPoint\",\"urlTemplate\":\"https:\\\/\\\/uk-gb.net\\\/da\\\/?s={search_term_string}\"},\"query-input\":{\"@type\":\"PropertyValueSpecification\",\"valueRequired\":true,\"valueName\":\"search_term_string\"}}],\"inLanguage\":\"da-DK\"}]}<\/script>\n<!-- \/ Yoast SEO plugin. -->","yoast_head_json":{"title":"Juridisk information - UK GB","description":"Juridisk meddelelse for webstedet uk-gb.net","robots":{"index":"noindex","follow":"nofollow"},"og_locale":"da_DK","og_type":"article","og_title":"Juridisk information - UK GB","og_description":"Juridisk meddelelse for webstedet uk-gb.net","og_url":"https:\/\/uk-gb.net\/da\/juridisk-meddelelse\/","og_site_name":"UK GB","article_modified_time":"2025-08-14T14:39:11+00:00","twitter_card":"summary_large_image","twitter_misc":{"Estimeret l\u00e6setid":"1 minut"},"schema":{"@context":"https:\/\/schema.org","@graph":[{"@type":"WebPage","@id":"https:\/\/uk-gb.net\/da\/juridisk-meddelelse\/","url":"https:\/\/uk-gb.net\/da\/juridisk-meddelelse\/","name":"Juridisk information - UK GB","isPartOf":{"@id":"https:\/\/uk-gb.net\/da\/#website"},"datePublished":"2023-11-13T17:36:02+00:00","dateModified":"2025-08-14T14:39:11+00:00","description":"Juridisk meddelelse for webstedet uk-gb.net","inLanguage":"da-DK","potentialAction":[{"@type":"ReadAction","target":["https:\/\/uk-gb.net\/da\/juridisk-meddelelse\/"]}]},{"@type":"WebSite","@id":"https:\/\/uk-gb.net\/da\/#website","url":"https:\/\/uk-gb.net\/da\/","name":"UK GB","description":"Travel to the UK","potentialAction":[{"@type":"SearchAction","target":{"@type":"EntryPoint","urlTemplate":"https:\/\/uk-gb.net\/da\/?s={search_term_string}"},"query-input":{"@type":"PropertyValueSpecification","valueRequired":true,"valueName":"search_term_string"}}],"inLanguage":"da-DK"}]}},"_links":{"self":[{"href":"https:\/\/uk-gb.net\/da\/wp-json\/wp\/v2\/pages\/2521","targetHints":{"allow":["GET"]}}],"collection":[{"href":"https:\/\/uk-gb.net\/da\/wp-json\/wp\/v2\/pages"}],"about":[{"href":"https:\/\/uk-gb.net\/da\/wp-json\/wp\/v2\/types\/page"}],"author":[{"embeddable":true,"href":"https:\/\/uk-gb.net\/da\/wp-json\/wp\/v2\/users\/1"}],"replies":[{"embeddable":true,"href":"https:\/\/uk-gb.net\/da\/wp-json\/wp\/v2\/comments?post=2521"}],"version-history":[{"count":0,"href":"https:\/\/uk-gb.net\/da\/wp-json\/wp\/v2\/pages\/2521\/revisions"}],"wp:attachment":[{"href":"https:\/\/uk-gb.net\/da\/wp-json\/wp\/v2\/media?parent=2521"}],"curies":[{"name":"wp","href":"https:\/\/api.w.org\/{rel}","templated":true}]}}