{"id":2519,"date":"2023-12-07T14:55:09","date_gmt":"2023-12-07T14:55:09","guid":{"rendered":"https:\/\/uk-gb.net\/forskellige-typer-britisk-visum\/"},"modified":"2026-01-05T15:34:56","modified_gmt":"2026-01-05T15:34:56","slug":"forskellige-typer-britisk-visum","status":"publish","type":"page","link":"https:\/\/uk-gb.net\/da\/forskellige-typer-britisk-visum\/","title":{"rendered":"De forskellige visa til rejser til Storbritannien"},"content":{"rendered":"\n<h1 class=\"wp-block-heading\">De vigtigste visa til Storbritannien<\/h1>\n\n<p>Storbritannien tilbyder flere typer visum, der er tilpasset de forskellige profiler af rejsende: turister i transit, studerende, fagfolk eller familiemedlemmer, der slutter sig til en elsket. Hvert visum opfylder specifikke betingelser og tillader ophold af varierende l\u00e6ngde i Storbritannien. <\/p>\n\n<p>Her er en oversigt over de <strong>vigtigste visa, der udstedes af Storbritannien<\/strong>:<\/p>\n\n<ul class=\"wp-block-list\">\n<li><strong>Transitvisum<\/strong>: til rejsende, der mellemlander eller skifter lufthavn.<\/li>\n\n\n\n<li><strong>Familievisum<\/strong>: for at slutte sig til en \u00e6gtef\u00e6lle, et barn eller en for\u00e6lder, der bor i Storbritannien.<\/li>\n\n\n\n<li><strong>Studievisum<\/strong>: til videreg\u00e5ende uddannelse p\u00e5 en britisk institution.<\/li>\n\n\n\n<li><strong>Forretningsvisum<\/strong>: til deltagelse i m\u00f8der, konferencer eller faglige arrangementer.<\/li>\n<\/ul>\n\n<div style=\"height:10px\" aria-hidden=\"true\" class=\"wp-block-spacer\"><\/div>\n\n<p>Siden 2024 har Storbritannien indf\u00f8rt en elektronisk rejsetilladelse (ETA) for statsborgere fra visse visumfri lande.<\/p>\n\n<p><strong>For at lave en online ETA-anmodning<\/strong> skal du blot udfylde <a href=\"https:\/\/uk-gb.net\/da\/online-formular-eta-visum-england\/\">online ETA-formularen<\/a>.<\/p>\n\n<div style=\"height:10px\" aria-hidden=\"true\" class=\"wp-block-spacer\"><\/div>\n\n<h2 class=\"wp-block-heading\">Skal jeg have visum for at rejse ind i Storbritannien?<\/h2>\n\n<p>Et <a href=\"https:\/\/uk-gb.net\/da\/storbritannien-transitvisum\/\">transitvisum<\/a> er n\u00f8dvendigt for rejsende, der skal igennem gr\u00e6nsekontrollen, n\u00e5r de skifter terminal eller lufthavn. Det giver dig ogs\u00e5 mulighed for at foretage en <strong>l\u00e6ngere mellemlanding<\/strong> og midlertidigt forlade lufthavnen, f\u00f8r du genoptager din flyvning til en anden destination.<\/p>\n\n<h2 class=\"wp-block-heading\">Studerer i Storbritannien: Hvilket visum skal jeg have?<\/h2>\n\n<p>Hvis du planl\u00e6gger at f\u00f8lge et l\u00e6ngerevarende studieprogram i Storbritannien, skal du ans\u00f8ge om et <a href=\"https:\/\/uk-gb.net\/da\/uk-studerende-visum\/\">studievisum<\/a>. For at f\u00e5 det skal du generelt :<\/p>\n\n<ul class=\"wp-block-list\">\n<li>Indsend et <strong>sponsorbrev (CAS)<\/strong> udstedt af universitetet eller skolen.<\/li>\n\n\n\n<li>Bevis for <strong>et tilstr\u00e6kkeligt niveau af engelsk<\/strong> (anerkendt test p\u00e5kr\u00e6vet).<\/li>\n\n\n\n<li><strong>Bevis for \u00f8konomiske ressourcer<\/strong> til at d\u00e6kke studieafgifter og leveomkostninger.<\/li>\n<\/ul>\n\n<div style=\"height:10px\" aria-hidden=\"true\" class=\"wp-block-spacer\"><\/div>\n\n<h2 class=\"wp-block-heading\">Tilslutning af et familiemedlem: familievisum<\/h2>\n\n<p>Det <a href=\"https:\/\/uk-gb.net\/da\/familievisum-til-storbritannien\/\">britiske familievisum<\/a> giver dig mulighed for at opholde dig i Storbritannien i en periode p\u00e5 mere end seks m\u00e5neder sammen med en n\u00e6r sl\u00e6gtning: \u00e6gtef\u00e6lle, barn, for\u00e6lder eller andet familiemedlem. Denne type visum er underlagt kriterier for familieb\u00e5nd, indkomst og nogle gange indkvartering. Der findes ogs\u00e5 et <a href=\"https:\/\/uk-gb.net\/da\/bornevisum-storbritannien\/\">b\u00f8rnevisum til Storbritannien<\/a>.  <\/p>\n\n<h2 class=\"wp-block-heading\">Forretningsrejser: Hvorn\u00e5r skal du s\u00f8ge om et forretningsvisum?<\/h2>\n\n<p><a href=\"https:\/\/uk-gb.net\/da\/storbritannien-forretningsvisum\/\">Forretningsvisummet<\/a> er beregnet til udenlandske fagfolk, der rejser til Storbritannien for at udf\u00f8re <strong>lejlighedsvise aktiviteter, der ikke afl\u00f8nnes lokalt<\/strong>, som f.eks:<\/p>\n\n<ul class=\"wp-block-list\">\n<li>Deltage i et m\u00f8de eller en konference<\/li>\n\n\n\n<li>Forhandling af en kontrakt<\/li>\n\n\n\n<li>Gennemf\u00f8re forskning eller pr\u00e6sentere et akademisk projekt<\/li>\n<\/ul>\n\n<div style=\"height:10px\" aria-hidden=\"true\" class=\"wp-block-spacer\"><\/div>\n\n<p>Dette visum <strong>giver dig ikke mulighed for at arbejde for en britisk virksomhed<\/strong> eller for at bos\u00e6tte <strong>dig<\/strong> permanent i Storbritannien.<\/p>\n","protected":false},"excerpt":{"rendered":"<p>De vigtigste visa til Storbritannien Storbritannien tilbyder flere typer visum, der er tilpasset de forskellige profiler af rejsende: turister i transit, studerende, fagfolk eller familiemedlemmer, der slutter sig til en elsket. Hvert visum opfylder specifikke betingelser og tillader ophold af varierende l\u00e6ngde i Storbritannien. Her er en oversigt over de vigtigste visa, der udstedes af [&hellip;]<\/p>\n","protected":false},"author":1,"featured_media":0,"parent":0,"menu_order":0,"comment_status":"closed","ping_status":"closed","template":"","meta":{"footnotes":""},"class_list":["post-2519","page","type-page","status-publish","hentry"],"yoast_head":"<!-- This site is optimized with the Yoast SEO plugin v27.3 - https:\/\/yoast.com\/product\/yoast-seo-wordpress\/ -->\n<title>De forskellige visa til rejser til Storbritannien - UK GB<\/title>\n<meta name=\"description\" content=\"Hvilke visa er tilg\u00e6ngelige for udenlandske rejsende, der \u00f8nsker at bes\u00f8ge Storbritannien?\" \/>\n<meta name=\"robots\" content=\"index, follow, max-snippet:-1, max-image-preview:large, max-video-preview:-1\" \/>\n<link rel=\"canonical\" href=\"https:\/\/uk-gb.net\/da\/forskellige-typer-britisk-visum\/\" \/>\n<meta property=\"og:locale\" content=\"da_DK\" \/>\n<meta property=\"og:type\" content=\"article\" \/>\n<meta property=\"og:title\" content=\"De forskellige visa til rejser til Storbritannien - UK GB\" \/>\n<meta property=\"og:description\" content=\"Hvilke visa er tilg\u00e6ngelige for udenlandske rejsende, der \u00f8nsker at bes\u00f8ge Storbritannien?\" \/>\n<meta property=\"og:url\" content=\"https:\/\/uk-gb.net\/da\/forskellige-typer-britisk-visum\/\" \/>\n<meta property=\"og:site_name\" content=\"UK GB\" \/>\n<meta property=\"article:modified_time\" content=\"2026-01-05T15:34:56+00:00\" \/>\n<meta name=\"twitter:card\" content=\"summary_large_image\" \/>\n<meta name=\"twitter:label1\" content=\"Estimeret l\u00e6setid\" \/>\n\t<meta name=\"twitter:data1\" content=\"2 minutter\" \/>\n<script type=\"application\/ld+json\" class=\"yoast-schema-graph\">{\"@context\":\"https:\\\/\\\/schema.org\",\"@graph\":[{\"@type\":\"WebPage\",\"@id\":\"https:\\\/\\\/uk-gb.net\\\/da\\\/forskellige-typer-britisk-visum\\\/\",\"url\":\"https:\\\/\\\/uk-gb.net\\\/da\\\/forskellige-typer-britisk-visum\\\/\",\"name\":\"De forskellige visa til rejser til Storbritannien - UK GB\",\"isPartOf\":{\"@id\":\"https:\\\/\\\/uk-gb.net\\\/da\\\/#website\"},\"datePublished\":\"2023-12-07T14:55:09+00:00\",\"dateModified\":\"2026-01-05T15:34:56+00:00\",\"description\":\"Hvilke visa er tilg\u00e6ngelige for udenlandske rejsende, der \u00f8nsker at bes\u00f8ge Storbritannien?\",\"inLanguage\":\"da-DK\",\"potentialAction\":[{\"@type\":\"ReadAction\",\"target\":[\"https:\\\/\\\/uk-gb.net\\\/da\\\/forskellige-typer-britisk-visum\\\/\"]}]},{\"@type\":\"WebSite\",\"@id\":\"https:\\\/\\\/uk-gb.net\\\/da\\\/#website\",\"url\":\"https:\\\/\\\/uk-gb.net\\\/da\\\/\",\"name\":\"UK GB\",\"description\":\"Travel to the UK\",\"potentialAction\":[{\"@type\":\"SearchAction\",\"target\":{\"@type\":\"EntryPoint\",\"urlTemplate\":\"https:\\\/\\\/uk-gb.net\\\/da\\\/?s={search_term_string}\"},\"query-input\":{\"@type\":\"PropertyValueSpecification\",\"valueRequired\":true,\"valueName\":\"search_term_string\"}}],\"inLanguage\":\"da-DK\"}]}<\/script>\n<!-- \/ Yoast SEO plugin. -->","yoast_head_json":{"title":"De forskellige visa til rejser til Storbritannien - UK GB","description":"Hvilke visa er tilg\u00e6ngelige for udenlandske rejsende, der \u00f8nsker at bes\u00f8ge Storbritannien?","robots":{"index":"index","follow":"follow","max-snippet":"max-snippet:-1","max-image-preview":"max-image-preview:large","max-video-preview":"max-video-preview:-1"},"canonical":"https:\/\/uk-gb.net\/da\/forskellige-typer-britisk-visum\/","og_locale":"da_DK","og_type":"article","og_title":"De forskellige visa til rejser til Storbritannien - UK GB","og_description":"Hvilke visa er tilg\u00e6ngelige for udenlandske rejsende, der \u00f8nsker at bes\u00f8ge Storbritannien?","og_url":"https:\/\/uk-gb.net\/da\/forskellige-typer-britisk-visum\/","og_site_name":"UK GB","article_modified_time":"2026-01-05T15:34:56+00:00","twitter_card":"summary_large_image","twitter_misc":{"Estimeret l\u00e6setid":"2 minutter"},"schema":{"@context":"https:\/\/schema.org","@graph":[{"@type":"WebPage","@id":"https:\/\/uk-gb.net\/da\/forskellige-typer-britisk-visum\/","url":"https:\/\/uk-gb.net\/da\/forskellige-typer-britisk-visum\/","name":"De forskellige visa til rejser til Storbritannien - UK GB","isPartOf":{"@id":"https:\/\/uk-gb.net\/da\/#website"},"datePublished":"2023-12-07T14:55:09+00:00","dateModified":"2026-01-05T15:34:56+00:00","description":"Hvilke visa er tilg\u00e6ngelige for udenlandske rejsende, der \u00f8nsker at bes\u00f8ge Storbritannien?","inLanguage":"da-DK","potentialAction":[{"@type":"ReadAction","target":["https:\/\/uk-gb.net\/da\/forskellige-typer-britisk-visum\/"]}]},{"@type":"WebSite","@id":"https:\/\/uk-gb.net\/da\/#website","url":"https:\/\/uk-gb.net\/da\/","name":"UK GB","description":"Travel to the UK","potentialAction":[{"@type":"SearchAction","target":{"@type":"EntryPoint","urlTemplate":"https:\/\/uk-gb.net\/da\/?s={search_term_string}"},"query-input":{"@type":"PropertyValueSpecification","valueRequired":true,"valueName":"search_term_string"}}],"inLanguage":"da-DK"}]}},"_links":{"self":[{"href":"https:\/\/uk-gb.net\/da\/wp-json\/wp\/v2\/pages\/2519","targetHints":{"allow":["GET"]}}],"collection":[{"href":"https:\/\/uk-gb.net\/da\/wp-json\/wp\/v2\/pages"}],"about":[{"href":"https:\/\/uk-gb.net\/da\/wp-json\/wp\/v2\/types\/page"}],"author":[{"embeddable":true,"href":"https:\/\/uk-gb.net\/da\/wp-json\/wp\/v2\/users\/1"}],"replies":[{"embeddable":true,"href":"https:\/\/uk-gb.net\/da\/wp-json\/wp\/v2\/comments?post=2519"}],"version-history":[{"count":0,"href":"https:\/\/uk-gb.net\/da\/wp-json\/wp\/v2\/pages\/2519\/revisions"}],"wp:attachment":[{"href":"https:\/\/uk-gb.net\/da\/wp-json\/wp\/v2\/media?parent=2519"}],"curies":[{"name":"wp","href":"https:\/\/api.w.org\/{rel}","templated":true}]}}