{"id":2515,"date":"2023-11-21T14:15:17","date_gmt":"2023-11-21T14:15:17","guid":{"rendered":"https:\/\/uk-gb.net\/eta-england-forenede-kongerige\/"},"modified":"2026-04-02T11:51:38","modified_gmt":"2026-04-02T10:51:38","slug":"eta-england-forenede-kongerige","status":"publish","type":"page","link":"https:\/\/uk-gb.net\/da\/eta-england-forenede-kongerige\/","title":{"rendered":"ETA England for rejser til Storbritannien"},"content":{"rendered":"\n<h1 class=\"wp-block-heading\">ETA Britisk elektronisk rejsetilladelse<\/h1>\n\n<p>Electronic Travel Authorisation (ETA) er et system, som Storbritannien har indf\u00f8rt for at give visse udenlandske statsborgere mulighed for at opholde sig i landet uden at skulle have et traditionelt visum. ETA er beregnet til korte ophold og henvender sig til rejsende fra lande, der nyder godt af visumfrihed. <\/p>\n\n<p><strong>For at f\u00e5 denne rejsetilladelse p\u00e5 f\u00e5 minutter<\/strong> skal du udfylde <a href=\"https:\/\/uk-gb.net\/da\/online-formular-eta-visum-england\/\">ETA-formularen online<\/a>.<\/p>\n\n<div style=\"height:10px\" aria-hidden=\"true\" class=\"wp-block-spacer\"><\/div>\n\n<h2 class=\"wp-block-heading\">Hvad betyder ETA for Storbritannien?<\/h2>\n\n<p>ETA er en digital tilladelse, som er obligatorisk for statsborgere fra visse lande, der \u00f8nsker at bes\u00f8ge Storbritannien i forbindelse med turisme, forretning eller et stopover. Tilladelsen g\u00e6lder for korte ophold og erstatter delvist de traditionelle visumprocedurer. Ans\u00f8gningen sker online via en sikker portal og giver et hurtigt svar, hvilket forenkler formaliteterne ved indrejse i Storbritannien.  <\/p>\n\n<h2 class=\"wp-block-heading\">Hvem kan f\u00e5 en ETA til Storbritannien?<\/h2>\n\n<p>ETA er rettet mod statsborgere fra lande, der er fritaget for visum ved indrejse i Storbritannien. <a href=\"https:\/\/uk-gb.net\/da\/lande-der-kan-ansoge-eta-uk\/\">Listen over berettigede lande<\/a> opdateres regelm\u00e6ssigt af de britiske myndigheder. Det er derfor vigtigt at tjekke, om din nationalitet giver dig mulighed for at ans\u00f8ge om en ETA, f\u00f8r du planl\u00e6gger dit ophold.  <\/p>\n\n<p>Hver passager skal ans\u00f8ge individuelt, ogs\u00e5 mindre\u00e5rige og sp\u00e6db\u00f8rn. Ingen passagerer m\u00e5 komme ind uden forudg\u00e5ende tilladelse. <\/p>\n\n<h2 class=\"wp-block-heading\">Hvordan ans\u00f8ger jeg om en britisk ETA?<\/h2>\n\n<p>ETA-ans\u00f8gningen foretages online via den <a href=\"https:\/\/www.gov.uk\/guidance\/apply-for-an-electronic-travel-authorisation-eta\">britiske regerings officielle hjemmeside<\/a>. Formularen skal udfyldes omhyggeligt og indeholde f\u00f8lgende oplysninger: <\/p>\n\n<ul class=\"wp-block-list\">\n<li>Personlige oplysninger (navn, f\u00f8dselsdato osv.)<\/li>\n\n\n\n<li>Oplysninger om pas brugt til rejsen<\/li>\n\n\n\n<li>Oplysninger om dit ophold (form\u00e5l, varighed osv.)<\/li>\n<\/ul>\n\n<p>N\u00e5r <a href=\"https:\/\/uk-gb.net\/da\/online-formular-eta-visum-england\/\">onlineformularen<\/a> er indsendt, skal der betales et gebyr for at godkende ans\u00f8gningen.<\/p>\n\n<h2 class=\"wp-block-heading\">Download ETA-applikationen til iPhone?<\/h2>\n\n<p>For at g\u00f8re processen lettere har den britiske regering lanceret en <a href=\"https:\/\/uk-gb.net\/da\/ansogning-iphone-visum-eta-england\/\">s\u00e6rlig ETA-mobilapp<\/a>, som er tilg\u00e6ngelig i<strong>App Store (iOS)<\/strong> i lande, der er berettiget til Visa Waiver-programmet.  <\/p>\n\n<p>Applikationen giver dig mulighed for at udfylde, indsende og spore din ans\u00f8gning direkte fra din telefon i fuld sikkerhed. Du skal blot s\u00f8ge efter \u00bbUK ETA\u00ab i App Store og installere den gratis for at starte proceduren fra din iPhone. <\/p>\n\n<h2 class=\"wp-block-heading\">Hvorn\u00e5r skal jeg ans\u00f8ge online?<\/h2>\n\n<p>Det er vigtigt at ans\u00f8ge om en ETA, <strong>f\u00f8r<\/strong> du rejser til Storbritannien. Selvom de fleste ans\u00f8gninger behandles inden for f\u00e5 timer, r\u00e5der myndighederne dig til at indsende din ans\u00f8gning <strong>mindst 3 dage f\u00f8r afrejse<\/strong>. Det er for at tage h\u00f8jde for eventuelle forsinkelser i behandlingen.  <\/p>\n\n<p>Det er teoretisk muligt at rejse, mens ans\u00f8gningen er i gang, forudsat at den er gyldigt indsendt f\u00f8r ombordstigning. Der er dog en risiko, hvis tilladelsen forsinkes eller afvises. <\/p>\n\n<h2 class=\"wp-block-heading\">Hvor meget koster den britiske ETA?<\/h2>\n\n<p>Prisen for en ETA til Storbritannien er fast, uanset den rejsendes alder. Gebyret d\u00e6kker de administrative behandlingsomkostninger og skal betales direkte p\u00e5 den officielle hjemmeside p\u00e5 ans\u00f8gningstidspunktet. <\/p>\n\n<p>Den pris, du betaler, \u00e6ndres j\u00e6vnligt, s\u00e5 tjek den seneste <a href=\"https:\/\/uk-gb.net\/da\/pris-eta-uk\/\">ETA UK-pris<\/a>.<\/p>\n\n<p>Dette gebyr er betydeligt lavere end for et <a href=\"https:\/\/uk-gb.net\/da\/hvor-meget-koster-et-visum-england\/\">britisk visum<\/a>, hvilket g\u00f8r ETA mere tilg\u00e6ngeligt for kortvarige turist- eller forretningsophold.<\/p>\n\n<h2 class=\"wp-block-heading\">Hvor lang tid tager det at f\u00e5 en ETA?<\/h2>\n\n<p>ETA-ans\u00f8gninger behandles generelt hurtigt. I de fleste tilf\u00e6lde f\u00e5r man svar inden for f\u00e5 timer efter, at man har indsendt sin <a href=\"https:\/\/uk-gb.net\/da\/online-formular-eta-visum-england\/\">ETA-formular online<\/a>. Nogle ans\u00f8gninger kan dog kr\u00e6ve yderligere unders\u00f8gelser. Det er derfor tilr\u00e5deligt at indsende din ans\u00f8gning <strong>mindst 72 timer f\u00f8r afrejse<\/strong> for at begr\u00e6nse risikoen for forsinkelser eller afslag i sidste \u00f8jeblik.   <\/p>\n\n<h2 class=\"wp-block-heading\">Hvad skal jeg g\u00f8re, hvis jeg f\u00e5r afslag p\u00e5 min ETA?<\/h2>\n\n<p>Hvis du f\u00e5r afslag p\u00e5 din ETA-ans\u00f8gning, kan det skyldes en fejl i de oplysninger, du har givet. I s\u00e5 fald kan du indsende en <strong>ny, korrigeret<\/strong> ans\u00f8gning. <\/p>\n\n<p>Men hvis du <strong>ikke er berettiget til<\/strong> ETA-programmet, skal du ans\u00f8ge om et <a href=\"https:\/\/uk-gb.net\/da\/storbritannien-turistvisum\/\">britisk visum<\/a>. Det er en l\u00e6ngere proces og omfatter et <a href=\"https:\/\/uk-gb.net\/da\/visumudaevnelse-ambassade-england\/\">obligatorisk konsul\u00e6rt interview<\/a> p\u00e5 den n\u00e6rmeste britiske ambassade eller visumans\u00f8gningscenter. <\/p>\n","protected":false},"excerpt":{"rendered":"<p>ETA Britisk elektronisk rejsetilladelse Electronic Travel Authorisation (ETA) er et system, som Storbritannien har indf\u00f8rt for at give visse udenlandske statsborgere mulighed for at opholde sig i landet uden at skulle have et traditionelt visum. ETA er beregnet til korte ophold og henvender sig til rejsende fra lande, der nyder godt af visumfrihed. For at [&hellip;]<\/p>\n","protected":false},"author":1,"featured_media":0,"parent":0,"menu_order":0,"comment_status":"closed","ping_status":"closed","template":"","meta":{"footnotes":""},"class_list":["post-2515","page","type-page","status-publish","hentry"],"yoast_head":"<!-- This site is optimized with the Yoast SEO plugin v27.3 - https:\/\/yoast.com\/product\/yoast-seo-wordpress\/ -->\n<title>ETA England for rejser til Storbritannien<\/title>\n<meta name=\"description\" content=\"Ans\u00f8g om din ETA online for hurtigt at f\u00e5 tilladelse til at rejse til Storbritannien.\" \/>\n<meta name=\"robots\" content=\"index, follow, max-snippet:-1, max-image-preview:large, max-video-preview:-1\" \/>\n<link rel=\"canonical\" href=\"https:\/\/uk-gb.net\/da\/eta-england-forenede-kongerige\/\" \/>\n<meta property=\"og:locale\" content=\"da_DK\" \/>\n<meta property=\"og:type\" content=\"article\" \/>\n<meta property=\"og:title\" content=\"ETA England for rejser til Storbritannien\" \/>\n<meta property=\"og:description\" content=\"Ans\u00f8g om din ETA online for hurtigt at f\u00e5 tilladelse til at rejse til Storbritannien.\" \/>\n<meta property=\"og:url\" content=\"https:\/\/uk-gb.net\/da\/eta-england-forenede-kongerige\/\" \/>\n<meta property=\"og:site_name\" content=\"UK GB\" \/>\n<meta property=\"article:modified_time\" content=\"2026-04-02T10:51:38+00:00\" \/>\n<meta name=\"twitter:card\" content=\"summary_large_image\" \/>\n<meta name=\"twitter:label1\" content=\"Estimeret l\u00e6setid\" \/>\n\t<meta name=\"twitter:data1\" content=\"3 minutter\" \/>\n<script type=\"application\/ld+json\" class=\"yoast-schema-graph\">{\"@context\":\"https:\\\/\\\/schema.org\",\"@graph\":[{\"@type\":\"WebPage\",\"@id\":\"https:\\\/\\\/uk-gb.net\\\/da\\\/eta-england-forenede-kongerige\\\/\",\"url\":\"https:\\\/\\\/uk-gb.net\\\/da\\\/eta-england-forenede-kongerige\\\/\",\"name\":\"ETA England for rejser til Storbritannien\",\"isPartOf\":{\"@id\":\"https:\\\/\\\/uk-gb.net\\\/da\\\/#website\"},\"datePublished\":\"2023-11-21T14:15:17+00:00\",\"dateModified\":\"2026-04-02T10:51:38+00:00\",\"description\":\"Ans\u00f8g om din ETA online for hurtigt at f\u00e5 tilladelse til at rejse til Storbritannien.\",\"inLanguage\":\"da-DK\",\"potentialAction\":[{\"@type\":\"ReadAction\",\"target\":[\"https:\\\/\\\/uk-gb.net\\\/da\\\/eta-england-forenede-kongerige\\\/\"]}]},{\"@type\":\"WebSite\",\"@id\":\"https:\\\/\\\/uk-gb.net\\\/da\\\/#website\",\"url\":\"https:\\\/\\\/uk-gb.net\\\/da\\\/\",\"name\":\"UK GB\",\"description\":\"Travel to the UK\",\"potentialAction\":[{\"@type\":\"SearchAction\",\"target\":{\"@type\":\"EntryPoint\",\"urlTemplate\":\"https:\\\/\\\/uk-gb.net\\\/da\\\/?s={search_term_string}\"},\"query-input\":{\"@type\":\"PropertyValueSpecification\",\"valueRequired\":true,\"valueName\":\"search_term_string\"}}],\"inLanguage\":\"da-DK\"}]}<\/script>\n<!-- \/ Yoast SEO plugin. -->","yoast_head_json":{"title":"ETA England for rejser til Storbritannien","description":"Ans\u00f8g om din ETA online for hurtigt at f\u00e5 tilladelse til at rejse til Storbritannien.","robots":{"index":"index","follow":"follow","max-snippet":"max-snippet:-1","max-image-preview":"max-image-preview:large","max-video-preview":"max-video-preview:-1"},"canonical":"https:\/\/uk-gb.net\/da\/eta-england-forenede-kongerige\/","og_locale":"da_DK","og_type":"article","og_title":"ETA England for rejser til Storbritannien","og_description":"Ans\u00f8g om din ETA online for hurtigt at f\u00e5 tilladelse til at rejse til Storbritannien.","og_url":"https:\/\/uk-gb.net\/da\/eta-england-forenede-kongerige\/","og_site_name":"UK GB","article_modified_time":"2026-04-02T10:51:38+00:00","twitter_card":"summary_large_image","twitter_misc":{"Estimeret l\u00e6setid":"3 minutter"},"schema":{"@context":"https:\/\/schema.org","@graph":[{"@type":"WebPage","@id":"https:\/\/uk-gb.net\/da\/eta-england-forenede-kongerige\/","url":"https:\/\/uk-gb.net\/da\/eta-england-forenede-kongerige\/","name":"ETA England for rejser til Storbritannien","isPartOf":{"@id":"https:\/\/uk-gb.net\/da\/#website"},"datePublished":"2023-11-21T14:15:17+00:00","dateModified":"2026-04-02T10:51:38+00:00","description":"Ans\u00f8g om din ETA online for hurtigt at f\u00e5 tilladelse til at rejse til Storbritannien.","inLanguage":"da-DK","potentialAction":[{"@type":"ReadAction","target":["https:\/\/uk-gb.net\/da\/eta-england-forenede-kongerige\/"]}]},{"@type":"WebSite","@id":"https:\/\/uk-gb.net\/da\/#website","url":"https:\/\/uk-gb.net\/da\/","name":"UK GB","description":"Travel to the UK","potentialAction":[{"@type":"SearchAction","target":{"@type":"EntryPoint","urlTemplate":"https:\/\/uk-gb.net\/da\/?s={search_term_string}"},"query-input":{"@type":"PropertyValueSpecification","valueRequired":true,"valueName":"search_term_string"}}],"inLanguage":"da-DK"}]}},"_links":{"self":[{"href":"https:\/\/uk-gb.net\/da\/wp-json\/wp\/v2\/pages\/2515","targetHints":{"allow":["GET"]}}],"collection":[{"href":"https:\/\/uk-gb.net\/da\/wp-json\/wp\/v2\/pages"}],"about":[{"href":"https:\/\/uk-gb.net\/da\/wp-json\/wp\/v2\/types\/page"}],"author":[{"embeddable":true,"href":"https:\/\/uk-gb.net\/da\/wp-json\/wp\/v2\/users\/1"}],"replies":[{"embeddable":true,"href":"https:\/\/uk-gb.net\/da\/wp-json\/wp\/v2\/comments?post=2515"}],"version-history":[{"count":0,"href":"https:\/\/uk-gb.net\/da\/wp-json\/wp\/v2\/pages\/2515\/revisions"}],"wp:attachment":[{"href":"https:\/\/uk-gb.net\/da\/wp-json\/wp\/v2\/media?parent=2515"}],"curies":[{"name":"wp","href":"https:\/\/api.w.org\/{rel}","templated":true}]}}