{"id":2511,"date":"2023-11-13T16:38:13","date_gmt":"2023-11-13T16:38:13","guid":{"rendered":"https:\/\/uk-gb.net\/visum-forenede-kongerige\/"},"modified":"2026-03-03T09:41:06","modified_gmt":"2026-03-03T09:41:06","slug":"visum-forenede-kongerige","status":"publish","type":"page","link":"https:\/\/uk-gb.net\/da\/visum-forenede-kongerige\/","title":{"rendered":"Rejseformaliteter til Storbritannien"},"content":{"rendered":"\n<h1 class=\"wp-block-heading\">Indrejseformaliteter i Storbritannien for internationale rejsende<\/h1>\n\n<p>Storbritannien har indf\u00f8rt et <strong>elektronisk rejsetilladelsessystem (ETA)<\/strong> for statsborgere fra visse visumfritagne lande. Denne forenklede procedure giver folk mulighed for at rejse ind i Storbritannien for et kort ophold uden et traditionelt visum. ETA er p\u00e5kr\u00e6vet i f\u00f8lgende tilf\u00e6lde: Turistophold, bes\u00f8g hos sl\u00e6gtninge, forretningsrejser, kortvarige studier eller mellemlandinger i Storbritannien.  <\/p>\n\n<p><strong>For at ans\u00f8ge p\u00e5 <strong>f\u00e5 minutter<\/strong><\/strong> skal du blot udfylde <a href=\"https:\/\/uk-gb.net\/da\/online-formular-eta-visum-england\/\">ETA-formularen online<\/a>.<\/p>\n\n<div style=\"height:10px\" aria-hidden=\"true\" class=\"wp-block-spacer\"><\/div>\n\n<h2 class=\"wp-block-heading\">Hvem bliver ber\u00f8rt af Storbritanniens ETA?<\/h2>\n\n<p>Antallet af <a href=\"https:\/\/uk-gb.net\/da\/lande-der-kan-ansoge-eta-uk\/\">lande, der er berettiget til Storbritanniens ETA,<\/a> stiger gradvist.<\/p>\n\n<p>Programmet blev f\u00f8rst implementeret i Mellem\u00f8sten med f\u00f8lgende indledende faser:<\/p>\n\n<ul class=\"wp-block-list\">\n<li>Siden 2023 har ETA gjort det muligt for qatarske statsborgere at slippe for at s\u00f8ge om visum til England fra Qatar.<\/li>\n\n\n\n<li>Siden februar 2024: <a href=\"https:\/\/uk-gb.net\/da\/visum-england-afrejse-fra-saudi-arabien\/\">Saudiske statsborgere kan f\u00e5 en ETA i<\/a> stedet for et visum til Storbritannien.<\/li>\n<\/ul>\n\n<div style=\"height:10px\" aria-hidden=\"true\" class=\"wp-block-spacer\"><\/div>\n\n<p>Alle europ\u00e6iske lande er blevet tilf\u00f8jet til det britiske ETA-system. Europ\u00e6iske statsborgere kan nu <a href=\"https:\/\/uk-gb.net\/da\/online-formular-eta-visum-england\/\">ans\u00f8ge om ETA online,<\/a> f\u00f8r de rejser til Storbritannien. <\/p>\n\n<h2 class=\"wp-block-heading\">Hvilke visa og tilladelser kr\u00e6ves der for at rejse til Storbritannien?<\/h2>\n\n<p>Storbritannien tilbyder <a href=\"https:\/\/uk-gb.net\/da\/forskellige-typer-britisk-visum\/\">flere typer visum<\/a> eller tilladelser afh\u00e6ngigt af den rejsendes profil, grunden til opholdet og dets varighed. For et kort ophold kan nogle statsborgere undg\u00e5 den traditionelle visumprocedure ved at bruge den elektroniske ETA-tilladelse. Her er en klar guide til de tilg\u00e6ngelige muligheder.  <\/p>\n\n<h3 class=\"wp-block-heading\">Skal jeg have visum for at rejse til Storbritannien?<\/h3>\n\n<p>Det hele afh\u00e6nger af din nationalitet og form\u00e5let med din rejse. Her er de vigtigste scenarier: <\/p>\n\n<ul class=\"wp-block-list\">\n<li><strong>Hvis du er irsk statsborger<\/strong>: Der kr\u00e6ves ikke visum eller ETA.<\/li>\n\n\n\n<li><strong>Du er statsborger i et land, der var fritaget for visumkravet<\/strong>: Dette g\u00e6lder for borgere i Europa, USA og andre partnerlande. Siden 2025 har det v\u00e6ret n\u00f8dvendigt med en <a href=\"https:\/\/uk-gb.net\/da\/eta-england-forenede-kongerige\/\">britisk ETA<\/a> for at komme ind i Storbritannien.  <\/li>\n\n\n\n<li><strong>Hvis du kommer fra et land, der allerede er en del af ETA-systemet (Qatar, Saudi-Arabien osv.):<\/strong> Du skal <a href=\"https:\/\/uk-gb.net\/da\/online-formular-eta-visum-england\/\">ans\u00f8ge om et ETA online<\/a>.<\/li>\n\n\n\n<li>Hvis <strong>du er statsborger i et visumpligtigt land<\/strong>: Du skal ans\u00f8ge om et <a href=\"https:\/\/uk-gb.net\/da\/storbritannien-turistvisum\/\">turistvisum<\/a> online og derefter f\u00e6rdigg\u00f8re din ans\u00f8gning ved en <a href=\"https:\/\/uk-gb.net\/da\/visumudaevnelse-ambassade-england\/\">aftale p\u00e5 den britiske ambassade.<\/a><\/li>\n\n\n\n<li><strong>Eksempel<\/strong>: <a href=\"https:\/\/uk-gb.net\/da\/visum-england-fra-frankrig\/\" type=\"page\" id=\"972\">eTA fra Frankrig<\/a>.<\/li>\n<\/ul>\n\n<div style=\"height:10px\" aria-hidden=\"true\" class=\"wp-block-spacer\"><\/div>\n\n<h3 class=\"wp-block-heading\">Hvilke typer visum kan man f\u00e5 til Storbritannien?<\/h3>\n\n<p>Typen af visum afh\u00e6nger af \u00e5rsagen til bes\u00f8get:<\/p>\n\n<figure class=\"wp-block-table\"><table><thead><tr><th>Visumtype<\/th><th>Hovedapplikation<\/th><\/tr><\/thead><tbody><tr><td><a href=\"https:\/\/uk-gb.net\/da\/storbritannien-turistvisum\/\">Turistvisum<\/a><\/td><td>Fritidsrejser eller bes\u00f8g hos sl\u00e6gtninge<\/td><\/tr><tr><td><a href=\"https:\/\/uk-gb.net\/da\/storbritannien-forretningsvisum\/\">Forretningsvisum<\/a><\/td><td>M\u00f8der, konferencer, professionelle tjenesterejser<\/td><\/tr><tr><td><a href=\"https:\/\/uk-gb.net\/da\/uk-studerende-visum\/\">Visum til studerende<\/a><\/td><td>Langvarige studier eller specifik tr\u00e6ning<\/td><\/tr><tr><td><a href=\"https:\/\/uk-gb.net\/da\/storbritannien-transitvisum\/\">Transit visum<\/a><\/td><td>Midlertidig passage gennem en britisk lufthavn<\/td><\/tr><tr><td><a href=\"https:\/\/uk-gb.net\/da\/familievisum-til-storbritannien\/\">Familievisum<\/a><\/td><td>Familierejser i Storbritannien<\/td><\/tr><\/tbody><\/table><\/figure>\n\n<h3 class=\"wp-block-heading\">Transit i Storbritannien: ETA eller visum?<\/h3>\n\n<p>Selv hvis du <strong>bare stopper i en lufthavn,<\/strong> skal du have en <strong>rejsetilladelse<\/strong>. Afh\u00e6ngigt af din nationalitet kan det v\u00e6re <a href=\"https:\/\/uk-gb.net\/da\/eta-england-forenede-kongerige\/\">et britisk ETA<\/a> eller et <a href=\"https:\/\/uk-gb.net\/da\/storbritannien-transitvisum\/\">transitvisum<\/a>. Dette krav g\u00e6lder ogs\u00e5, selvom du ikke passerer gennem gr\u00e6nsekontrollen.  <\/p>\n\n<h3 class=\"wp-block-heading\">Kan jeg rejse med en ETA i stedet for et visum?<\/h3>\n\n<p>Den<strong>elektroniske ETA-godkendelse<\/strong> er tilstr\u00e6kkelig, hvis dit ophold opfylder disse betingelser:<\/p>\n\n<p>\u2705 Turistophold, familiebes\u00f8g, korte studier, forretningsrejse<br\/>\u2705 Maksimal varighed p\u00e5 6 m\u00e5neder<br\/>\u2705 Transit gennem Storbritannien<br\/>\u2705 Betalt kunstnerisk mission p\u00e5 mindre end 3 m\u00e5neder (i visse specifikke tilf\u00e6lde)<\/p>\n\n<h3 class=\"wp-block-heading\">Gr\u00e6nserne for ETA-autorisation<\/h3>\n\n<p>\u274c ETA tillader ikke :<\/p>\n\n<ul class=\"wp-block-list\">\n<li>Ophold i mere end 6 m\u00e5neder<\/li>\n\n\n\n<li>At arbejde for en britisk virksomhed<\/li>\n\n\n\n<li>At starte en virksomhed eller blive selvst\u00e6ndig<\/li>\n\n\n\n<li>Modtage offentlig finansiering<\/li>\n\n\n\n<li>At gifte sig eller registrere en civil union<\/li>\n\n\n\n<li>For at indstille permanent<\/li>\n<\/ul>\n\n<p>I alle disse tilf\u00e6lde kr\u00e6ves der et <a href=\"https:\/\/uk-gb.net\/da\/forskellige-typer-britisk-visum\/\">britisk visum<\/a>.<\/p>\n\n<h3 class=\"wp-block-heading\">Hvilke destinationer er de mest popul\u00e6re for visumans\u00f8gninger?<\/h3>\n\n<p>London er fortsat landets vigtigste indgangsport, men andre byer tiltr\u00e6kker ogs\u00e5 mange bes\u00f8gende. Rejsende s\u00f8ger om <a href=\"https:\/\/uk-gb.net\/da\/visum-til-london\/\">visum til London<\/a> for at lande i England. Udenlandske turister bes\u00f8ger ogs\u00e5 Englands andre storbyer ved at ans\u00f8ge om <a href=\"https:\/\/uk-gb.net\/da\/visum-til-liverpool\/\">visum til Liverpool.<\/a> Der er ogs\u00e5 mange <a href=\"https:\/\/uk-gb.net\/da\/visum-til-manchester\/\">visumans\u00f8gninger til Manchester.<\/a>   <\/p>\n\n<p>Englands store universitetsbyer tiltr\u00e6kker ogs\u00e5 mange turister til akademiske ophold, hvor <a href=\"https:\/\/uk-gb.net\/da\/visum-til-oxford\/\">Oxford kr\u00e6ver visum<\/a>, og Cambridge ligger l\u00e6ngere nordp\u00e5 i London.<\/p>\n\n<p>I den nordlige del af Storbritannien s\u00f8ger rejsende om visum til Birmingham. Nogle rejser endnu l\u00e6ngere nordp\u00e5 til Skotland og s\u00f8ger om visum til Edinburgh eller <a href=\"https:\/\/uk-gb.net\/da\/visum-til-glasgow\/\">visum til Glasgow.<\/a> <\/p>\n\n<p>Wales er ogs\u00e5 en popul\u00e6r destination for udenlandske rejsende. Turister skal have visum til Cardiff. <\/p>\n","protected":false},"excerpt":{"rendered":"<p>Indrejseformaliteter i Storbritannien for internationale rejsende Storbritannien har indf\u00f8rt et elektronisk rejsetilladelsessystem (ETA) for statsborgere fra visse visumfritagne lande. Denne forenklede procedure giver folk mulighed for at rejse ind i Storbritannien for et kort ophold uden et traditionelt visum. ETA er p\u00e5kr\u00e6vet i f\u00f8lgende tilf\u00e6lde: Turistophold, bes\u00f8g hos sl\u00e6gtninge, forretningsrejser, kortvarige studier eller mellemlandinger i [&hellip;]<\/p>\n","protected":false},"author":1,"featured_media":0,"parent":0,"menu_order":0,"comment_status":"closed","ping_status":"closed","template":"","meta":{"footnotes":""},"class_list":["post-2511","page","type-page","status-publish","hentry"],"yoast_head":"<!-- This site is optimized with the Yoast SEO plugin v27.3 - https:\/\/yoast.com\/product\/yoast-seo-wordpress\/ -->\n<title>Rejseformaliteter til Storbritannien<\/title>\n<meta name=\"description\" content=\"Reglerne for udenlandske rejsende, der kommer til Storbritannien, er \u00e6ndret med indf\u00f8relsen af en britisk eTA.\" \/>\n<meta name=\"robots\" content=\"index, follow, max-snippet:-1, max-image-preview:large, max-video-preview:-1\" \/>\n<link rel=\"canonical\" href=\"https:\/\/uk-gb.net\/da\/visum-forenede-kongerige\/\" \/>\n<meta property=\"og:locale\" content=\"da_DK\" \/>\n<meta property=\"og:type\" content=\"article\" \/>\n<meta property=\"og:title\" content=\"Rejseformaliteter til Storbritannien\" \/>\n<meta property=\"og:description\" content=\"Reglerne for udenlandske rejsende, der kommer til Storbritannien, er \u00e6ndret med indf\u00f8relsen af en britisk eTA.\" \/>\n<meta property=\"og:url\" content=\"https:\/\/uk-gb.net\/da\/visum-forenede-kongerige\/\" \/>\n<meta property=\"og:site_name\" content=\"UK GB\" \/>\n<meta property=\"article:modified_time\" content=\"2026-03-03T09:41:06+00:00\" \/>\n<meta name=\"twitter:card\" content=\"summary_large_image\" \/>\n<meta name=\"twitter:label1\" content=\"Estimeret l\u00e6setid\" \/>\n\t<meta name=\"twitter:data1\" content=\"3 minutter\" \/>\n<script type=\"application\/ld+json\" class=\"yoast-schema-graph\">{\"@context\":\"https:\\\/\\\/schema.org\",\"@graph\":[{\"@type\":\"WebPage\",\"@id\":\"https:\\\/\\\/uk-gb.net\\\/da\\\/visum-forenede-kongerige\\\/\",\"url\":\"https:\\\/\\\/uk-gb.net\\\/da\\\/visum-forenede-kongerige\\\/\",\"name\":\"Rejseformaliteter til Storbritannien\",\"isPartOf\":{\"@id\":\"https:\\\/\\\/uk-gb.net\\\/da\\\/#website\"},\"datePublished\":\"2023-11-13T16:38:13+00:00\",\"dateModified\":\"2026-03-03T09:41:06+00:00\",\"description\":\"Reglerne for udenlandske rejsende, der kommer til Storbritannien, er \u00e6ndret med indf\u00f8relsen af en britisk eTA.\",\"inLanguage\":\"da-DK\",\"potentialAction\":[{\"@type\":\"ReadAction\",\"target\":[\"https:\\\/\\\/uk-gb.net\\\/da\\\/visum-forenede-kongerige\\\/\"]}]},{\"@type\":\"WebSite\",\"@id\":\"https:\\\/\\\/uk-gb.net\\\/da\\\/#website\",\"url\":\"https:\\\/\\\/uk-gb.net\\\/da\\\/\",\"name\":\"UK GB\",\"description\":\"Travel to the UK\",\"potentialAction\":[{\"@type\":\"SearchAction\",\"target\":{\"@type\":\"EntryPoint\",\"urlTemplate\":\"https:\\\/\\\/uk-gb.net\\\/da\\\/?s={search_term_string}\"},\"query-input\":{\"@type\":\"PropertyValueSpecification\",\"valueRequired\":true,\"valueName\":\"search_term_string\"}}],\"inLanguage\":\"da-DK\"}]}<\/script>\n<!-- \/ Yoast SEO plugin. -->","yoast_head_json":{"title":"Rejseformaliteter til Storbritannien","description":"Reglerne for udenlandske rejsende, der kommer til Storbritannien, er \u00e6ndret med indf\u00f8relsen af en britisk eTA.","robots":{"index":"index","follow":"follow","max-snippet":"max-snippet:-1","max-image-preview":"max-image-preview:large","max-video-preview":"max-video-preview:-1"},"canonical":"https:\/\/uk-gb.net\/da\/visum-forenede-kongerige\/","og_locale":"da_DK","og_type":"article","og_title":"Rejseformaliteter til Storbritannien","og_description":"Reglerne for udenlandske rejsende, der kommer til Storbritannien, er \u00e6ndret med indf\u00f8relsen af en britisk eTA.","og_url":"https:\/\/uk-gb.net\/da\/visum-forenede-kongerige\/","og_site_name":"UK GB","article_modified_time":"2026-03-03T09:41:06+00:00","twitter_card":"summary_large_image","twitter_misc":{"Estimeret l\u00e6setid":"3 minutter"},"schema":{"@context":"https:\/\/schema.org","@graph":[{"@type":"WebPage","@id":"https:\/\/uk-gb.net\/da\/visum-forenede-kongerige\/","url":"https:\/\/uk-gb.net\/da\/visum-forenede-kongerige\/","name":"Rejseformaliteter til Storbritannien","isPartOf":{"@id":"https:\/\/uk-gb.net\/da\/#website"},"datePublished":"2023-11-13T16:38:13+00:00","dateModified":"2026-03-03T09:41:06+00:00","description":"Reglerne for udenlandske rejsende, der kommer til Storbritannien, er \u00e6ndret med indf\u00f8relsen af en britisk eTA.","inLanguage":"da-DK","potentialAction":[{"@type":"ReadAction","target":["https:\/\/uk-gb.net\/da\/visum-forenede-kongerige\/"]}]},{"@type":"WebSite","@id":"https:\/\/uk-gb.net\/da\/#website","url":"https:\/\/uk-gb.net\/da\/","name":"UK GB","description":"Travel to the UK","potentialAction":[{"@type":"SearchAction","target":{"@type":"EntryPoint","urlTemplate":"https:\/\/uk-gb.net\/da\/?s={search_term_string}"},"query-input":{"@type":"PropertyValueSpecification","valueRequired":true,"valueName":"search_term_string"}}],"inLanguage":"da-DK"}]}},"_links":{"self":[{"href":"https:\/\/uk-gb.net\/da\/wp-json\/wp\/v2\/pages\/2511","targetHints":{"allow":["GET"]}}],"collection":[{"href":"https:\/\/uk-gb.net\/da\/wp-json\/wp\/v2\/pages"}],"about":[{"href":"https:\/\/uk-gb.net\/da\/wp-json\/wp\/v2\/types\/page"}],"author":[{"embeddable":true,"href":"https:\/\/uk-gb.net\/da\/wp-json\/wp\/v2\/users\/1"}],"replies":[{"embeddable":true,"href":"https:\/\/uk-gb.net\/da\/wp-json\/wp\/v2\/comments?post=2511"}],"version-history":[{"count":0,"href":"https:\/\/uk-gb.net\/da\/wp-json\/wp\/v2\/pages\/2511\/revisions"}],"wp:attachment":[{"href":"https:\/\/uk-gb.net\/da\/wp-json\/wp\/v2\/media?parent=2511"}],"curies":[{"name":"wp","href":"https:\/\/api.w.org\/{rel}","templated":true}]}}