{"id":2509,"date":"2023-12-19T16:07:33","date_gmt":"2023-12-19T16:07:33","guid":{"rendered":"https:\/\/uk-gb.net\/ansogning-iphone-visum-eta-england\/"},"modified":"2025-11-13T16:12:08","modified_gmt":"2025-11-13T16:12:08","slug":"ansogning-iphone-visum-eta-england","status":"publish","type":"page","link":"https:\/\/uk-gb.net\/da\/ansogning-iphone-visum-eta-england\/","title":{"rendered":"Officiel britisk ETA-ans\u00f8gning"},"content":{"rendered":"\n<h1 class=\"wp-block-heading\">ETA-ans\u00f8gning Storbritannien<\/h1>\n\n<p>Storbritannien har lanceret en mobilapplikation til h\u00e5ndtering af <a href=\"https:\/\/uk-gb.net\/da\/eta-england-forenede-kongerige\/\">eTA-anmodninger til Storbritannien.<\/a> Denne digitale applikation tilbyder en praktisk og effektiv l\u00f8sning for rejsende fra <a href=\"https:\/\/uk-gb.net\/da\/lande-der-kan-ansoge-eta-uk\/\">lande, der er berettiget til en eTA til Storbritannien.<\/a><\/p>\n\n<p><strong>For at f\u00e5 denne rejsetilladelse p\u00e5 f\u00e5 minutter<\/strong> skal du udfylde <a href=\"https:\/\/uk-gb.net\/da\/online-formular-eta-visum-england\/\">ETA-formularen online<\/a>.<\/p>\n\n<h2 class=\"wp-block-heading\">Hvad er den britiske ETA-ans\u00f8gning?<\/h2>\n\n<p>Applikationen er oprettet af den britiske regering for at g\u00f8re det lettere at ans\u00f8ge om en ETA til at rejse ind i Storbritannien. Den henvender sig til <a href=\"https:\/\/uk-gb.net\/da\/lande-der-kan-ansoge-eta-uk\/\">rejsende, der er berettiget til visumfritagelse<\/a>, og som \u00f8nsker at opholde sig i Storbritannien i en kort periode. Applikationen er nem at bruge og 100 % mobil, og den gik i luften i 2024.  <\/p>\n\n<h2 class=\"wp-block-heading\">Hvordan fungerer den britiske ETA-ans\u00f8gning?<\/h2>\n\n<p>Applikationen kan downloades gratis fra Android- og iOS-butikkerne. Den giver dig mulighed for at indsende en anmodning om rejsetilladelse p\u00e5 f\u00e5 minutter. Rejsende skal :  <\/p>\n\n<ul class=\"wp-block-list\">\n<li>Indtast dine personlige oplysninger og pasoplysninger<\/li>\n\n\n\n<li>Besvar et kort sp\u00f8rgeskema om sikkerhed<\/li>\n\n\n\n<li>Sikker betaling af ETA-gebyrer<\/li>\n<\/ul>\n\n<div style=\"height:10px\" aria-hidden=\"true\" class=\"wp-block-spacer\"><\/div>\n\n<p>N\u00e5r ans\u00f8gningen er blevet valideret, <strong>udstedes ETA&#8217;en normalt inden for tre arbejdsdage<\/strong> og vedh\u00e6ftes elektronisk til den rejsendes pas. Der kr\u00e6ves ingen papirdokumenter. <\/p>\n\n<h2 class=\"wp-block-heading\">Hvad er fordelene ved den britiske ETA-ans\u00f8gning?<\/h2>\n\n<p>Den britiske ETA-ans\u00f8gning er hurtig, intuitiv og helt papirl\u00f8s. Man undg\u00e5r de tidskr\u00e6vende procedurer, der er forbundet med at f\u00e5 et <a href=\"https:\/\/uk-gb.net\/da\/storbritannien-turistvisum\/\">britisk visum til turistbes\u00f8g<\/a>.   <\/p>\n\n<p>Rejsende kan f\u00f8lge status for deres ans\u00f8gning i realtid, modtage meddelelser og f\u00f8re en digital journal over deres rejsetilladelse. Det reducerer ventetiden betydeligt og forenkler <a href=\"https:\/\/uk-gb.net\/da\/visum-forenede-kongerige\/\">formaliteterne ved indrejse i Storbritannien.<\/a> <\/p>\n\n<h2 class=\"wp-block-heading\">Er der online kundesupport?<\/h2>\n\n<p>Applikationen tilbyder online support for at hj\u00e6lpe brugerne i alle faser af processen. En integreret FAQ besvarer de hyppigst stillede sp\u00f8rgsm\u00e5l, og en chatbot er tilg\u00e6ngelig for at give \u00f8jeblikkelige svar i realtid. <\/p>\n\n<p>Disse funktioner g\u00f8r eTA-applikationen til et vigtigt v\u00e6rkt\u00f8j for rejsende, idet den forenkler ans\u00f8gningsprocessen og giver en sikker og effektiv brugeroplevelse. Det er meget enklere end at <a href=\"https:\/\/uk-gb.net\/da\/uk-visumansogningsprocedure\/\">ans\u00f8ge om et britisk visum<\/a>. <\/p>\n\n<h2 class=\"wp-block-heading\">UK eTA-app i Apple App Store<\/h2>\n\n<p>Dette er den officielle applikation fra de britiske myndigheder, som g\u00f8r det muligt for rejsende at ans\u00f8ge om eTA p\u00e5 deres mobil.<\/p>\n\n<figure class=\"wp-block-image size-full\"><img fetchpriority=\"high\" decoding=\"async\" width=\"486\" height=\"822\" src=\"https:\/\/uk-gb.net\/wp-content\/uploads\/2024\/05\/uk-esta-app.jpg\" alt=\"eTA UK iPhone-applikation\" class=\"wp-image-2351\" srcset=\"https:\/\/uk-gb.net\/wp-content\/uploads\/2024\/05\/uk-esta-app.jpg 486w, https:\/\/uk-gb.net\/wp-content\/uploads\/2024\/05\/uk-esta-app-177x300.jpg 177w\" sizes=\"(max-width: 486px) 100vw, 486px\" \/><figcaption class=\"wp-element-caption\">Billede af iPhone-applikationen i App Store til ans\u00f8gning om eTA UK<\/figcaption><\/figure>\n\n<p><\/p>\n","protected":false},"excerpt":{"rendered":"<p>ETA-ans\u00f8gning Storbritannien Storbritannien har lanceret en mobilapplikation til h\u00e5ndtering af eTA-anmodninger til Storbritannien. Denne digitale applikation tilbyder en praktisk og effektiv l\u00f8sning for rejsende fra lande, der er berettiget til en eTA til Storbritannien. For at f\u00e5 denne rejsetilladelse p\u00e5 f\u00e5 minutter skal du udfylde ETA-formularen online. Hvad er den britiske ETA-ans\u00f8gning? Applikationen er oprettet [&hellip;]<\/p>\n","protected":false},"author":1,"featured_media":0,"parent":0,"menu_order":0,"comment_status":"closed","ping_status":"closed","template":"","meta":{"footnotes":""},"class_list":["post-2509","page","type-page","status-publish","hentry"],"yoast_head":"<!-- This site is optimized with the Yoast SEO plugin v27.3 - https:\/\/yoast.com\/product\/yoast-seo-wordpress\/ -->\n<title>Officiel britisk ETA-ans\u00f8gning - UK GB<\/title>\n<meta name=\"description\" content=\"Oplev IPhone-applikationen, der giver dig mulighed for at administrere din eTA-ans\u00f8gning om at rejse til Storbritannien\" \/>\n<meta name=\"robots\" content=\"index, follow, max-snippet:-1, max-image-preview:large, max-video-preview:-1\" \/>\n<link rel=\"canonical\" href=\"https:\/\/uk-gb.net\/da\/ansogning-iphone-visum-eta-england\/\" \/>\n<meta property=\"og:locale\" content=\"da_DK\" \/>\n<meta property=\"og:type\" content=\"article\" \/>\n<meta property=\"og:title\" content=\"Officiel britisk ETA-ans\u00f8gning - UK GB\" \/>\n<meta property=\"og:description\" content=\"Oplev IPhone-applikationen, der giver dig mulighed for at administrere din eTA-ans\u00f8gning om at rejse til Storbritannien\" \/>\n<meta property=\"og:url\" content=\"https:\/\/uk-gb.net\/da\/ansogning-iphone-visum-eta-england\/\" \/>\n<meta property=\"og:site_name\" content=\"UK GB\" \/>\n<meta property=\"article:modified_time\" content=\"2025-11-13T16:12:08+00:00\" \/>\n<meta property=\"og:image\" content=\"https:\/\/uk-gb.net\/wp-content\/uploads\/2024\/05\/uk-esta-app.jpg\" \/>\n\t<meta property=\"og:image:width\" content=\"486\" \/>\n\t<meta property=\"og:image:height\" content=\"822\" \/>\n\t<meta property=\"og:image:type\" content=\"image\/jpeg\" \/>\n<meta name=\"twitter:card\" content=\"summary_large_image\" \/>\n<meta name=\"twitter:label1\" content=\"Estimeret l\u00e6setid\" \/>\n\t<meta name=\"twitter:data1\" content=\"2 minutter\" \/>\n<script type=\"application\/ld+json\" class=\"yoast-schema-graph\">{\"@context\":\"https:\\\/\\\/schema.org\",\"@graph\":[{\"@type\":\"WebPage\",\"@id\":\"https:\\\/\\\/uk-gb.net\\\/da\\\/ansogning-iphone-visum-eta-england\\\/\",\"url\":\"https:\\\/\\\/uk-gb.net\\\/da\\\/ansogning-iphone-visum-eta-england\\\/\",\"name\":\"Officiel britisk ETA-ans\u00f8gning - UK GB\",\"isPartOf\":{\"@id\":\"https:\\\/\\\/uk-gb.net\\\/da\\\/#website\"},\"primaryImageOfPage\":{\"@id\":\"https:\\\/\\\/uk-gb.net\\\/da\\\/ansogning-iphone-visum-eta-england\\\/#primaryimage\"},\"image\":{\"@id\":\"https:\\\/\\\/uk-gb.net\\\/da\\\/ansogning-iphone-visum-eta-england\\\/#primaryimage\"},\"thumbnailUrl\":\"https:\\\/\\\/uk-gb.net\\\/wp-content\\\/uploads\\\/2024\\\/05\\\/uk-esta-app.jpg\",\"datePublished\":\"2023-12-19T16:07:33+00:00\",\"dateModified\":\"2025-11-13T16:12:08+00:00\",\"description\":\"Oplev IPhone-applikationen, der giver dig mulighed for at administrere din eTA-ans\u00f8gning om at rejse til Storbritannien\",\"inLanguage\":\"da-DK\",\"potentialAction\":[{\"@type\":\"ReadAction\",\"target\":[\"https:\\\/\\\/uk-gb.net\\\/da\\\/ansogning-iphone-visum-eta-england\\\/\"]}]},{\"@type\":\"ImageObject\",\"inLanguage\":\"da-DK\",\"@id\":\"https:\\\/\\\/uk-gb.net\\\/da\\\/ansogning-iphone-visum-eta-england\\\/#primaryimage\",\"url\":\"https:\\\/\\\/uk-gb.net\\\/wp-content\\\/uploads\\\/2024\\\/05\\\/uk-esta-app.jpg\",\"contentUrl\":\"https:\\\/\\\/uk-gb.net\\\/wp-content\\\/uploads\\\/2024\\\/05\\\/uk-esta-app.jpg\"},{\"@type\":\"WebSite\",\"@id\":\"https:\\\/\\\/uk-gb.net\\\/da\\\/#website\",\"url\":\"https:\\\/\\\/uk-gb.net\\\/da\\\/\",\"name\":\"UK GB\",\"description\":\"Travel to the UK\",\"potentialAction\":[{\"@type\":\"SearchAction\",\"target\":{\"@type\":\"EntryPoint\",\"urlTemplate\":\"https:\\\/\\\/uk-gb.net\\\/da\\\/?s={search_term_string}\"},\"query-input\":{\"@type\":\"PropertyValueSpecification\",\"valueRequired\":true,\"valueName\":\"search_term_string\"}}],\"inLanguage\":\"da-DK\"}]}<\/script>\n<!-- \/ Yoast SEO plugin. -->","yoast_head_json":{"title":"Officiel britisk ETA-ans\u00f8gning - UK GB","description":"Oplev IPhone-applikationen, der giver dig mulighed for at administrere din eTA-ans\u00f8gning om at rejse til Storbritannien","robots":{"index":"index","follow":"follow","max-snippet":"max-snippet:-1","max-image-preview":"max-image-preview:large","max-video-preview":"max-video-preview:-1"},"canonical":"https:\/\/uk-gb.net\/da\/ansogning-iphone-visum-eta-england\/","og_locale":"da_DK","og_type":"article","og_title":"Officiel britisk ETA-ans\u00f8gning - UK GB","og_description":"Oplev IPhone-applikationen, der giver dig mulighed for at administrere din eTA-ans\u00f8gning om at rejse til Storbritannien","og_url":"https:\/\/uk-gb.net\/da\/ansogning-iphone-visum-eta-england\/","og_site_name":"UK GB","article_modified_time":"2025-11-13T16:12:08+00:00","og_image":[{"width":486,"height":822,"url":"https:\/\/uk-gb.net\/wp-content\/uploads\/2024\/05\/uk-esta-app.jpg","type":"image\/jpeg"}],"twitter_card":"summary_large_image","twitter_misc":{"Estimeret l\u00e6setid":"2 minutter"},"schema":{"@context":"https:\/\/schema.org","@graph":[{"@type":"WebPage","@id":"https:\/\/uk-gb.net\/da\/ansogning-iphone-visum-eta-england\/","url":"https:\/\/uk-gb.net\/da\/ansogning-iphone-visum-eta-england\/","name":"Officiel britisk ETA-ans\u00f8gning - UK GB","isPartOf":{"@id":"https:\/\/uk-gb.net\/da\/#website"},"primaryImageOfPage":{"@id":"https:\/\/uk-gb.net\/da\/ansogning-iphone-visum-eta-england\/#primaryimage"},"image":{"@id":"https:\/\/uk-gb.net\/da\/ansogning-iphone-visum-eta-england\/#primaryimage"},"thumbnailUrl":"https:\/\/uk-gb.net\/wp-content\/uploads\/2024\/05\/uk-esta-app.jpg","datePublished":"2023-12-19T16:07:33+00:00","dateModified":"2025-11-13T16:12:08+00:00","description":"Oplev IPhone-applikationen, der giver dig mulighed for at administrere din eTA-ans\u00f8gning om at rejse til Storbritannien","inLanguage":"da-DK","potentialAction":[{"@type":"ReadAction","target":["https:\/\/uk-gb.net\/da\/ansogning-iphone-visum-eta-england\/"]}]},{"@type":"ImageObject","inLanguage":"da-DK","@id":"https:\/\/uk-gb.net\/da\/ansogning-iphone-visum-eta-england\/#primaryimage","url":"https:\/\/uk-gb.net\/wp-content\/uploads\/2024\/05\/uk-esta-app.jpg","contentUrl":"https:\/\/uk-gb.net\/wp-content\/uploads\/2024\/05\/uk-esta-app.jpg"},{"@type":"WebSite","@id":"https:\/\/uk-gb.net\/da\/#website","url":"https:\/\/uk-gb.net\/da\/","name":"UK GB","description":"Travel to the UK","potentialAction":[{"@type":"SearchAction","target":{"@type":"EntryPoint","urlTemplate":"https:\/\/uk-gb.net\/da\/?s={search_term_string}"},"query-input":{"@type":"PropertyValueSpecification","valueRequired":true,"valueName":"search_term_string"}}],"inLanguage":"da-DK"}]}},"_links":{"self":[{"href":"https:\/\/uk-gb.net\/da\/wp-json\/wp\/v2\/pages\/2509","targetHints":{"allow":["GET"]}}],"collection":[{"href":"https:\/\/uk-gb.net\/da\/wp-json\/wp\/v2\/pages"}],"about":[{"href":"https:\/\/uk-gb.net\/da\/wp-json\/wp\/v2\/types\/page"}],"author":[{"embeddable":true,"href":"https:\/\/uk-gb.net\/da\/wp-json\/wp\/v2\/users\/1"}],"replies":[{"embeddable":true,"href":"https:\/\/uk-gb.net\/da\/wp-json\/wp\/v2\/comments?post=2509"}],"version-history":[{"count":0,"href":"https:\/\/uk-gb.net\/da\/wp-json\/wp\/v2\/pages\/2509\/revisions"}],"wp:attachment":[{"href":"https:\/\/uk-gb.net\/da\/wp-json\/wp\/v2\/media?parent=2509"}],"curies":[{"name":"wp","href":"https:\/\/api.w.org\/{rel}","templated":true}]}}