{"id":2507,"date":"2023-12-07T16:45:33","date_gmt":"2023-12-07T16:45:33","guid":{"rendered":"https:\/\/uk-gb.net\/ambassade-england-det-forenede-rige-i-danmark\/"},"modified":"2025-08-14T15:13:52","modified_gmt":"2025-08-14T14:13:52","slug":"ambassade-england-det-forenede-rige-i-danmark","status":"publish","type":"page","link":"https:\/\/uk-gb.net\/da\/ambassade-england-det-forenede-rige-i-danmark\/","title":{"rendered":"Storbritanniens ambassade i Danmark"},"content":{"rendered":"\n<h1 class=\"wp-block-heading\">Hvad er Storbritanniens ambassade?<\/h1>\n\n<p>Storbritanniens ambassader, som er til stede i de fleste lande, repr\u00e6senterer officielt britiske interesser i udlandet. Deres vigtigste opgave er at beskytte britiske statsborgere i udlandet, samtidig med at de fremmer Storbritanniens diplomatiske, \u00f8konomiske og kulturelle prioriteter. De yder ogs\u00e5 konsul\u00e6r st\u00f8tte til borgere, der rejser eller bor i udlandet.  <\/p>\n\n<p>Med hensyn til mobilitet spiller disse repr\u00e6sentationer en central rolle i behandlingen af <a href=\"https:\/\/uk-gb.net\/da\/uk-visumansogningsprocedure\/\">visumans\u00f8gninger<\/a> for folk, der \u00f8nsker at rejse til Storbritannien. Men siden 2024 beh\u00f8ver statsborgere fra visse lande, <a href=\"https:\/\/uk-gb.net\/da\/lande-der-kan-ansoge-eta-uk\/\">der er berettiget til Visa Waiver-programmet<\/a>, ikke l\u00e6ngere at ans\u00f8ge om et <a href=\"https:\/\/uk-gb.net\/da\/storbritannien-turistvisum\/\">turistvisum<\/a> til korte ophold. <\/p>\n\n<p><strong>Du kan f\u00e5 en<\/strong> <a href=\"https:\/\/uk-gb.net\/da\/eta-england-forenede-kongerige\/\">eTA til Storbritannien<\/a> online til et turistophold p\u00e5 mindre end 6 m\u00e5neder.<\/p>\n\n<div style=\"height:10px\" aria-hidden=\"true\" class=\"wp-block-spacer\"><\/div>\n\n<h2 class=\"wp-block-heading\">Hvor ligger den britiske ambassade?<\/h2>\n\n<p>Hvis du vil finde din n\u00e6rmeste britiske ambassade eller dit n\u00e6rmeste konsulat, kan du bes\u00f8ge <a href=\"https:\/\/www.gov.uk\/world\/embassies\">denne side<\/a>, som indeholder en liste over alle Storbritanniens diplomatiske repr\u00e6sentationer rundt om i verden.<\/p>\n\n<p><strong>Storbritanniens ambassade i Frankrig ligger p\u00e5 Kastelsvej 36, 40, 2100 K\u00f8benhavn. <\/strong><\/p>\n\n<h2 class=\"wp-block-heading\">Hvordan laver jeg en aftale p\u00e5 en britisk ambassade?<\/h2>\n\n<p>N\u00e5r man ans\u00f8ger om visum til Storbritannien, skal man som regel til et konsul\u00e6rt interview. For at booke denne aftale skal ans\u00f8gere bes\u00f8ge den officielle britiske regerings hjemmeside (gov.uk) og v\u00e6lge en <a href=\"https:\/\/uk-gb.net\/da\/visumudaevnelse-ambassade-england\/\">interviewdato p\u00e5 den relevante ambassade<\/a> eller visumans\u00f8gningscenter. <\/p>\n\n<p>N\u00e5r aftalen er bekr\u00e6ftet, kan man downloade en officiel invitation. Dette dokument skal printes ud og fremvises sammen med alle de bilag, der kr\u00e6ves til samtalen. <\/p>\n","protected":false},"excerpt":{"rendered":"<p>Hvad er Storbritanniens ambassade? Storbritanniens ambassader, som er til stede i de fleste lande, repr\u00e6senterer officielt britiske interesser i udlandet. Deres vigtigste opgave er at beskytte britiske statsborgere i udlandet, samtidig med at de fremmer Storbritanniens diplomatiske, \u00f8konomiske og kulturelle prioriteter. De yder ogs\u00e5 konsul\u00e6r st\u00f8tte til borgere, der rejser eller bor i udlandet. Med [&hellip;]<\/p>\n","protected":false},"author":1,"featured_media":0,"parent":0,"menu_order":0,"comment_status":"closed","ping_status":"closed","template":"","meta":{"footnotes":""},"class_list":["post-2507","page","type-page","status-publish","hentry"],"yoast_head":"<!-- This site is optimized with the Yoast SEO plugin v27.3 - https:\/\/yoast.com\/product\/yoast-seo-wordpress\/ -->\n<title>Storbritanniens ambassade i Danmark - UK GB<\/title>\n<meta name=\"description\" content=\"Kontakt den britiske ambassade eller det repr\u00e6sentative britiske konsulat i dit bop\u00e6lsland\" \/>\n<meta name=\"robots\" content=\"index, follow, max-snippet:-1, max-image-preview:large, max-video-preview:-1\" \/>\n<link rel=\"canonical\" href=\"https:\/\/uk-gb.net\/da\/ambassade-england-det-forenede-rige-i-danmark\/\" \/>\n<meta property=\"og:locale\" content=\"da_DK\" \/>\n<meta property=\"og:type\" content=\"article\" \/>\n<meta property=\"og:title\" content=\"Storbritanniens ambassade i Danmark - UK GB\" \/>\n<meta property=\"og:description\" content=\"Kontakt den britiske ambassade eller det repr\u00e6sentative britiske konsulat i dit bop\u00e6lsland\" \/>\n<meta property=\"og:url\" content=\"https:\/\/uk-gb.net\/da\/ambassade-england-det-forenede-rige-i-danmark\/\" \/>\n<meta property=\"og:site_name\" content=\"UK GB\" \/>\n<meta property=\"article:modified_time\" content=\"2025-08-14T14:13:52+00:00\" \/>\n<meta name=\"twitter:card\" content=\"summary_large_image\" \/>\n<meta name=\"twitter:label1\" content=\"Estimeret l\u00e6setid\" \/>\n\t<meta name=\"twitter:data1\" content=\"1 minut\" \/>\n<script type=\"application\/ld+json\" class=\"yoast-schema-graph\">{\"@context\":\"https:\\\/\\\/schema.org\",\"@graph\":[{\"@type\":\"WebPage\",\"@id\":\"https:\\\/\\\/uk-gb.net\\\/da\\\/ambassade-england-det-forenede-rige-i-danmark\\\/\",\"url\":\"https:\\\/\\\/uk-gb.net\\\/da\\\/ambassade-england-det-forenede-rige-i-danmark\\\/\",\"name\":\"Storbritanniens ambassade i Danmark - UK GB\",\"isPartOf\":{\"@id\":\"https:\\\/\\\/uk-gb.net\\\/da\\\/#website\"},\"datePublished\":\"2023-12-07T16:45:33+00:00\",\"dateModified\":\"2025-08-14T14:13:52+00:00\",\"description\":\"Kontakt den britiske ambassade eller det repr\u00e6sentative britiske konsulat i dit bop\u00e6lsland\",\"inLanguage\":\"da-DK\",\"potentialAction\":[{\"@type\":\"ReadAction\",\"target\":[\"https:\\\/\\\/uk-gb.net\\\/da\\\/ambassade-england-det-forenede-rige-i-danmark\\\/\"]}]},{\"@type\":\"WebSite\",\"@id\":\"https:\\\/\\\/uk-gb.net\\\/da\\\/#website\",\"url\":\"https:\\\/\\\/uk-gb.net\\\/da\\\/\",\"name\":\"UK GB\",\"description\":\"Travel to the UK\",\"potentialAction\":[{\"@type\":\"SearchAction\",\"target\":{\"@type\":\"EntryPoint\",\"urlTemplate\":\"https:\\\/\\\/uk-gb.net\\\/da\\\/?s={search_term_string}\"},\"query-input\":{\"@type\":\"PropertyValueSpecification\",\"valueRequired\":true,\"valueName\":\"search_term_string\"}}],\"inLanguage\":\"da-DK\"}]}<\/script>\n<!-- \/ Yoast SEO plugin. -->","yoast_head_json":{"title":"Storbritanniens ambassade i Danmark - UK GB","description":"Kontakt den britiske ambassade eller det repr\u00e6sentative britiske konsulat i dit bop\u00e6lsland","robots":{"index":"index","follow":"follow","max-snippet":"max-snippet:-1","max-image-preview":"max-image-preview:large","max-video-preview":"max-video-preview:-1"},"canonical":"https:\/\/uk-gb.net\/da\/ambassade-england-det-forenede-rige-i-danmark\/","og_locale":"da_DK","og_type":"article","og_title":"Storbritanniens ambassade i Danmark - UK GB","og_description":"Kontakt den britiske ambassade eller det repr\u00e6sentative britiske konsulat i dit bop\u00e6lsland","og_url":"https:\/\/uk-gb.net\/da\/ambassade-england-det-forenede-rige-i-danmark\/","og_site_name":"UK GB","article_modified_time":"2025-08-14T14:13:52+00:00","twitter_card":"summary_large_image","twitter_misc":{"Estimeret l\u00e6setid":"1 minut"},"schema":{"@context":"https:\/\/schema.org","@graph":[{"@type":"WebPage","@id":"https:\/\/uk-gb.net\/da\/ambassade-england-det-forenede-rige-i-danmark\/","url":"https:\/\/uk-gb.net\/da\/ambassade-england-det-forenede-rige-i-danmark\/","name":"Storbritanniens ambassade i Danmark - UK GB","isPartOf":{"@id":"https:\/\/uk-gb.net\/da\/#website"},"datePublished":"2023-12-07T16:45:33+00:00","dateModified":"2025-08-14T14:13:52+00:00","description":"Kontakt den britiske ambassade eller det repr\u00e6sentative britiske konsulat i dit bop\u00e6lsland","inLanguage":"da-DK","potentialAction":[{"@type":"ReadAction","target":["https:\/\/uk-gb.net\/da\/ambassade-england-det-forenede-rige-i-danmark\/"]}]},{"@type":"WebSite","@id":"https:\/\/uk-gb.net\/da\/#website","url":"https:\/\/uk-gb.net\/da\/","name":"UK GB","description":"Travel to the UK","potentialAction":[{"@type":"SearchAction","target":{"@type":"EntryPoint","urlTemplate":"https:\/\/uk-gb.net\/da\/?s={search_term_string}"},"query-input":{"@type":"PropertyValueSpecification","valueRequired":true,"valueName":"search_term_string"}}],"inLanguage":"da-DK"}]}},"_links":{"self":[{"href":"https:\/\/uk-gb.net\/da\/wp-json\/wp\/v2\/pages\/2507","targetHints":{"allow":["GET"]}}],"collection":[{"href":"https:\/\/uk-gb.net\/da\/wp-json\/wp\/v2\/pages"}],"about":[{"href":"https:\/\/uk-gb.net\/da\/wp-json\/wp\/v2\/types\/page"}],"author":[{"embeddable":true,"href":"https:\/\/uk-gb.net\/da\/wp-json\/wp\/v2\/users\/1"}],"replies":[{"embeddable":true,"href":"https:\/\/uk-gb.net\/da\/wp-json\/wp\/v2\/comments?post=2507"}],"version-history":[{"count":0,"href":"https:\/\/uk-gb.net\/da\/wp-json\/wp\/v2\/pages\/2507\/revisions"}],"wp:attachment":[{"href":"https:\/\/uk-gb.net\/da\/wp-json\/wp\/v2\/media?parent=2507"}],"curies":[{"name":"wp","href":"https:\/\/api.w.org\/{rel}","templated":true}]}}